{"id":14214,"date":"2026-02-11T17:33:33","date_gmt":"2026-02-11T16:33:33","guid":{"rendered":"https:\/\/topol.org.pl\/?page_id=14214"},"modified":"2026-02-11T17:37:43","modified_gmt":"2026-02-11T16:37:43","slug":"uratuj-bazylike-w-gietrzwaldzie","status":"publish","type":"page","link":"https:\/\/topol.org.pl\/?page_id=14214","title":{"rendered":"Uratuj Bazylik\u0119 w Gietrzwa\u0142dzie"},"content":{"rendered":"\n<p>11.02.2026 17.33 <a href=\"https:\/\/www.siepomaga.pl\/remont-bazyliki-gietrzwald\/wesprzyj?utm_source=google&amp;utm_medium=cpc&amp;utm_campaign=ytr_dtk_wpl_092467_va&amp;ts=ytr_dtk_wpl_092467_va&amp;gad_source=2&amp;gad_campaignid=23535738220&amp;gclid=Cj0KCQiA7rDMBhCjARIsAGDBuECIXqPXMcEq4VvQlmIfLxUCb6OBk3-32RvH14r7_Nf1qr_AwMeeKOoaAmiwEALw_wcB\">Uratuj Bazylik\u0119 w Gietrzwa\u0142dzie<\/a><\/p>\n\n\n\n<figure class=\"wp-block-gallery has-nested-images columns-default is-cropped wp-block-gallery-1 is-layout-flex wp-block-gallery-is-layout-flex\">\n<figure class=\"wp-block-image size-large\"><a href=\"https:\/\/www.siepomaga.pl\/remont-bazyliki-gietrzwald\/wesprzyj?utm_source=google&amp;utm_medium=cpc&amp;utm_campaign=ytr_dtk_wpl_092467_va&amp;ts=ytr_dtk_wpl_092467_va&amp;gad_source=2&amp;gad_campaignid=23535738220&amp;gclid=Cj0KCQiA7rDMBhCjARIsAGDBuECIXqPXMcEq4VvQlmIfLxUCb6OBk3-32RvH14r7_Nf1qr_AwMeeKOoaAmiwEALw_wcB\"><img loading=\"lazy\" decoding=\"async\" width=\"1024\" height=\"576\" data-id=\"14216\" src=\"https:\/\/topol.org.pl\/wp-content\/uploads\/2026\/02\/Uratuj-Bazylike-w-Gietrzwaldzie-1024x576.jpg\" alt=\"\" class=\"wp-image-14216\" srcset=\"https:\/\/topol.org.pl\/wp-content\/uploads\/2026\/02\/Uratuj-Bazylike-w-Gietrzwaldzie-1024x576.jpg 1024w, https:\/\/topol.org.pl\/wp-content\/uploads\/2026\/02\/Uratuj-Bazylike-w-Gietrzwaldzie-300x169.jpg 300w, https:\/\/topol.org.pl\/wp-content\/uploads\/2026\/02\/Uratuj-Bazylike-w-Gietrzwaldzie-768x432.jpg 768w, https:\/\/topol.org.pl\/wp-content\/uploads\/2026\/02\/Uratuj-Bazylike-w-Gietrzwaldzie.jpg 1199w\" sizes=\"auto, (max-width: 1024px) 100vw, 1024px\" \/><\/a><\/figure>\n<\/figure>\n\n\n\n<p><a href=\"https:\/\/sanktuariummaryjne.pl\/\">Sanktuarium&nbsp;Matki Bo\u017cej Gietrzwa\u0142dzkiej<\/a><\/p>\n\n\n\n<p>Verte &gt;<a href=\"https:\/\/topol.org.pl\/?page_id=6187\">Fundacja Narodowe Si\u0142y Samoobrony \u201eGrot\u201d<\/a><\/p>\n\n\n\n<p><\/p>\n","protected":false},"excerpt":{"rendered":"<p>11.02.2026 17.33 Uratuj Bazylik\u0119 w Gietrzwa\u0142dzie Sanktuarium&nbsp;Matki Bo\u017cej Gietrzwa\u0142dzkiej Verte &gt;Fundacja Narodowe Si\u0142y Samoobrony \u201eGrot\u201d<\/p>\n","protected":false},"author":1,"featured_media":0,"parent":155,"menu_order":2,"comment_status":"closed","ping_status":"closed","template":"","meta":{"footnotes":""},"class_list":["post-14214","page","type-page","status-publish","hentry"],"_links":{"self":[{"href":"https:\/\/topol.org.pl\/index.php?rest_route=\/wp\/v2\/pages\/14214","targetHints":{"allow":["GET"]}}],"collection":[{"href":"https:\/\/topol.org.pl\/index.php?rest_route=\/wp\/v2\/pages"}],"about":[{"href":"https:\/\/topol.org.pl\/index.php?rest_route=\/wp\/v2\/types\/page"}],"author":[{"embeddable":true,"href":"https:\/\/topol.org.pl\/index.php?rest_route=\/wp\/v2\/users\/1"}],"replies":[{"embeddable":true,"href":"https:\/\/topol.org.pl\/index.php?rest_route=%2Fwp%2Fv2%2Fcomments&post=14214"}],"version-history":[{"count":4,"href":"https:\/\/topol.org.pl\/index.php?rest_route=\/wp\/v2\/pages\/14214\/revisions"}],"predecessor-version":[{"id":14219,"href":"https:\/\/topol.org.pl\/index.php?rest_route=\/wp\/v2\/pages\/14214\/revisions\/14219"}],"up":[{"embeddable":true,"href":"https:\/\/topol.org.pl\/index.php?rest_route=\/wp\/v2\/pages\/155"}],"wp:attachment":[{"href":"https:\/\/topol.org.pl\/index.php?rest_route=%2Fwp%2Fv2%2Fmedia&parent=14214"}],"curies":[{"name":"wp","href":"https:\/\/api.w.org\/{rel}","templated":true}]}}