{"id":14222,"date":"2026-02-14T07:02:40","date_gmt":"2026-02-14T06:02:40","guid":{"rendered":"https:\/\/topol.org.pl\/?page_id=14222"},"modified":"2026-02-14T16:44:13","modified_gmt":"2026-02-14T15:44:13","slug":"bez-podpisu-zobowiazan-jako-obserwator-w-formie-doradczej","status":"publish","type":"page","link":"https:\/\/topol.org.pl\/?page_id=14222","title":{"rendered":"&#8222;bez podpisu zobowi\u0105za\u0144. Jako obserwator w formie doradczej&#8221;."},"content":{"rendered":"\n<p>14.02.2026 06.57 <strong>&#8222;bez podpisu zobowi\u0105za\u0144. Jako obserwator w formie doradczej&#8221;. Tak samo odno\u015bnie <a href=\"https:\/\/topol.org.pl\/?page_id=12348\">SAFE<\/a> &#8222;bez podpisu zobowi\u0105za\u0144. Jako obserwator w formie doradczej, mog\u0105 nam odda\u0107 uzbrojenie&#8230;&#8221;<\/strong><\/p>\n\n\n\n<p><a href=\"https:\/\/topol.org.pl\/?page_id=6187\">Fundacja: Narodowe Si\u0142y Samoobrony \u201eGrot\u201d<\/a><\/p>\n\n\n\n<p><\/p>\n","protected":false},"excerpt":{"rendered":"<p>14.02.2026 06.57 &#8222;bez podpisu zobowi\u0105za\u0144. Jako obserwator w formie doradczej&#8221;. Tak samo odno\u015bnie SAFE &#8222;bez podpisu zobowi\u0105za\u0144. Jako obserwator w formie doradczej, mog\u0105 nam odda\u0107 uzbrojenie&#8230;&#8221; Fundacja: Narodowe Si\u0142y Samoobrony \u201eGrot\u201d<\/p>\n","protected":false},"author":1,"featured_media":0,"parent":14178,"menu_order":0,"comment_status":"closed","ping_status":"closed","template":"","meta":{"footnotes":""},"class_list":["post-14222","page","type-page","status-publish","hentry"],"_links":{"self":[{"href":"https:\/\/topol.org.pl\/index.php?rest_route=\/wp\/v2\/pages\/14222","targetHints":{"allow":["GET"]}}],"collection":[{"href":"https:\/\/topol.org.pl\/index.php?rest_route=\/wp\/v2\/pages"}],"about":[{"href":"https:\/\/topol.org.pl\/index.php?rest_route=\/wp\/v2\/types\/page"}],"author":[{"embeddable":true,"href":"https:\/\/topol.org.pl\/index.php?rest_route=\/wp\/v2\/users\/1"}],"replies":[{"embeddable":true,"href":"https:\/\/topol.org.pl\/index.php?rest_route=%2Fwp%2Fv2%2Fcomments&post=14222"}],"version-history":[{"count":4,"href":"https:\/\/topol.org.pl\/index.php?rest_route=\/wp\/v2\/pages\/14222\/revisions"}],"predecessor-version":[{"id":14228,"href":"https:\/\/topol.org.pl\/index.php?rest_route=\/wp\/v2\/pages\/14222\/revisions\/14228"}],"up":[{"embeddable":true,"href":"https:\/\/topol.org.pl\/index.php?rest_route=\/wp\/v2\/pages\/14178"}],"wp:attachment":[{"href":"https:\/\/topol.org.pl\/index.php?rest_route=%2Fwp%2Fv2%2Fmedia&parent=14222"}],"curies":[{"name":"wp","href":"https:\/\/api.w.org\/{rel}","templated":true}]}}