{"id":14240,"date":"2026-02-19T10:33:38","date_gmt":"2026-02-19T09:33:38","guid":{"rendered":"https:\/\/topol.org.pl\/?page_id=14240"},"modified":"2026-02-24T09:17:09","modified_gmt":"2026-02-24T08:17:09","slug":"moj-scenariusz-do-filmu-zaczyna-sie-klatkowac","status":"publish","type":"page","link":"https:\/\/topol.org.pl\/?page_id=14240","title":{"rendered":"M\u00f3j scenariusz do filmu zaczyna si\u0119 klatkowa\u0107&#8230;"},"content":{"rendered":"\n<p>19.02.2026 10.01 <strong>Pami\u0119tacie lata 70 dwudziestego wieku. Mia\u0142em niespe\u0142na 9 lat. Pewnie nie pami\u0119tacie. Zacz\u0119\u0142y si\u0119 strajki. O co ludzie strajkowali, o podwy\u017cki na \u017cywno\u015b\u0107. Ja my\u015bl\u0119, \u017ce by\u0142o wszystko ustawione. Jakie\u015b si\u0142y chcia\u0142y przej\u0105\u0107 w\u0142adz\u0119. Nasta\u0142a epoka Edwarda Gierka. Zaci\u0105ga\u0142 kredyty, wszystkie \u015brodki inwestowa\u0142 w gospodark\u0119 i popraw\u0119 \u017cycia ludzi. Ze wzgl\u0119du na swoisty sabota\u017c wiele z tych \u015brodk\u00f3w zosta\u0142o zmarnowanych. W 1976 by\u0142y pierwsze strajki w Radomiu. Ludziom \u017cy\u0142o si\u0119 dobrze ale chcieli na zach\u00f3d. No i mamy zach\u00f3d, ale teraz dla odmiany na zachodzie jest coraz bardziej tak jak kiedy\u015b by\u0142o na wschodzie.<\/strong><\/p>\n\n\n\n<p>19.02.2026 17.53 <strong>Zaczynam si\u0119 <a href=\"https:\/\/www.google.com\/search?q=domy%C5%9Bla%C4%87&amp;oq=domy%C5%9Bla%C4%87&amp;gs_lcrp=EgZjaHJvbWUyBggAEEUYOdIBCTI4MTVqMGoxNagCCLACAQ&amp;sourceid=chrome&amp;ie=UTF-8\">domy\u015bla\u0107<\/a>, \u017ce<\/strong> <a href=\"https:\/\/www.rp.pl\/komentarze\/art43828331-zuzanna-dabrowska-bez-przeszlosci-i-bez-idei-czyli-rozlam-w-polsce-2050\">&#8222;Polacy wol\u0105 nowe centra handlowe ni\u017c polityczne&#8221;<\/a>. <strong>Dlatego nie popieram \u017cadnej partii politycznej ze starego uk\u0142adu z Matrix.<\/strong> (<a href=\"https:\/\/www.google.com\/search?q=Traktat+z+Maastricht&amp;oq=uk%C5%82ad+z+Mastricht&amp;gs_lcrp=EgZjaHJvbWUyBggAEEUYOdIBCjEyNTgxajBqMTWoAgiwAgE&amp;sourceid=chrome&amp;ie=UTF-8&amp;ved=2ahUKEwj6x5ab7OWSAxXjzgIHHaiAGMIQgK4QegYIAQgAEAM\">Traktat z Maastricht<\/a>)<strong>.<\/strong> <strong>Nie popieram \u017cadnej partii w obecnym Sejmie.<\/strong> <strong>Proponuj\u0119 \u017ceby rozwi\u0105za\u0107 Sejm i przeprowadzi\u0107 wybory jeszcze raz pod has\u0142em \u201ePolska\u2026 Moja Ojczyzna\u201d<\/strong>.<\/p>\n\n\n\n<p>Verte &gt;<a href=\"https:\/\/topol.org.pl\/?page_id=6187\">Fundacja Narodowe Si\u0142y Samoobrony \u201eGrot\u201d<\/a><\/p>\n\n\n\n<p><\/p>\n","protected":false},"excerpt":{"rendered":"<p>19.02.2026 10.01 Pami\u0119tacie lata 70 dwudziestego wieku. Mia\u0142em niespe\u0142na 9 lat. Pewnie nie pami\u0119tacie. Zacz\u0119\u0142y si\u0119 strajki. O co ludzie strajkowali, o podwy\u017cki na \u017cywno\u015b\u0107. Ja my\u015bl\u0119, \u017ce by\u0142o wszystko ustawione. Jakie\u015b si\u0142y chcia\u0142y przej\u0105\u0107 w\u0142adz\u0119. Nasta\u0142a epoka Edwarda Gierka. Zaci\u0105ga\u0142 kredyty, wszystkie \u015brodki inwestowa\u0142 w gospodark\u0119 i popraw\u0119 \u017cycia ludzi. Ze wzgl\u0119du na swoisty [&hellip;]<\/p>\n","protected":false},"author":1,"featured_media":0,"parent":13701,"menu_order":0,"comment_status":"closed","ping_status":"closed","template":"","meta":{"footnotes":""},"class_list":["post-14240","page","type-page","status-publish","hentry"],"_links":{"self":[{"href":"https:\/\/topol.org.pl\/index.php?rest_route=\/wp\/v2\/pages\/14240","targetHints":{"allow":["GET"]}}],"collection":[{"href":"https:\/\/topol.org.pl\/index.php?rest_route=\/wp\/v2\/pages"}],"about":[{"href":"https:\/\/topol.org.pl\/index.php?rest_route=\/wp\/v2\/types\/page"}],"author":[{"embeddable":true,"href":"https:\/\/topol.org.pl\/index.php?rest_route=\/wp\/v2\/users\/1"}],"replies":[{"embeddable":true,"href":"https:\/\/topol.org.pl\/index.php?rest_route=%2Fwp%2Fv2%2Fcomments&post=14240"}],"version-history":[{"count":11,"href":"https:\/\/topol.org.pl\/index.php?rest_route=\/wp\/v2\/pages\/14240\/revisions"}],"predecessor-version":[{"id":14259,"href":"https:\/\/topol.org.pl\/index.php?rest_route=\/wp\/v2\/pages\/14240\/revisions\/14259"}],"up":[{"embeddable":true,"href":"https:\/\/topol.org.pl\/index.php?rest_route=\/wp\/v2\/pages\/13701"}],"wp:attachment":[{"href":"https:\/\/topol.org.pl\/index.php?rest_route=%2Fwp%2Fv2%2Fmedia&parent=14240"}],"curies":[{"name":"wp","href":"https:\/\/api.w.org\/{rel}","templated":true}]}}