{"id":14256,"date":"2026-02-23T07:25:39","date_gmt":"2026-02-23T06:25:39","guid":{"rendered":"https:\/\/topol.org.pl\/?page_id=14256"},"modified":"2026-02-23T07:27:16","modified_gmt":"2026-02-23T06:27:16","slug":"mial-prawo-wprowadzac-karne-cla","status":"publish","type":"page","link":"https:\/\/topol.org.pl\/?page_id=14256","title":{"rendered":"&#8222;mia\u0142 prawo wprowadza\u0107 karne c\u0142a&#8221;"},"content":{"rendered":"\n<p>23.02.2026 07.05 &#8222;<a href=\"https:\/\/www.rp.pl\/komentarze\/art43847711-jedrzej-bielecki-donald-trump-nie-bedzie-krolem\">nie mia\u0142 prawa wprowadza\u0107 karnych ce\u0142<\/a>&#8221; \u0179r\u00f3d\u0142o: rp.pl<\/p>\n\n\n\n<p><strong>Moim zdaniem chroni w ten spos\u00f3b gospodark\u0119 ameryka\u0144sk\u0105. Dlatego mia\u0142 prawo wprowadzi\u0107 c\u0142a.<\/strong> <strong>Niepokoj\u0119 si\u0119 o dominacj\u0119 <a href=\"https:\/\/pl.wikipedia.org\/wiki\/Bitcoin\">Bitcoina<\/a> w finansach<\/strong> <strong>USA.<\/strong><\/p>\n\n\n\n<p>Verte ><a href=\"https:\/\/topol.org.pl\/?page_id=6187\">Fundacja Narodowe Si\u0142y Samoobrony \u201eGrot\u201d<\/a><\/p>\n\n\n\n<p><\/p>\n","protected":false},"excerpt":{"rendered":"<p>23.02.2026 07.05 &#8222;nie mia\u0142 prawa wprowadza\u0107 karnych ce\u0142&#8221; \u0179r\u00f3d\u0142o: rp.pl Moim zdaniem chroni w ten spos\u00f3b gospodark\u0119 ameryka\u0144sk\u0105. Dlatego mia\u0142 prawo wprowadzi\u0107 c\u0142a. Niepokoj\u0119 si\u0119 o dominacj\u0119 Bitcoina w finansach USA. Verte >Fundacja Narodowe Si\u0142y Samoobrony \u201eGrot\u201d<\/p>\n","protected":false},"author":1,"featured_media":0,"parent":4659,"menu_order":4,"comment_status":"closed","ping_status":"closed","template":"","meta":{"footnotes":""},"class_list":["post-14256","page","type-page","status-publish","hentry"],"_links":{"self":[{"href":"https:\/\/topol.org.pl\/index.php?rest_route=\/wp\/v2\/pages\/14256","targetHints":{"allow":["GET"]}}],"collection":[{"href":"https:\/\/topol.org.pl\/index.php?rest_route=\/wp\/v2\/pages"}],"about":[{"href":"https:\/\/topol.org.pl\/index.php?rest_route=\/wp\/v2\/types\/page"}],"author":[{"embeddable":true,"href":"https:\/\/topol.org.pl\/index.php?rest_route=\/wp\/v2\/users\/1"}],"replies":[{"embeddable":true,"href":"https:\/\/topol.org.pl\/index.php?rest_route=%2Fwp%2Fv2%2Fcomments&post=14256"}],"version-history":[{"count":1,"href":"https:\/\/topol.org.pl\/index.php?rest_route=\/wp\/v2\/pages\/14256\/revisions"}],"predecessor-version":[{"id":14257,"href":"https:\/\/topol.org.pl\/index.php?rest_route=\/wp\/v2\/pages\/14256\/revisions\/14257"}],"up":[{"embeddable":true,"href":"https:\/\/topol.org.pl\/index.php?rest_route=\/wp\/v2\/pages\/4659"}],"wp:attachment":[{"href":"https:\/\/topol.org.pl\/index.php?rest_route=%2Fwp%2Fv2%2Fmedia&parent=14256"}],"curies":[{"name":"wp","href":"https:\/\/api.w.org\/{rel}","templated":true}]}}