{"id":14262,"date":"2026-02-25T07:38:03","date_gmt":"2026-02-25T06:38:03","guid":{"rendered":"https:\/\/topol.org.pl\/?page_id=14262"},"modified":"2026-02-25T15:54:23","modified_gmt":"2026-02-25T14:54:23","slug":"safe-to-unijny-instrument-ktory-umozliwia-finansowanie-modernizacji-sil-zbrojnych-na-43-miliardy-euro-w-formie-dlugoterminowej-pozyczki","status":"publish","type":"page","link":"https:\/\/topol.org.pl\/?page_id=14262","title":{"rendered":"&#8222;SAFE to unijny instrument, kt\u00f3ry umo\u017cliwia finansowanie modernizacji si\u0142 zbrojnych na 43 miliardy euro w formie d\u0142ugoterminowej po\u017cyczki&#8221;."},"content":{"rendered":"\n<p>25.02.2026 07.38 &#8222;SAFE to unijny instrument, kt\u00f3ry umo\u017cliwia finansowanie modernizacji si\u0142 zbrojnych na 43 miliardy euro w formie d\u0142ugoterminowej po\u017cyczki&#8221;. <a href=\"https:\/\/www.rp.pl\/polityka\/art43851991-nowy-sondaz-dla-rzeczpospolitej-pokazuje-dylemat-prezydenta-karola-nawrockiego-ws-safe\">\u0179r\u00f3d\u0142o: rp.pl<\/a><\/p>\n\n\n\n<p><strong>Moim zdaniem nie powinni\u015bmy zaci\u0105ga\u0107 kredytu na uzbrojenie w Unii. Nie powinni\u015bmy oddawa\u0107 naszej armii pod dow\u00f3dztwo Niemc\u00f3w i Francuz\u00f3w. Od wiek\u00f3w tracimy przez nich niepodleg\u0142o\u015b\u0107 i ponosimy ogromne ofiary. To s\u0105 nasi Germanie. Jak damy im dowodzenie, p\u00f3jdziemy w pierwszej linii. Przecie\u017c ta po\u017cyczka zast\u0105pi fundusz przewidziany w bud\u017cecie na wojsko. Czyli nic nie przyb\u0119dzie, zostanie tylko przeksi\u0119gowane z po\u017cyczki na wojsko w stron\u0119 po\u017cyczki na SAFE. To manewr por\u00f3wnywalny z OFE. Drugi raz w ci\u0105gu kilkunastu lat. W ko\u0142o sami sprzedajni, przeciw naszej Ojczy\u017anie. Trzeba wypu\u015bci\u0107 obligacje dla Polak\u00f3w pod has\u0142em &#8222;Uzbrojeni po z\u0119by&#8221;. Proponuj\u0119 2 punkty procentowe wi\u0119cej przy obligacjach odnawialnych co rok. Wp\u0142ywy z obligacji pokryj\u0105 wydatki i jednocze\u015bnie przenios\u0105 deficyt ulokowany w po\u017cyczkach za granic\u0105 do NBP (oko\u0142o 700 miliard\u00f3w z\u0142). Czyli deficyt, kredyt zagraniczny przeniesiemy do NBP. Odsetki od obligacji trafi\u0105 na nasz rynek. I spowoduj\u0105 wzrost gospodarczy (to oko\u0142o 60 miliard\u00f3w z\u0142 pozostawionych maj\u0119tnym Polakom kupuj\u0105cym obligacje).<\/strong> <strong>Czysty biznes.<\/strong><\/p>\n\n\n\n<p>25.02.2026 12.12 <strong>Otwarta dyskusja, czyli publiczna o uzbrojeniu w bro\u0144 j\u0105drow\u0105 to nieporozumienie. Najwa\u017cniejsze uzbrojenie armii to samoloty F 35 200 szt, czo\u0142gi T 72, drony i Groty w terenie w zasobach WOT.<\/strong><\/p>\n\n\n\n<p><strong>Wystarczy 300000 armia + WOT ale ca\u0142kowicie dzia\u0142aj\u0105cy w miejscu zamieszkania nie zwi\u0105zany z frontem. Je\u015bli nie spe\u0142nimy tego warunku du\u017co ludzi zrezygnuje z Obrony Ojczyzny. Ja te\u017c zrezygnuj\u0119. Wtedy zamiast do Zaleszczyk b\u0119dziecie sami si\u0119 broni\u0107.<\/strong><\/p>\n\n\n\n<p><strong>Dlaczego to robi\u0119 ? Chc\u0119 \u017cy\u0107 spokojnie w swoim domu. I ka\u017cdemu tego \u017cycz\u0119.<\/strong><\/p>\n\n\n\n<p>Verte &gt;<a href=\"https:\/\/topol.org.pl\/?page_id=6187\">Fundacja Narodowe Si\u0142y Samoobrony \u201eGrot\u201d<\/a><\/p>\n\n\n\n<p><\/p>\n","protected":false},"excerpt":{"rendered":"<p>25.02.2026 07.38 &#8222;SAFE to unijny instrument, kt\u00f3ry umo\u017cliwia finansowanie modernizacji si\u0142 zbrojnych na 43 miliardy euro w formie d\u0142ugoterminowej po\u017cyczki&#8221;. \u0179r\u00f3d\u0142o: rp.pl Moim zdaniem nie powinni\u015bmy zaci\u0105ga\u0107 kredytu na uzbrojenie w Unii. Nie powinni\u015bmy oddawa\u0107 naszej armii pod dow\u00f3dztwo Niemc\u00f3w i Francuz\u00f3w. Od wiek\u00f3w tracimy przez nich niepodleg\u0142o\u015b\u0107 i ponosimy ogromne ofiary. To s\u0105 nasi [&hellip;]<\/p>\n","protected":false},"author":1,"featured_media":0,"parent":13836,"menu_order":0,"comment_status":"closed","ping_status":"closed","template":"","meta":{"footnotes":""},"class_list":["post-14262","page","type-page","status-publish","hentry"],"_links":{"self":[{"href":"https:\/\/topol.org.pl\/index.php?rest_route=\/wp\/v2\/pages\/14262","targetHints":{"allow":["GET"]}}],"collection":[{"href":"https:\/\/topol.org.pl\/index.php?rest_route=\/wp\/v2\/pages"}],"about":[{"href":"https:\/\/topol.org.pl\/index.php?rest_route=\/wp\/v2\/types\/page"}],"author":[{"embeddable":true,"href":"https:\/\/topol.org.pl\/index.php?rest_route=\/wp\/v2\/users\/1"}],"replies":[{"embeddable":true,"href":"https:\/\/topol.org.pl\/index.php?rest_route=%2Fwp%2Fv2%2Fcomments&post=14262"}],"version-history":[{"count":13,"href":"https:\/\/topol.org.pl\/index.php?rest_route=\/wp\/v2\/pages\/14262\/revisions"}],"predecessor-version":[{"id":14284,"href":"https:\/\/topol.org.pl\/index.php?rest_route=\/wp\/v2\/pages\/14262\/revisions\/14284"}],"up":[{"embeddable":true,"href":"https:\/\/topol.org.pl\/index.php?rest_route=\/wp\/v2\/pages\/13836"}],"wp:attachment":[{"href":"https:\/\/topol.org.pl\/index.php?rest_route=%2Fwp%2Fv2%2Fmedia&parent=14262"}],"curies":[{"name":"wp","href":"https:\/\/api.w.org\/{rel}","templated":true}]}}