{"id":14309,"date":"2026-02-27T18:32:21","date_gmt":"2026-02-27T17:32:21","guid":{"rendered":"https:\/\/topol.org.pl\/?page_id=14309"},"modified":"2026-02-27T18:33:34","modified_gmt":"2026-02-27T17:33:34","slug":"regermanizacja-polski-zachodniej","status":"publish","type":"page","link":"https:\/\/topol.org.pl\/?page_id=14309","title":{"rendered":"&#8222;regermanizacja Polski Zachodniej&#8221;"},"content":{"rendered":"\n<p>27.02.2026 18.29 <a href=\"https:\/\/www.youtube.com\/watch?v=cUd9tcHLB60\">&#8222;regermanizacja Polski Zachodniej&#8221;<\/a> \u0179r\u00f3d\u0142o: na argumenty<\/p>\n\n\n\n<p>Verte ><a href=\"https:\/\/topol.org.pl\/?page_id=6187\">Fundacja Narodowe Si\u0142y Samoobrony \u201eGrot\u201d<\/a><\/p>\n\n\n\n<p><\/p>\n","protected":false},"excerpt":{"rendered":"<p>27.02.2026 18.29 &#8222;regermanizacja Polski Zachodniej&#8221; \u0179r\u00f3d\u0142o: na argumenty Verte >Fundacja Narodowe Si\u0142y Samoobrony \u201eGrot\u201d<\/p>\n","protected":false},"author":1,"featured_media":0,"parent":13860,"menu_order":7,"comment_status":"closed","ping_status":"closed","template":"","meta":{"footnotes":""},"class_list":["post-14309","page","type-page","status-publish","hentry"],"_links":{"self":[{"href":"https:\/\/topol.org.pl\/index.php?rest_route=\/wp\/v2\/pages\/14309","targetHints":{"allow":["GET"]}}],"collection":[{"href":"https:\/\/topol.org.pl\/index.php?rest_route=\/wp\/v2\/pages"}],"about":[{"href":"https:\/\/topol.org.pl\/index.php?rest_route=\/wp\/v2\/types\/page"}],"author":[{"embeddable":true,"href":"https:\/\/topol.org.pl\/index.php?rest_route=\/wp\/v2\/users\/1"}],"replies":[{"embeddable":true,"href":"https:\/\/topol.org.pl\/index.php?rest_route=%2Fwp%2Fv2%2Fcomments&post=14309"}],"version-history":[{"count":1,"href":"https:\/\/topol.org.pl\/index.php?rest_route=\/wp\/v2\/pages\/14309\/revisions"}],"predecessor-version":[{"id":14310,"href":"https:\/\/topol.org.pl\/index.php?rest_route=\/wp\/v2\/pages\/14309\/revisions\/14310"}],"up":[{"embeddable":true,"href":"https:\/\/topol.org.pl\/index.php?rest_route=\/wp\/v2\/pages\/13860"}],"wp:attachment":[{"href":"https:\/\/topol.org.pl\/index.php?rest_route=%2Fwp%2Fv2%2Fmedia&parent=14309"}],"curies":[{"name":"wp","href":"https:\/\/api.w.org\/{rel}","templated":true}]}}