{"id":14311,"date":"2026-03-01T13:41:29","date_gmt":"2026-03-01T12:41:29","guid":{"rendered":"https:\/\/topol.org.pl\/?page_id=14311"},"modified":"2026-03-19T22:27:47","modified_gmt":"2026-03-19T21:27:47","slug":"wordpresswoocommerce","status":"publish","type":"page","link":"https:\/\/topol.org.pl\/?page_id=14311","title":{"rendered":"Sklep &#8222;Referendum&#8221;"},"content":{"rendered":"\n<p>1 marzec 2026 11.26 Pierwszy dzie\u0144 wiosny. Na \u015awiecie zawierucha, a u nas pok\u00f3j. \u201eOby tak dalej\u201d, zachowajmy zdrowy rozs\u0105dek. Musimy &#8222;Zachowa\u0107 rozum&#8221;.<\/p>\n\n\n\n<p><a href=\"http:\/\/referendum.topol.org.pl\/\">Sklep &#8222;Referendum&#8221;<\/a><\/p>\n\n\n\n<figure class=\"wp-block-image size-large\"><a href=\"https:\/\/referendum.topol.org.pl\/\"><img loading=\"lazy\" decoding=\"async\" width=\"1024\" height=\"475\" src=\"https:\/\/topol.org.pl\/wp-content\/uploads\/2026\/03\/Sklep-referendum-1-1024x475.jpg\" alt=\"\" class=\"wp-image-14493\" srcset=\"https:\/\/topol.org.pl\/wp-content\/uploads\/2026\/03\/Sklep-referendum-1-1024x475.jpg 1024w, https:\/\/topol.org.pl\/wp-content\/uploads\/2026\/03\/Sklep-referendum-1-300x139.jpg 300w, https:\/\/topol.org.pl\/wp-content\/uploads\/2026\/03\/Sklep-referendum-1-768x356.jpg 768w, https:\/\/topol.org.pl\/wp-content\/uploads\/2026\/03\/Sklep-referendum-1-1536x712.jpg 1536w, https:\/\/topol.org.pl\/wp-content\/uploads\/2026\/03\/Sklep-referendum-1.jpg 1702w\" sizes=\"auto, (max-width: 1024px) 100vw, 1024px\" \/><\/a><\/figure>\n\n\n\n<p>Verte &gt;<a href=\"https:\/\/topol.org.pl\/?page_id=6187\">Fundacja Narodowe Si\u0142y Samoobrony \u201eGrot\u201d<\/a><\/p>\n","protected":false},"excerpt":{"rendered":"<p>1 marzec 2026 11.26 Pierwszy dzie\u0144 wiosny. Na \u015awiecie zawierucha, a u nas pok\u00f3j. \u201eOby tak dalej\u201d, zachowajmy zdrowy rozs\u0105dek. Musimy &#8222;Zachowa\u0107 rozum&#8221;. Sklep &#8222;Referendum&#8221; Verte &gt;Fundacja Narodowe Si\u0142y Samoobrony \u201eGrot\u201d<\/p>\n","protected":false},"author":1,"featured_media":0,"parent":0,"menu_order":309,"comment_status":"closed","ping_status":"closed","template":"","meta":{"footnotes":""},"class_list":["post-14311","page","type-page","status-publish","hentry"],"_links":{"self":[{"href":"https:\/\/topol.org.pl\/index.php?rest_route=\/wp\/v2\/pages\/14311","targetHints":{"allow":["GET"]}}],"collection":[{"href":"https:\/\/topol.org.pl\/index.php?rest_route=\/wp\/v2\/pages"}],"about":[{"href":"https:\/\/topol.org.pl\/index.php?rest_route=\/wp\/v2\/types\/page"}],"author":[{"embeddable":true,"href":"https:\/\/topol.org.pl\/index.php?rest_route=\/wp\/v2\/users\/1"}],"replies":[{"embeddable":true,"href":"https:\/\/topol.org.pl\/index.php?rest_route=%2Fwp%2Fv2%2Fcomments&post=14311"}],"version-history":[{"count":22,"href":"https:\/\/topol.org.pl\/index.php?rest_route=\/wp\/v2\/pages\/14311\/revisions"}],"predecessor-version":[{"id":14494,"href":"https:\/\/topol.org.pl\/index.php?rest_route=\/wp\/v2\/pages\/14311\/revisions\/14494"}],"wp:attachment":[{"href":"https:\/\/topol.org.pl\/index.php?rest_route=%2Fwp%2Fv2%2Fmedia&parent=14311"}],"curies":[{"name":"wp","href":"https:\/\/api.w.org\/{rel}","templated":true}]}}