{"id":14323,"date":"2026-03-01T18:04:07","date_gmt":"2026-03-01T17:04:07","guid":{"rendered":"https:\/\/topol.org.pl\/?page_id=14323"},"modified":"2026-03-01T18:05:04","modified_gmt":"2026-03-01T17:05:04","slug":"dzien-pamieci-zolnierzy-wykletych","status":"publish","type":"page","link":"https:\/\/topol.org.pl\/?page_id=14323","title":{"rendered":"Dzie\u0144 Pami\u0119ci \u017bo\u0142nierzy Wykl\u0119tych"},"content":{"rendered":"\n<p><strong>Dzie\u0144 Pami\u0119ci \u017bo\u0142nierzy Wykl\u0119tych<\/strong><\/p>\n\n\n\n<p>\u0179r\u00f3d\u0142o:&nbsp;<a href=\"https:\/\/www.prezydent.pl\/aktualnosci\/wydarzenia\/obchody-narodowego-dnia-pamieci-zolnierzy-wykletych,115931\">prezydent.pl<\/a><\/p>\n\n\n\n<p><strong>W tym dniu zaznaczam, \u017ce ze wzgl\u0119du na uszanowanie walki o woln\u0105 Polsk\u0119. Trzeba pami\u0119ta\u0107, \u017ce mamy tak\u0105 Polsk\u0119 jak teraz. Jestem za takimi granicami naszego kraju jak teraz. Mamy granice jak za Boles\u0142awa Chrobrego. Czczenie bohater\u00f3w nie powinno podwa\u017ca\u0107 naszej pa\u0144stwowo\u015bci i granic. Poniewa\u017c nasi Germanie chc\u0105 nas zepchn\u0105\u0107 do granic z przed 2W\u015a.<\/strong>\u00a0<strong>Uwa\u017cajmy !!!<\/strong><\/p>\n\n\n\n<p>Verte ><a href=\"https:\/\/topol.org.pl\/?page_id=6187\">Fundacja Narodowe Si\u0142y Samoobrony \u201eGrot\u201d<\/a><\/p>\n\n\n\n<p><\/p>\n","protected":false},"excerpt":{"rendered":"<p>Dzie\u0144 Pami\u0119ci \u017bo\u0142nierzy Wykl\u0119tych \u0179r\u00f3d\u0142o:&nbsp;prezydent.pl W tym dniu zaznaczam, \u017ce ze wzgl\u0119du na uszanowanie walki o woln\u0105 Polsk\u0119. Trzeba pami\u0119ta\u0107, \u017ce mamy tak\u0105 Polsk\u0119 jak teraz. Jestem za takimi granicami naszego kraju jak teraz. Mamy granice jak za Boles\u0142awa Chrobrego. Czczenie bohater\u00f3w nie powinno podwa\u017ca\u0107 naszej pa\u0144stwowo\u015bci i granic. Poniewa\u017c nasi Germanie chc\u0105 nas zepchn\u0105\u0107 [&hellip;]<\/p>\n","protected":false},"author":1,"featured_media":0,"parent":13836,"menu_order":8,"comment_status":"closed","ping_status":"closed","template":"","meta":{"footnotes":""},"class_list":["post-14323","page","type-page","status-publish","hentry"],"_links":{"self":[{"href":"https:\/\/topol.org.pl\/index.php?rest_route=\/wp\/v2\/pages\/14323","targetHints":{"allow":["GET"]}}],"collection":[{"href":"https:\/\/topol.org.pl\/index.php?rest_route=\/wp\/v2\/pages"}],"about":[{"href":"https:\/\/topol.org.pl\/index.php?rest_route=\/wp\/v2\/types\/page"}],"author":[{"embeddable":true,"href":"https:\/\/topol.org.pl\/index.php?rest_route=\/wp\/v2\/users\/1"}],"replies":[{"embeddable":true,"href":"https:\/\/topol.org.pl\/index.php?rest_route=%2Fwp%2Fv2%2Fcomments&post=14323"}],"version-history":[{"count":1,"href":"https:\/\/topol.org.pl\/index.php?rest_route=\/wp\/v2\/pages\/14323\/revisions"}],"predecessor-version":[{"id":14325,"href":"https:\/\/topol.org.pl\/index.php?rest_route=\/wp\/v2\/pages\/14323\/revisions\/14325"}],"up":[{"embeddable":true,"href":"https:\/\/topol.org.pl\/index.php?rest_route=\/wp\/v2\/pages\/13836"}],"wp:attachment":[{"href":"https:\/\/topol.org.pl\/index.php?rest_route=%2Fwp%2Fv2%2Fmedia&parent=14323"}],"curies":[{"name":"wp","href":"https:\/\/api.w.org\/{rel}","templated":true}]}}