{"id":14337,"date":"2026-03-03T14:12:51","date_gmt":"2026-03-03T13:12:51","guid":{"rendered":"https:\/\/topol.org.pl\/?page_id=14337"},"modified":"2026-03-03T16:20:25","modified_gmt":"2026-03-03T15:20:25","slug":"bron-atomowa-dla-polski","status":"publish","type":"page","link":"https:\/\/topol.org.pl\/?page_id=14337","title":{"rendered":"Bro\u0144 atomowa dla Polski?"},"content":{"rendered":"\n<p>03.03.2026 14.12 <a href=\"https:\/\/www.rp.pl\/spoleczenstwo\/art43900651-bron-atomowa-dla-polski-polacy-zdecydowali-w-sondazu\">&#8222;Bro\u0144 atomowa dla Polski&#8221;<\/a>. <strong>To wojna j\u0105drowa na naszym terytorium z brakiem mo\u017cliwo\u015bci ucieczki na wsch\u00f3d<\/strong>. &#8222;<a href=\"https:\/\/www.rp.pl\/wojsko\/art43883951-jak-zaminujemy-granice-z-bialorusia-i-rosja\">Jak zaminujemy granic\u0119 z Bia\u0142orusi\u0105 i Rosj\u0105<\/a>&#8222;<\/p>\n\n\n\n<p>\u0179r\u00f3d\u0142o: rp.pl<\/p>\n\n\n\n<p>Verte &gt;<a href=\"https:\/\/topol.org.pl\/?page_id=6187\">Fundacja Narodowe Si\u0142y Samoobrony \u201eGrot\u201d<\/a><\/p>\n\n\n\n<p><\/p>\n","protected":false},"excerpt":{"rendered":"<p>03.03.2026 14.12 &#8222;Bro\u0144 atomowa dla Polski&#8221;. To wojna j\u0105drowa na naszym terytorium z brakiem mo\u017cliwo\u015bci ucieczki na wsch\u00f3d. &#8222;Jak zaminujemy granic\u0119 z Bia\u0142orusi\u0105 i Rosj\u0105&#8222; \u0179r\u00f3d\u0142o: rp.pl Verte &gt;Fundacja Narodowe Si\u0142y Samoobrony \u201eGrot\u201d<\/p>\n","protected":false},"author":1,"featured_media":0,"parent":13840,"menu_order":5,"comment_status":"closed","ping_status":"closed","template":"","meta":{"footnotes":""},"class_list":["post-14337","page","type-page","status-publish","hentry"],"_links":{"self":[{"href":"https:\/\/topol.org.pl\/index.php?rest_route=\/wp\/v2\/pages\/14337","targetHints":{"allow":["GET"]}}],"collection":[{"href":"https:\/\/topol.org.pl\/index.php?rest_route=\/wp\/v2\/pages"}],"about":[{"href":"https:\/\/topol.org.pl\/index.php?rest_route=\/wp\/v2\/types\/page"}],"author":[{"embeddable":true,"href":"https:\/\/topol.org.pl\/index.php?rest_route=\/wp\/v2\/users\/1"}],"replies":[{"embeddable":true,"href":"https:\/\/topol.org.pl\/index.php?rest_route=%2Fwp%2Fv2%2Fcomments&post=14337"}],"version-history":[{"count":3,"href":"https:\/\/topol.org.pl\/index.php?rest_route=\/wp\/v2\/pages\/14337\/revisions"}],"predecessor-version":[{"id":14340,"href":"https:\/\/topol.org.pl\/index.php?rest_route=\/wp\/v2\/pages\/14337\/revisions\/14340"}],"up":[{"embeddable":true,"href":"https:\/\/topol.org.pl\/index.php?rest_route=\/wp\/v2\/pages\/13840"}],"wp:attachment":[{"href":"https:\/\/topol.org.pl\/index.php?rest_route=%2Fwp%2Fv2%2Fmedia&parent=14337"}],"curies":[{"name":"wp","href":"https:\/\/api.w.org\/{rel}","templated":true}]}}