{"id":14374,"date":"2026-03-07T07:12:09","date_gmt":"2026-03-07T06:12:09","guid":{"rendered":"https:\/\/topol.org.pl\/?page_id=14374"},"modified":"2026-03-08T08:09:00","modified_gmt":"2026-03-08T07:09:00","slug":"najlepszy-film-to-taki-ktory-najdluzej-trzyma-w-napieciu","status":"publish","type":"page","link":"https:\/\/topol.org.pl\/?page_id=14374","title":{"rendered":"&#8222;Najlepszy film to taki, kt\u00f3ry najd\u0142u\u017cej trzyma w napi\u0119ciu&#8221;"},"content":{"rendered":"\n<p>&#8222;Najlepszy film to taki, kt\u00f3ry najd\u0142u\u017cej trzyma w napi\u0119ciu&#8221; \u0179r\u00f3d\u0142o: Wiadomo\u015bci<\/p>\n\n\n\n<p>07.03.2026 06.43 <strong>To prawda, tak samo z mi\u0142o\u015bci\u0105. Kobiety wybieraj\u0105&#8230; Polska to wszak kobieta, a ona wybra\u0142a do swojej obrony&#8230;<\/strong><\/p>\n\n\n\n<p><strong>Dzisiaj w rp.pl przeczyta\u0142em, \u017ce Polska nie by\u0142a imperialna, na YouTube ogl\u0105da\u0142em film reklamuj\u0105cy ksi\u0105\u017ck\u0119 opowiadaj\u0105c\u0105 o handlu S\u0142owianami, widzia\u0142em map\u0119 w Internecie gdzie Polska jest po\u0142\u0105czona z Ukrain\u0105, ogl\u0105da\u0142em nagranie, \u017ce jak w <a href=\"https:\/\/www.google.com\/search?q=%22Eter+%C5%9Bwietlny%22&amp;oq=%22Eter+%C5%9Bwietlny%22&amp;gs_lcrp=EgZjaHJvbWUyBggAEEUYOdIBCTIxMjNqMGoxNagCCLACAQ&amp;sourceid=chrome&amp;ie=UTF-8\">&#8222;Eterze \u015bwietlnym&#8221;<\/a> jest jaki\u015b pomys\u0142 to go wszyscy wy\u015bmiewaj\u0105&#8230;<\/strong><\/p>\n\n\n\n<p>07.03.2026 13.20 <strong>Tak wielu <a href=\"https:\/\/www.google.com\/search?q=nie+widzi&amp;oq=nie+widzi&amp;gs_lcrp=EgZjaHJvbWUyBggAEEUYOTIGCAEQRRhB0gEJMjg4NGowajE1qAIIsAIB&amp;sourceid=chrome&amp;ie=UTF-8\">nie widzi<\/a>, <a href=\"https:\/\/referendum.topol.org.pl\/\">nieliczni dostrzegaj\u0105 nadej\u015bcie wiosny<\/a>.<\/strong><\/p>\n\n\n\n<p><strong>My\u015bl\u0119, \u017ce mo\u017ce nas czeka\u0107 scenariusz jak z wojny Napoleo\u0144skiej. Polacy b\u0119d\u0105 stali przy swoich zaborcach. Polacy z zaboru rosyjskiego b\u0119d\u0105 si\u0119 bronili przed Polakami z zaboru pruskiego. Chyba, \u017ce kto\u015b to ogarnie i zjednoczy nar\u00f3d.<\/strong> <strong>Mo\u017ce te\u017c wirtualny zaborca wy\u015ble nas na Bliski Wsch\u00f3d w obronie&#8230;<\/strong><\/p>\n\n\n\n<p>08.03.2026 08.03 <a href=\"https:\/\/www.google.com\/search?q=Wszystkiego+najlepszego+z+okazji+Dnia+Kobiet&amp;oq=Wszystkiego+najlepszego+z+okazji+Dnia+Kobiet&amp;gs_lcrp=EgZjaHJvbWUyBggAEEUYOdIBCTI0MTNqMGoxNagCCLACAQ&amp;sourceid=chrome&amp;ie=UTF-8\">Wszystkiego najlepszego z okazji Dnia Kobiet !<\/a><\/p>\n\n\n\n<p>Verte &gt;<a href=\"https:\/\/topol.org.pl\/?page_id=6187\">Fundacja Narodowe Si\u0142y Samoobrony \u201eGrot\u201d<\/a><\/p>\n\n\n\n<p><\/p>\n","protected":false},"excerpt":{"rendered":"<p>&#8222;Najlepszy film to taki, kt\u00f3ry najd\u0142u\u017cej trzyma w napi\u0119ciu&#8221; \u0179r\u00f3d\u0142o: Wiadomo\u015bci 07.03.2026 06.43 To prawda, tak samo z mi\u0142o\u015bci\u0105. Kobiety wybieraj\u0105&#8230; Polska to wszak kobieta, a ona wybra\u0142a do swojej obrony&#8230; Dzisiaj w rp.pl przeczyta\u0142em, \u017ce Polska nie by\u0142a imperialna, na YouTube ogl\u0105da\u0142em film reklamuj\u0105cy ksi\u0105\u017ck\u0119 opowiadaj\u0105c\u0105 o handlu S\u0142owianami, widzia\u0142em map\u0119 w Internecie gdzie [&hellip;]<\/p>\n","protected":false},"author":1,"featured_media":0,"parent":13860,"menu_order":8,"comment_status":"closed","ping_status":"closed","template":"","meta":{"footnotes":""},"class_list":["post-14374","page","type-page","status-publish","hentry"],"_links":{"self":[{"href":"https:\/\/topol.org.pl\/index.php?rest_route=\/wp\/v2\/pages\/14374","targetHints":{"allow":["GET"]}}],"collection":[{"href":"https:\/\/topol.org.pl\/index.php?rest_route=\/wp\/v2\/pages"}],"about":[{"href":"https:\/\/topol.org.pl\/index.php?rest_route=\/wp\/v2\/types\/page"}],"author":[{"embeddable":true,"href":"https:\/\/topol.org.pl\/index.php?rest_route=\/wp\/v2\/users\/1"}],"replies":[{"embeddable":true,"href":"https:\/\/topol.org.pl\/index.php?rest_route=%2Fwp%2Fv2%2Fcomments&post=14374"}],"version-history":[{"count":7,"href":"https:\/\/topol.org.pl\/index.php?rest_route=\/wp\/v2\/pages\/14374\/revisions"}],"predecessor-version":[{"id":14387,"href":"https:\/\/topol.org.pl\/index.php?rest_route=\/wp\/v2\/pages\/14374\/revisions\/14387"}],"up":[{"embeddable":true,"href":"https:\/\/topol.org.pl\/index.php?rest_route=\/wp\/v2\/pages\/13860"}],"wp:attachment":[{"href":"https:\/\/topol.org.pl\/index.php?rest_route=%2Fwp%2Fv2%2Fmedia&parent=14374"}],"curies":[{"name":"wp","href":"https:\/\/api.w.org\/{rel}","templated":true}]}}