{"id":14379,"date":"2026-03-07T13:38:14","date_gmt":"2026-03-07T12:38:14","guid":{"rendered":"https:\/\/topol.org.pl\/?page_id=14379"},"modified":"2026-03-10T18:10:45","modified_gmt":"2026-03-10T17:10:45","slug":"eter-swietlny-lub-eter-luminiferowy-ang-luminiferous-aether-przeglad-od-ai","status":"publish","type":"page","link":"https:\/\/topol.org.pl\/?page_id=14379","title":{"rendered":"Eter \u015bwietlny\u00a0(lub eter luminiferowy, ang.\u00a0luminiferous aether) Przegl\u0105d od AI"},"content":{"rendered":"\n<p>Przegl\u0105d od AI<\/p>\n\n\n\n<p><strong>Eter \u015bwietlny<\/strong>&nbsp;(lub eter luminiferowy, ang.&nbsp;<em>luminiferous aether<\/em>) to historyczna, odrzucona przez wsp\u00f3\u0142czesn\u0105 nauk\u0119 koncepcja fizyczna z XIX wieku. Zak\u0142ada\u0142a ona istnienie niewidzialnego, przenikaj\u0105cego ca\u0142y wszech\u015bwiat o\u015brodka (substancji), kt\u00f3ry mia\u0142 umo\u017cliwia\u0107 rozchodzenie si\u0119 fal \u015bwietlnych i elektromagnetycznych w pr\u00f3\u017cni.&nbsp;<\/p>\n\n\n\n<p><img decoding=\"async\" src=\"blob:https:\/\/topol.org.pl\/e7744183-6ed6-436d-8826-94a24db2dc2b\" alt=\"Wikipedia\">Wikipedia&nbsp;+2<\/p>\n\n\n\n<p>Oto kluczowe informacje na temat eteru \u015bwietlnego:<\/p>\n\n\n\n<ul class=\"wp-block-list\">\n<li><strong>Cel koncepcji:<\/strong>&nbsp;W XIX wieku, gdy ustalono, \u017ce \u015bwiat\u0142o jest fal\u0105, fizycy uwa\u017cali, \u017ce \u2013 podobnie jak d\u017awi\u0119k potrzebuje powietrza \u2013 \u015bwiat\u0142o musi potrzebowa\u0107 medium, w kt\u00f3rym si\u0119 &#8222;porusza&#8221;.<\/li>\n\n\n\n<li><strong>W\u0142a\u015bciwo\u015bci:<\/strong>&nbsp;Eter mia\u0142 wype\u0142nia\u0107 ca\u0142\u0105 przestrze\u0144, by\u0107 niezwykle rzadki (subtelny), a jednocze\u015bnie sztywny, aby przenosi\u0107 bardzo szybkie wibracje \u015bwietlne.<\/li>\n\n\n\n<li><strong>Do\u015bwiadczenie Michelsona-Morleya (1887):<\/strong>&nbsp;To s\u0142ynny eksperyment, kt\u00f3ry mia\u0142 wykry\u0107 &#8222;wiatr eteru&#8221; (ruch Ziemi wzgl\u0119dem eteru). Wynik by\u0142 negatywny \u2013 nie zaobserwowano \u017cadnego ruchu wzgl\u0119dem eteru, co podwa\u017cy\u0142o jego istnienie.<\/li>\n\n\n\n<li><strong>Upadek teorii:<\/strong>&nbsp;Koncepcja eteru zosta\u0142a ostatecznie porzucona po og\u0142oszeniu przez Alberta Einsteina&nbsp;<strong>szczeg\u00f3lnej teorii wzgl\u0119dno\u015bci (1905)<\/strong>, kt\u00f3ra wykaza\u0142a, \u017ce \u015bwiat\u0142o nie potrzebuje \u017cadnego no\u015bnika, a pr\u0119dko\u015b\u0107 \u015bwiat\u0142a jest sta\u0142a.<\/li>\n<\/ul>\n\n\n\n<p>Verte ><a href=\"https:\/\/topol.org.pl\/?page_id=6187\">Fundacja Narodowe Si\u0142y Samoobrony \u201eGrot\u201d<\/a><\/p>\n","protected":false},"excerpt":{"rendered":"<p>Przegl\u0105d od AI Eter \u015bwietlny&nbsp;(lub eter luminiferowy, ang.&nbsp;luminiferous aether) to historyczna, odrzucona przez wsp\u00f3\u0142czesn\u0105 nauk\u0119 koncepcja fizyczna z XIX wieku. Zak\u0142ada\u0142a ona istnienie niewidzialnego, przenikaj\u0105cego ca\u0142y wszech\u015bwiat o\u015brodka (substancji), kt\u00f3ry mia\u0142 umo\u017cliwia\u0107 rozchodzenie si\u0119 fal \u015bwietlnych i elektromagnetycznych w pr\u00f3\u017cni.&nbsp; Wikipedia&nbsp;+2 Oto kluczowe informacje na temat eteru \u015bwietlnego: Verte >Fundacja Narodowe Si\u0142y Samoobrony \u201eGrot\u201d<\/p>\n","protected":false},"author":1,"featured_media":0,"parent":14374,"menu_order":1,"comment_status":"closed","ping_status":"closed","template":"","meta":{"footnotes":""},"class_list":["post-14379","page","type-page","status-publish","hentry"],"_links":{"self":[{"href":"https:\/\/topol.org.pl\/index.php?rest_route=\/wp\/v2\/pages\/14379","targetHints":{"allow":["GET"]}}],"collection":[{"href":"https:\/\/topol.org.pl\/index.php?rest_route=\/wp\/v2\/pages"}],"about":[{"href":"https:\/\/topol.org.pl\/index.php?rest_route=\/wp\/v2\/types\/page"}],"author":[{"embeddable":true,"href":"https:\/\/topol.org.pl\/index.php?rest_route=\/wp\/v2\/users\/1"}],"replies":[{"embeddable":true,"href":"https:\/\/topol.org.pl\/index.php?rest_route=%2Fwp%2Fv2%2Fcomments&post=14379"}],"version-history":[{"count":2,"href":"https:\/\/topol.org.pl\/index.php?rest_route=\/wp\/v2\/pages\/14379\/revisions"}],"predecessor-version":[{"id":14381,"href":"https:\/\/topol.org.pl\/index.php?rest_route=\/wp\/v2\/pages\/14379\/revisions\/14381"}],"up":[{"embeddable":true,"href":"https:\/\/topol.org.pl\/index.php?rest_route=\/wp\/v2\/pages\/14374"}],"wp:attachment":[{"href":"https:\/\/topol.org.pl\/index.php?rest_route=%2Fwp%2Fv2%2Fmedia&parent=14379"}],"curies":[{"name":"wp","href":"https:\/\/api.w.org\/{rel}","templated":true}]}}