{"id":14388,"date":"2026-03-09T10:29:13","date_gmt":"2026-03-09T09:29:13","guid":{"rendered":"https:\/\/topol.org.pl\/?page_id=14388"},"modified":"2026-03-09T15:49:17","modified_gmt":"2026-03-09T14:49:17","slug":"nie-mamy-zadnych-zobowiazan-sojuszniczych","status":"publish","type":"page","link":"https:\/\/topol.org.pl\/?page_id=14388","title":{"rendered":"Nie mamy \u017cadnych zobowi\u0105za\u0144 sojuszniczych."},"content":{"rendered":"\n<p>09.03.2026 10.24 <strong>Nie mamy \u017cadnych zobowi\u0105za\u0144 sojuszniczych odno\u015bnie sytuacji na Bliskim Wschodzie.<\/strong> <\/p>\n\n\n\n<p>Verte ><a href=\"https:\/\/topol.org.pl\/?page_id=6187\">Fundacja Narodowe Si\u0142y Samoobrony \u201eGrot\u201d<\/a><\/p>\n","protected":false},"excerpt":{"rendered":"<p>09.03.2026 10.24 Nie mamy \u017cadnych zobowi\u0105za\u0144 sojuszniczych odno\u015bnie sytuacji na Bliskim Wschodzie. Verte >Fundacja Narodowe Si\u0142y Samoobrony \u201eGrot\u201d<\/p>\n","protected":false},"author":1,"featured_media":0,"parent":14352,"menu_order":1,"comment_status":"closed","ping_status":"closed","template":"","meta":{"footnotes":""},"class_list":["post-14388","page","type-page","status-publish","hentry"],"_links":{"self":[{"href":"https:\/\/topol.org.pl\/index.php?rest_route=\/wp\/v2\/pages\/14388","targetHints":{"allow":["GET"]}}],"collection":[{"href":"https:\/\/topol.org.pl\/index.php?rest_route=\/wp\/v2\/pages"}],"about":[{"href":"https:\/\/topol.org.pl\/index.php?rest_route=\/wp\/v2\/types\/page"}],"author":[{"embeddable":true,"href":"https:\/\/topol.org.pl\/index.php?rest_route=\/wp\/v2\/users\/1"}],"replies":[{"embeddable":true,"href":"https:\/\/topol.org.pl\/index.php?rest_route=%2Fwp%2Fv2%2Fcomments&post=14388"}],"version-history":[{"count":1,"href":"https:\/\/topol.org.pl\/index.php?rest_route=\/wp\/v2\/pages\/14388\/revisions"}],"predecessor-version":[{"id":14389,"href":"https:\/\/topol.org.pl\/index.php?rest_route=\/wp\/v2\/pages\/14388\/revisions\/14389"}],"up":[{"embeddable":true,"href":"https:\/\/topol.org.pl\/index.php?rest_route=\/wp\/v2\/pages\/14352"}],"wp:attachment":[{"href":"https:\/\/topol.org.pl\/index.php?rest_route=%2Fwp%2Fv2%2Fmedia&parent=14388"}],"curies":[{"name":"wp","href":"https:\/\/api.w.org\/{rel}","templated":true}]}}