{"id":14394,"date":"2026-03-10T17:55:44","date_gmt":"2026-03-10T16:55:44","guid":{"rendered":"https:\/\/topol.org.pl\/?page_id=14394"},"modified":"2026-03-10T17:55:44","modified_gmt":"2026-03-10T16:55:44","slug":"zgodnie-z-artykulem-89-konstytucji-rp-safe-z-ue-mozliwy-jest-wylacznie-za-zgoda-prezydenta","status":"publish","type":"page","link":"https:\/\/topol.org.pl\/?page_id=14394","title":{"rendered":"Zgodnie z\u00a0artyku\u0142em 89 Konstytucji RP SAFE z\u00a0UE mo\u017cliwy jest wy\u0142\u0105cznie za\u00a0zgod\u0105 prezydenta."},"content":{"rendered":"\n<p>10.03.2026 17.52 &#8222;<a href=\"https:\/\/dorzeczy.pl\/opinie\/857620\/tusk-po-spotkaniu-z-prezydentem-mowi-o-safe-ue-bez-ustawy.html\">Zgodnie z\u00a0artyku\u0142em 89 Konstytucji RP SAFE z\u00a0UE mo\u017cliwy jest wy\u0142\u0105cznie za\u00a0zgod\u0105 prezydenta<\/a>&#8222;. \u0179r\u00f3d\u0142o:\u00a0DoRzeczy.pl\u00a0\/\u00a0Onet \/ 300 Polityka <\/p>\n\n\n\n<p>Verte ><a href=\"https:\/\/topol.org.pl\/?page_id=6187\">Fundacja Narodowe Si\u0142y Samoobrony \u201eGrot\u201d<\/a><\/p>\n","protected":false},"excerpt":{"rendered":"<p>10.03.2026 17.52 &#8222;Zgodnie z\u00a0artyku\u0142em 89 Konstytucji RP SAFE z\u00a0UE mo\u017cliwy jest wy\u0142\u0105cznie za\u00a0zgod\u0105 prezydenta&#8222;. \u0179r\u00f3d\u0142o:\u00a0DoRzeczy.pl\u00a0\/\u00a0Onet \/ 300 Polityka Verte >Fundacja Narodowe Si\u0142y Samoobrony \u201eGrot\u201d<\/p>\n","protected":false},"author":1,"featured_media":0,"parent":14262,"menu_order":0,"comment_status":"closed","ping_status":"closed","template":"","meta":{"footnotes":""},"class_list":["post-14394","page","type-page","status-publish","hentry"],"_links":{"self":[{"href":"https:\/\/topol.org.pl\/index.php?rest_route=\/wp\/v2\/pages\/14394","targetHints":{"allow":["GET"]}}],"collection":[{"href":"https:\/\/topol.org.pl\/index.php?rest_route=\/wp\/v2\/pages"}],"about":[{"href":"https:\/\/topol.org.pl\/index.php?rest_route=\/wp\/v2\/types\/page"}],"author":[{"embeddable":true,"href":"https:\/\/topol.org.pl\/index.php?rest_route=\/wp\/v2\/users\/1"}],"replies":[{"embeddable":true,"href":"https:\/\/topol.org.pl\/index.php?rest_route=%2Fwp%2Fv2%2Fcomments&post=14394"}],"version-history":[{"count":1,"href":"https:\/\/topol.org.pl\/index.php?rest_route=\/wp\/v2\/pages\/14394\/revisions"}],"predecessor-version":[{"id":14395,"href":"https:\/\/topol.org.pl\/index.php?rest_route=\/wp\/v2\/pages\/14394\/revisions\/14395"}],"up":[{"embeddable":true,"href":"https:\/\/topol.org.pl\/index.php?rest_route=\/wp\/v2\/pages\/14262"}],"wp:attachment":[{"href":"https:\/\/topol.org.pl\/index.php?rest_route=%2Fwp%2Fv2%2Fmedia&parent=14394"}],"curies":[{"name":"wp","href":"https:\/\/api.w.org\/{rel}","templated":true}]}}