{"id":14404,"date":"2026-03-11T06:35:52","date_gmt":"2026-03-11T05:35:52","guid":{"rendered":"https:\/\/topol.org.pl\/?page_id=14404"},"modified":"2026-03-11T09:59:09","modified_gmt":"2026-03-11T08:59:09","slug":"grafiki-pokazujace-w-uproszczony-sposob-zalety-propozycji-polski-safe-0-procent","status":"publish","type":"page","link":"https:\/\/topol.org.pl\/?page_id=14404","title":{"rendered":"&#8222;grafiki pokazuj\u0105ce w\u00a0uproszczony spos\u00f3b zalety propozycji polski Safe 0\u00a0procent&#8221;."},"content":{"rendered":"\n<p>11.03.2026 06.33 <a href=\"https:\/\/dorzeczy.pl\/opinie\/857719\/polski-safe-a-safe-unijny-pokazali-roznice-na-grafikach.html\">&#8222;grafiki pokazuj\u0105ce w&nbsp;uproszczony spos\u00f3b zalety propozycji polski Safe 0&nbsp;procent&#8221;.<\/a> \u0179r\u00f3d\u0142o:&nbsp;X&nbsp;\/&nbsp;DoRzeczy.pl<\/p>\n\n\n\n<p><strong>Safe &#8222;0&#8221;\u00a0proc. to<\/strong>\u00a0<strong>&#8222;oszcz\u0119dno\u015b\u0107 180 miliard\u00f3w z\u0142otych na\u00a0samych kosztach obs\u0142ugi&#8221;<\/strong>.<\/p>\n\n\n\n<p>Verte &gt;<a href=\"https:\/\/topol.org.pl\/?page_id=6187\">Fundacja Narodowe Si\u0142y Samoobrony \u201eGrot\u201d<\/a><\/p>\n\n\n\n<p><\/p>\n","protected":false},"excerpt":{"rendered":"<p>11.03.2026 06.33 &#8222;grafiki pokazuj\u0105ce w&nbsp;uproszczony spos\u00f3b zalety propozycji polski Safe 0&nbsp;procent&#8221;. \u0179r\u00f3d\u0142o:&nbsp;X&nbsp;\/&nbsp;DoRzeczy.pl Safe &#8222;0&#8221;\u00a0proc. to\u00a0&#8222;oszcz\u0119dno\u015b\u0107 180 miliard\u00f3w z\u0142otych na\u00a0samych kosztach obs\u0142ugi&#8221;. Verte &gt;Fundacja Narodowe Si\u0142y Samoobrony \u201eGrot\u201d<\/p>\n","protected":false},"author":1,"featured_media":0,"parent":14394,"menu_order":0,"comment_status":"closed","ping_status":"closed","template":"","meta":{"footnotes":""},"class_list":["post-14404","page","type-page","status-publish","hentry"],"_links":{"self":[{"href":"https:\/\/topol.org.pl\/index.php?rest_route=\/wp\/v2\/pages\/14404","targetHints":{"allow":["GET"]}}],"collection":[{"href":"https:\/\/topol.org.pl\/index.php?rest_route=\/wp\/v2\/pages"}],"about":[{"href":"https:\/\/topol.org.pl\/index.php?rest_route=\/wp\/v2\/types\/page"}],"author":[{"embeddable":true,"href":"https:\/\/topol.org.pl\/index.php?rest_route=\/wp\/v2\/users\/1"}],"replies":[{"embeddable":true,"href":"https:\/\/topol.org.pl\/index.php?rest_route=%2Fwp%2Fv2%2Fcomments&post=14404"}],"version-history":[{"count":3,"href":"https:\/\/topol.org.pl\/index.php?rest_route=\/wp\/v2\/pages\/14404\/revisions"}],"predecessor-version":[{"id":14408,"href":"https:\/\/topol.org.pl\/index.php?rest_route=\/wp\/v2\/pages\/14404\/revisions\/14408"}],"up":[{"embeddable":true,"href":"https:\/\/topol.org.pl\/index.php?rest_route=\/wp\/v2\/pages\/14394"}],"wp:attachment":[{"href":"https:\/\/topol.org.pl\/index.php?rest_route=%2Fwp%2Fv2%2Fmedia&parent=14404"}],"curies":[{"name":"wp","href":"https:\/\/api.w.org\/{rel}","templated":true}]}}