{"id":14409,"date":"2026-03-11T10:00:54","date_gmt":"2026-03-11T09:00:54","guid":{"rendered":"https:\/\/topol.org.pl\/?page_id=14409"},"modified":"2026-03-11T10:06:17","modified_gmt":"2026-03-11T09:06:17","slug":"safe-0-proc-to-oszczednosc-180-miliardow-zlotych-na-samych-kosztach-obslugi","status":"publish","type":"page","link":"https:\/\/topol.org.pl\/?page_id=14409","title":{"rendered":"Safe &#8222;0&#8221;\u00a0proc. to\u00a0&#8222;oszcz\u0119dno\u015b\u0107 180 miliard\u00f3w z\u0142otych na\u00a0samych kosztach obs\u0142ugi&#8221;."},"content":{"rendered":"\n<p>11.03.2026 09.59 <strong>Safe &#8222;0&#8221;\u00a0proc. to<\/strong>\u00a0<strong>&#8222;oszcz\u0119dno\u015b\u0107 180 miliard\u00f3w z\u0142otych na\u00a0samych kosztach obs\u0142ugi&#8221;<\/strong>. <a href=\"https:\/\/dorzeczy.pl\/opinie\/857719\/polski-safe-a-safe-unijny-pokazali-roznice-na-grafikach.html\">\u0179r\u00f3d\u0142o:\u00a0X\u00a0\/\u00a0DoRzeczy.pl<\/a><\/p>\n\n\n\n<p>Verte &gt;<a href=\"https:\/\/topol.org.pl\/?page_id=6187\">Fundacja Narodowe Si\u0142y Samoobrony \u201eGrot\u201d<\/a><\/p>\n\n\n\n<p><\/p>\n","protected":false},"excerpt":{"rendered":"<p>11.03.2026 09.59 Safe &#8222;0&#8221;\u00a0proc. to\u00a0&#8222;oszcz\u0119dno\u015b\u0107 180 miliard\u00f3w z\u0142otych na\u00a0samych kosztach obs\u0142ugi&#8221;. \u0179r\u00f3d\u0142o:\u00a0X\u00a0\/\u00a0DoRzeczy.pl Verte &gt;Fundacja Narodowe Si\u0142y Samoobrony \u201eGrot\u201d<\/p>\n","protected":false},"author":1,"featured_media":0,"parent":13840,"menu_order":6,"comment_status":"closed","ping_status":"closed","template":"","meta":{"footnotes":""},"class_list":["post-14409","page","type-page","status-publish","hentry"],"_links":{"self":[{"href":"https:\/\/topol.org.pl\/index.php?rest_route=\/wp\/v2\/pages\/14409","targetHints":{"allow":["GET"]}}],"collection":[{"href":"https:\/\/topol.org.pl\/index.php?rest_route=\/wp\/v2\/pages"}],"about":[{"href":"https:\/\/topol.org.pl\/index.php?rest_route=\/wp\/v2\/types\/page"}],"author":[{"embeddable":true,"href":"https:\/\/topol.org.pl\/index.php?rest_route=\/wp\/v2\/users\/1"}],"replies":[{"embeddable":true,"href":"https:\/\/topol.org.pl\/index.php?rest_route=%2Fwp%2Fv2%2Fcomments&post=14409"}],"version-history":[{"count":4,"href":"https:\/\/topol.org.pl\/index.php?rest_route=\/wp\/v2\/pages\/14409\/revisions"}],"predecessor-version":[{"id":14413,"href":"https:\/\/topol.org.pl\/index.php?rest_route=\/wp\/v2\/pages\/14409\/revisions\/14413"}],"up":[{"embeddable":true,"href":"https:\/\/topol.org.pl\/index.php?rest_route=\/wp\/v2\/pages\/13840"}],"wp:attachment":[{"href":"https:\/\/topol.org.pl\/index.php?rest_route=%2Fwp%2Fv2%2Fmedia&parent=14409"}],"curies":[{"name":"wp","href":"https:\/\/api.w.org\/{rel}","templated":true}]}}