{"id":14414,"date":"2026-03-11T13:11:04","date_gmt":"2026-03-11T12:11:04","guid":{"rendered":"https:\/\/topol.org.pl\/?page_id=14414"},"modified":"2026-03-11T13:11:04","modified_gmt":"2026-03-11T12:11:04","slug":"co-gdyby-spadla-na-warszawe","status":"publish","type":"page","link":"https:\/\/topol.org.pl\/?page_id=14414","title":{"rendered":"CO GDYBY SPAD\u0141A NA WARSZAW\u0118?"},"content":{"rendered":"\n<p>11.03.2026 13.08 <a href=\"https:\/\/www.youtube.com\/watch?v=IHldMuwR3Lk\">CO GDYBY SPAD\u0141A NA WARSZAW\u0118?<\/a> Zr\u00f3d\u0142o: Big Brain Trust<\/p>\n\n\n\n<p>Verte ><a href=\"https:\/\/topol.org.pl\/?page_id=6187\">Fundacja Narodowe Si\u0142y Samoobrony \u201eGrot\u201d<\/a><\/p>\n\n\n\n<p><\/p>\n","protected":false},"excerpt":{"rendered":"<p>11.03.2026 13.08 CO GDYBY SPAD\u0141A NA WARSZAW\u0118? Zr\u00f3d\u0142o: Big Brain Trust Verte >Fundacja Narodowe Si\u0142y Samoobrony \u201eGrot\u201d<\/p>\n","protected":false},"author":1,"featured_media":0,"parent":14392,"menu_order":0,"comment_status":"closed","ping_status":"closed","template":"","meta":{"footnotes":""},"class_list":["post-14414","page","type-page","status-publish","hentry"],"_links":{"self":[{"href":"https:\/\/topol.org.pl\/index.php?rest_route=\/wp\/v2\/pages\/14414","targetHints":{"allow":["GET"]}}],"collection":[{"href":"https:\/\/topol.org.pl\/index.php?rest_route=\/wp\/v2\/pages"}],"about":[{"href":"https:\/\/topol.org.pl\/index.php?rest_route=\/wp\/v2\/types\/page"}],"author":[{"embeddable":true,"href":"https:\/\/topol.org.pl\/index.php?rest_route=\/wp\/v2\/users\/1"}],"replies":[{"embeddable":true,"href":"https:\/\/topol.org.pl\/index.php?rest_route=%2Fwp%2Fv2%2Fcomments&post=14414"}],"version-history":[{"count":1,"href":"https:\/\/topol.org.pl\/index.php?rest_route=\/wp\/v2\/pages\/14414\/revisions"}],"predecessor-version":[{"id":14415,"href":"https:\/\/topol.org.pl\/index.php?rest_route=\/wp\/v2\/pages\/14414\/revisions\/14415"}],"up":[{"embeddable":true,"href":"https:\/\/topol.org.pl\/index.php?rest_route=\/wp\/v2\/pages\/14392"}],"wp:attachment":[{"href":"https:\/\/topol.org.pl\/index.php?rest_route=%2Fwp%2Fv2%2Fmedia&parent=14414"}],"curies":[{"name":"wp","href":"https:\/\/api.w.org\/{rel}","templated":true}]}}