{"id":14426,"date":"2026-03-12T20:59:48","date_gmt":"2026-03-12T19:59:48","guid":{"rendered":"https:\/\/topol.org.pl\/?page_id=14426"},"modified":"2026-03-12T21:16:18","modified_gmt":"2026-03-12T20:16:18","slug":"oredzie-prezydenta-rp","status":"publish","type":"page","link":"https:\/\/topol.org.pl\/?page_id=14426","title":{"rendered":"Or\u0119dzie Prezydenta RP"},"content":{"rendered":"\n<p>12.03.2026 20.56 <a href=\"https:\/\/www.prezydent.pl\/aktualnosci\/wypowiedzi-prezydenta-rp\/wystapienia\/oredzie-prezydenta-rp,116869\">Or\u0119dzie Prezydenta RP<\/a> \u0179r\u00f3d\u0142o: <a href=\"https:\/\/www.prezydent.pl\/\">prezydent.pl<\/a><\/p>\n\n\n\n<p>Verte ><a href=\"https:\/\/topol.org.pl\/?page_id=6187\">Fundacja Narodowe Si\u0142y Samoobrony \u201eGrot\u201d<\/a><\/p>\n\n\n\n<p><\/p>\n","protected":false},"excerpt":{"rendered":"<p>12.03.2026 20.56 Or\u0119dzie Prezydenta RP \u0179r\u00f3d\u0142o: prezydent.pl Verte >Fundacja Narodowe Si\u0142y Samoobrony \u201eGrot\u201d<\/p>\n","protected":false},"author":1,"featured_media":0,"parent":14404,"menu_order":0,"comment_status":"closed","ping_status":"closed","template":"","meta":{"footnotes":""},"class_list":["post-14426","page","type-page","status-publish","hentry"],"_links":{"self":[{"href":"https:\/\/topol.org.pl\/index.php?rest_route=\/wp\/v2\/pages\/14426","targetHints":{"allow":["GET"]}}],"collection":[{"href":"https:\/\/topol.org.pl\/index.php?rest_route=\/wp\/v2\/pages"}],"about":[{"href":"https:\/\/topol.org.pl\/index.php?rest_route=\/wp\/v2\/types\/page"}],"author":[{"embeddable":true,"href":"https:\/\/topol.org.pl\/index.php?rest_route=\/wp\/v2\/users\/1"}],"replies":[{"embeddable":true,"href":"https:\/\/topol.org.pl\/index.php?rest_route=%2Fwp%2Fv2%2Fcomments&post=14426"}],"version-history":[{"count":2,"href":"https:\/\/topol.org.pl\/index.php?rest_route=\/wp\/v2\/pages\/14426\/revisions"}],"predecessor-version":[{"id":14428,"href":"https:\/\/topol.org.pl\/index.php?rest_route=\/wp\/v2\/pages\/14426\/revisions\/14428"}],"up":[{"embeddable":true,"href":"https:\/\/topol.org.pl\/index.php?rest_route=\/wp\/v2\/pages\/14404"}],"wp:attachment":[{"href":"https:\/\/topol.org.pl\/index.php?rest_route=%2Fwp%2Fv2%2Fmedia&parent=14426"}],"curies":[{"name":"wp","href":"https:\/\/api.w.org\/{rel}","templated":true}]}}