{"id":14429,"date":"2026-03-12T21:20:33","date_gmt":"2026-03-12T20:20:33","guid":{"rendered":"https:\/\/topol.org.pl\/?page_id=14429"},"modified":"2026-03-12T22:19:33","modified_gmt":"2026-03-12T21:19:33","slug":"bron-jadrowa-prowokacje-rosji-wojna-z-iranem-zdrada-w-wojsku-safe-gen-bryg-rez-g-grodzki","status":"publish","type":"page","link":"https:\/\/topol.org.pl\/?page_id=14429","title":{"rendered":"Bro\u0144 J\u0105drowa, Prowokacje Rosji, Wojna z Iranem, Zdrada w Wojsku, SAFE! Gen. Bryg. Rez. G. Grodzki"},"content":{"rendered":"\n<p>12.03.2026 21.18 <a href=\"https:\/\/www.youtube.com\/watch?v=TqHGrDawZcs\">Bro\u0144 J\u0105drowa, Prowokacje Rosji, Wojna z Iranem, Zdrada w Wojsku, SAFE! Gen. Bryg. Rez. G. Grodzki<\/a> \u0179r\u00f3d\u0142o: Tomasz Piekielnik<\/p>\n\n\n\n<p><strong>Naprawd\u0119 liczy si\u0119, \u017ceby Polska nie by\u0142a duszona SEFE.<\/strong> <strong>Poniewa\u017c najwi\u0119kszym zagro\u017ceniem dla nas s\u0105 Niemcy, marz\u0105 o tym \u017ceby wepchn\u0105\u0107 nas do wojny z Rosj\u0105. Prezydent zawetowa\u0142 przyj\u0119cie tej ustawy.<\/strong><br>Verte ><a href=\"https:\/\/topol.org.pl\/?page_id=6187\">Fundacja Narodowe Si\u0142y Samoobrony \u201eGrot\u201d<\/a><br><br><br><\/p>\n\n\n\n<p><\/p>\n","protected":false},"excerpt":{"rendered":"<p>12.03.2026 21.18 Bro\u0144 J\u0105drowa, Prowokacje Rosji, Wojna z Iranem, Zdrada w Wojsku, SAFE! Gen. Bryg. Rez. G. Grodzki \u0179r\u00f3d\u0142o: Tomasz Piekielnik Naprawd\u0119 liczy si\u0119, \u017ceby Polska nie by\u0142a duszona SEFE. Poniewa\u017c najwi\u0119kszym zagro\u017ceniem dla nas s\u0105 Niemcy, marz\u0105 o tym \u017ceby wepchn\u0105\u0107 nas do wojny z Rosj\u0105. Prezydent zawetowa\u0142 przyj\u0119cie tej ustawy.Verte >Fundacja Narodowe Si\u0142y [&hellip;]<\/p>\n","protected":false},"author":1,"featured_media":0,"parent":13836,"menu_order":10,"comment_status":"closed","ping_status":"closed","template":"","meta":{"footnotes":""},"class_list":["post-14429","page","type-page","status-publish","hentry"],"_links":{"self":[{"href":"https:\/\/topol.org.pl\/index.php?rest_route=\/wp\/v2\/pages\/14429","targetHints":{"allow":["GET"]}}],"collection":[{"href":"https:\/\/topol.org.pl\/index.php?rest_route=\/wp\/v2\/pages"}],"about":[{"href":"https:\/\/topol.org.pl\/index.php?rest_route=\/wp\/v2\/types\/page"}],"author":[{"embeddable":true,"href":"https:\/\/topol.org.pl\/index.php?rest_route=\/wp\/v2\/users\/1"}],"replies":[{"embeddable":true,"href":"https:\/\/topol.org.pl\/index.php?rest_route=%2Fwp%2Fv2%2Fcomments&post=14429"}],"version-history":[{"count":6,"href":"https:\/\/topol.org.pl\/index.php?rest_route=\/wp\/v2\/pages\/14429\/revisions"}],"predecessor-version":[{"id":14435,"href":"https:\/\/topol.org.pl\/index.php?rest_route=\/wp\/v2\/pages\/14429\/revisions\/14435"}],"up":[{"embeddable":true,"href":"https:\/\/topol.org.pl\/index.php?rest_route=\/wp\/v2\/pages\/13836"}],"wp:attachment":[{"href":"https:\/\/topol.org.pl\/index.php?rest_route=%2Fwp%2Fv2%2Fmedia&parent=14429"}],"curies":[{"name":"wp","href":"https:\/\/api.w.org\/{rel}","templated":true}]}}