{"id":14436,"date":"2026-03-13T09:25:34","date_gmt":"2026-03-13T08:25:34","guid":{"rendered":"https:\/\/topol.org.pl\/?page_id=14436"},"modified":"2026-03-13T11:59:50","modified_gmt":"2026-03-13T10:59:50","slug":"epic-fury","status":"publish","type":"page","link":"https:\/\/topol.org.pl\/?page_id=14436","title":{"rendered":"&#8222;Epic Fury&#8221;"},"content":{"rendered":"\n<p>13.03.2026 09.09 <a href=\"https:\/\/dorzeczy.pl\/opinie\/858376\/atak-na-iran-trump-wyjasnia-skad-nazwa-epic-fury.html\">&#8222;Epic Fury&#8221;<\/a> \u0179r\u00f3d\u0142o:&nbsp;Independent.co.uk\/DoRzeczy.pl<\/p>\n\n\n\n<p><mark>(z ang.&nbsp;<em>epic<\/em>), oznaczaj\u0105cy co\u015b&nbsp;<strong>wspania\u0142ego, niezwyk\u0142ego, imponuj\u0105cego lub fantastycznego<\/strong><\/mark>. \u0179r\u00f3d\u0142o: <a href=\"https:\/\/www.google.com\/search?q=epicka&amp;oq=epicka&amp;gs_lcrp=EgZjaHJvbWUyBggAEEUYOdIBCTQ4NzdqMGoxNagCCLACAQ&amp;sourceid=chrome&amp;ie=UTF-8\">AI<\/a><\/p>\n\n\n\n<p><strong>Na pierwszy rzut oka, wygrali. Ale \u017ceby oceni\u0107 trzeba za\u0142o\u017cy\u0107 okulary.<\/strong> <strong>Te\u017c podoba mi si\u0119 to okre\u015blenie, zwyci\u0119zcy zawsze wygrywaj\u0105. Ale z Pokojowej Nagrody Nobla&#8230; nici. Zostaje pobudowa\u0107 tunel pod Cie\u015bnin\u0105 Beringa, dla efektu <a href=\"https:\/\/dorzeczy.pl\/opinie\/858376\/atak-na-iran-trump-wyjasnia-skad-nazwa-epic-fury.html\">&#8222;Epic Fury&#8221;<\/a><\/strong><\/p>\n\n\n\n<p>Verte &gt;<a href=\"https:\/\/topol.org.pl\/?page_id=6187\">Fundacja Narodowe Si\u0142y Samoobrony \u201eGrot\u201d<\/a><\/p>\n\n\n\n<p><\/p>\n","protected":false},"excerpt":{"rendered":"<p>13.03.2026 09.09 &#8222;Epic Fury&#8221; \u0179r\u00f3d\u0142o:&nbsp;Independent.co.uk\/DoRzeczy.pl (z ang.&nbsp;epic), oznaczaj\u0105cy co\u015b&nbsp;wspania\u0142ego, niezwyk\u0142ego, imponuj\u0105cego lub fantastycznego. \u0179r\u00f3d\u0142o: AI Na pierwszy rzut oka, wygrali. Ale \u017ceby oceni\u0107 trzeba za\u0142o\u017cy\u0107 okulary. Te\u017c podoba mi si\u0119 to okre\u015blenie, zwyci\u0119zcy zawsze wygrywaj\u0105. Ale z Pokojowej Nagrody Nobla&#8230; nici. Zostaje pobudowa\u0107 tunel pod Cie\u015bnin\u0105 Beringa, dla efektu &#8222;Epic Fury&#8221; Verte &gt;Fundacja Narodowe Si\u0142y [&hellip;]<\/p>\n","protected":false},"author":1,"featured_media":0,"parent":13860,"menu_order":10,"comment_status":"closed","ping_status":"closed","template":"","meta":{"footnotes":""},"class_list":["post-14436","page","type-page","status-publish","hentry"],"_links":{"self":[{"href":"https:\/\/topol.org.pl\/index.php?rest_route=\/wp\/v2\/pages\/14436","targetHints":{"allow":["GET"]}}],"collection":[{"href":"https:\/\/topol.org.pl\/index.php?rest_route=\/wp\/v2\/pages"}],"about":[{"href":"https:\/\/topol.org.pl\/index.php?rest_route=\/wp\/v2\/types\/page"}],"author":[{"embeddable":true,"href":"https:\/\/topol.org.pl\/index.php?rest_route=\/wp\/v2\/users\/1"}],"replies":[{"embeddable":true,"href":"https:\/\/topol.org.pl\/index.php?rest_route=%2Fwp%2Fv2%2Fcomments&post=14436"}],"version-history":[{"count":2,"href":"https:\/\/topol.org.pl\/index.php?rest_route=\/wp\/v2\/pages\/14436\/revisions"}],"predecessor-version":[{"id":14442,"href":"https:\/\/topol.org.pl\/index.php?rest_route=\/wp\/v2\/pages\/14436\/revisions\/14442"}],"up":[{"embeddable":true,"href":"https:\/\/topol.org.pl\/index.php?rest_route=\/wp\/v2\/pages\/13860"}],"wp:attachment":[{"href":"https:\/\/topol.org.pl\/index.php?rest_route=%2Fwp%2Fv2%2Fmedia&parent=14436"}],"curies":[{"name":"wp","href":"https:\/\/api.w.org\/{rel}","templated":true}]}}