{"id":14438,"date":"2026-03-13T10:51:59","date_gmt":"2026-03-13T09:51:59","guid":{"rendered":"https:\/\/topol.org.pl\/?page_id=14438"},"modified":"2026-03-13T10:53:45","modified_gmt":"2026-03-13T09:53:45","slug":"w-sprawie-ogloszenia-jednolitego-tekstu-ustawy-o-banku-gospodarstwa-krajowego","status":"publish","type":"page","link":"https:\/\/topol.org.pl\/?page_id=14438","title":{"rendered":"&#8222;w sprawie og\u0142oszenia jednolitego tekstu ustawy o Banku Gospodarstwa Krajowego&#8221;"},"content":{"rendered":"\n<p>13.03.2025 10.45 &#8222;<a href=\"https:\/\/isap.sejm.gov.pl\/isap.nsf\/DocDetails.xsp?id=WDU20260000195\">w sprawie og\u0142oszenia jednolitego tekstu ustawy o Banku Gospodarstwa Krajowego<\/a>&#8221; \u0179r\u00f3d\u0142o: <a href=\"https:\/\/isap.sejm.gov.pl\/isap.nsf\/DocDetails.xsp?id=WDU20260000195\">Sejm.gov.pl<\/a><\/p>\n\n\n\n<p><a href=\"https:\/\/www.google.com\/search?q=SPV+%E2%80%93+Special+Purpose+Vehicle&amp;oq=SPV+%E2%80%93+Special+Purpose+Vehicle&amp;gs_lcrp=EgZjaHJvbWUyBggAEEUYOTIGCAEQRRg80gEJMjM1N2owajE1qAIIsAIB&amp;sourceid=chrome&amp;ie=UTF-8\">Typowe przyk\u0142ady wykorzystania SPV<\/a><\/p>\n\n\n\n<p>&#8222;<a href=\"https:\/\/www.google.com\/search?q=w+art.+8.+2.+BGK+z%C5%82o%C5%BCy+wniosek+o+rejestracj%C4%99+SPV&amp;oq=w+art.+8.+2.+BGK+z%C5%82o%C5%BCy+wniosek+o+rejestracj%C4%99+SPV&amp;gs_lcrp=EgZjaHJvbWUyBggAEEUYOdIBCjIxNjYwajBqMTWoAgiwAgE&amp;sourceid=chrome&amp;ie=UTF-8\">w art. 8. 2. BGK z\u0142o\u017cy wniosek o rejestracj\u0119 SPV<\/a>&#8222;<\/p>\n\n\n\n<p>&#8222;<strong>Odpowiedzialno\u015b\u0107:<\/strong>\u00a0BGK nie odpowiada za ryzyka zwi\u0105zane z realizacj\u0105 zada\u0144 przez SPV i nie jest obowi\u0105zany do jej dokapitalizowania ze \u015brodk\u00f3w w\u0142asnych&#8221;.<\/p>\n\n\n\n<p><strong>Powinien si\u0119 tym zainteresowa\u0107&#8230;<\/strong><\/p>\n\n\n\n<p>Verte ><a href=\"https:\/\/topol.org.pl\/?page_id=6187\">Fundacja Narodowe Si\u0142y Samoobrony \u201eGrot\u201d<\/a><\/p>\n","protected":false},"excerpt":{"rendered":"<p>13.03.2025 10.45 &#8222;w sprawie og\u0142oszenia jednolitego tekstu ustawy o Banku Gospodarstwa Krajowego&#8221; \u0179r\u00f3d\u0142o: Sejm.gov.pl Typowe przyk\u0142ady wykorzystania SPV &#8222;w art. 8. 2. BGK z\u0142o\u017cy wniosek o rejestracj\u0119 SPV&#8222; &#8222;Odpowiedzialno\u015b\u0107:\u00a0BGK nie odpowiada za ryzyka zwi\u0105zane z realizacj\u0105 zada\u0144 przez SPV i nie jest obowi\u0105zany do jej dokapitalizowania ze \u015brodk\u00f3w w\u0142asnych&#8221;. Powinien si\u0119 tym zainteresowa\u0107&#8230; Verte >Fundacja [&hellip;]<\/p>\n","protected":false},"author":1,"featured_media":0,"parent":13840,"menu_order":0,"comment_status":"closed","ping_status":"closed","template":"","meta":{"footnotes":""},"class_list":["post-14438","page","type-page","status-publish","hentry"],"_links":{"self":[{"href":"https:\/\/topol.org.pl\/index.php?rest_route=\/wp\/v2\/pages\/14438","targetHints":{"allow":["GET"]}}],"collection":[{"href":"https:\/\/topol.org.pl\/index.php?rest_route=\/wp\/v2\/pages"}],"about":[{"href":"https:\/\/topol.org.pl\/index.php?rest_route=\/wp\/v2\/types\/page"}],"author":[{"embeddable":true,"href":"https:\/\/topol.org.pl\/index.php?rest_route=\/wp\/v2\/users\/1"}],"replies":[{"embeddable":true,"href":"https:\/\/topol.org.pl\/index.php?rest_route=%2Fwp%2Fv2%2Fcomments&post=14438"}],"version-history":[{"count":3,"href":"https:\/\/topol.org.pl\/index.php?rest_route=\/wp\/v2\/pages\/14438\/revisions"}],"predecessor-version":[{"id":14441,"href":"https:\/\/topol.org.pl\/index.php?rest_route=\/wp\/v2\/pages\/14438\/revisions\/14441"}],"up":[{"embeddable":true,"href":"https:\/\/topol.org.pl\/index.php?rest_route=\/wp\/v2\/pages\/13840"}],"wp:attachment":[{"href":"https:\/\/topol.org.pl\/index.php?rest_route=%2Fwp%2Fv2%2Fmedia&parent=14438"}],"curies":[{"name":"wp","href":"https:\/\/api.w.org\/{rel}","templated":true}]}}