{"id":14443,"date":"2026-03-15T17:51:20","date_gmt":"2026-03-15T16:51:20","guid":{"rendered":"https:\/\/topol.org.pl\/?page_id=14443"},"modified":"2026-03-16T10:12:26","modified_gmt":"2026-03-16T09:12:26","slug":"jak-zmienialy-sie-granice-warszawy","status":"publish","type":"page","link":"https:\/\/topol.org.pl\/?page_id=14443","title":{"rendered":"Jak zmienia\u0142y si\u0119 granice Warszawy?"},"content":{"rendered":"\n<p>11.03.2026 13.34&nbsp;<a href=\"https:\/\/www.youtube.com\/watch?v=Uo9N46IfipM\">Jak zmienia\u0142y si\u0119 granice Warszawy?<\/a>&nbsp;\u0179r\u00f3d\u0142o: Stolica Wspomnie\u0144<\/p>\n\n\n\n<p><strong>Przygotuj\u0119 materia\u0142 odno\u015bnie Pragi. Na pocz\u0105tek powiem, \u017ce na ulicy Br\u00f3dnowskiej na Pradze jest tablica m\u00f3wi\u0105ca o najstarszej osadzie s\u0142owia\u0144skiej, kt\u00f3ra mie\u015bci\u0142a si\u0119 w tym rejonie.<\/strong>&nbsp;<strong>Sam tam mieszka\u0142em, to znaczy nie w osadzie s\u0142owia\u0144skiej ale na ulicy Br\u00f3dnowskiej. Praga to kolebka Warszawy, jej najwa\u017cniejsze miejsce, poniewa\u017c z tego rejonu pochodzili ludzie tworz\u0105cy Polsk\u0119.<\/strong>&nbsp;<strong>Tak w og\u00f3le\u2026 to ja zawsze mieszka\u0142em w takich szczeg\u00f3lnych miejscach, dlatego tak bardzo mi zale\u017cy\u2026 \u017ceby Polska przetrwa\u0142a.<\/strong><\/p>\n\n\n\n<p>12.03.2026 17.55&nbsp;<strong>Napisz\u0119&nbsp;<a href=\"https:\/\/topol.org.pl\/?page_id=6704\">Moje Dzieje Polski<\/a>, wyja\u015bni\u0119 histori\u0119 Polski od pradziej\u00f3w, \u017ceby nie by\u0142o niejasno\u015bci. Dlaczego to robi\u0119 ? Obawiam si\u0119, \u017ce po tylu wydaniach \u201eHistoria\u201d zasta\u0142a tak zmieniona, \u017ce nie potwierdza si\u0119 w \u017ar\u00f3d\u0142ach najdawniejszych. Wydaje si\u0119, \u017ce ka\u017cdy historyk doda\u0142 swoje 3 grosze.<\/strong>&nbsp;<strong>Nie jestem \u201eHistorykiem\u201d dlatego b\u0119d\u0119 opiera\u0142 si\u0119 tylko na \u017ar\u00f3d\u0142ach i widocznych faktach.<\/strong>&nbsp;<strong>Historia najdawniejsza jest dla mnie najwa\u017cniejsza, z tego wzgl\u0119du, \u017ce nied\u0142ugo wszyscy zapomn\u0105 o Polakach.&nbsp;<\/strong><strong>Postanowi\u0142em po przeczytaniu artyku\u0142u w niepe\u0142nej ods\u0142onie<\/strong>&nbsp;\u201e<a href=\"https:\/\/www.rp.pl\/polityka\/art43946251-karol-madaj-chcemy-wprowadzac-w-krwioobieg-usa-opowiesc-o-historii-polski\">Chcemy wprowadza\u0107 w krwioobieg USA opowie\u015b\u0107 o historii Polski<\/a>\u201d \u0179r\u00f3d\u0142o: rp.pl<\/p>\n\n\n\n<p>Verte &gt;<a href=\"https:\/\/topol.org.pl\/?page_id=6187\">Fundacja Narodowe Si\u0142y Samoobrony \u201eGrot\u201d<\/a><\/p>\n\n\n\n<p><\/p>\n","protected":false},"excerpt":{"rendered":"<p>11.03.2026 13.34&nbsp;Jak zmienia\u0142y si\u0119 granice Warszawy?&nbsp;\u0179r\u00f3d\u0142o: Stolica Wspomnie\u0144 Przygotuj\u0119 materia\u0142 odno\u015bnie Pragi. Na pocz\u0105tek powiem, \u017ce na ulicy Br\u00f3dnowskiej na Pradze jest tablica m\u00f3wi\u0105ca o najstarszej osadzie s\u0142owia\u0144skiej, kt\u00f3ra mie\u015bci\u0142a si\u0119 w tym rejonie.&nbsp;Sam tam mieszka\u0142em, to znaczy nie w osadzie s\u0142owia\u0144skiej ale na ulicy Br\u00f3dnowskiej. Praga to kolebka Warszawy, jej najwa\u017cniejsze miejsce, poniewa\u017c z [&hellip;]<\/p>\n","protected":false},"author":1,"featured_media":0,"parent":6704,"menu_order":2,"comment_status":"closed","ping_status":"closed","template":"","meta":{"footnotes":""},"class_list":["post-14443","page","type-page","status-publish","hentry"],"_links":{"self":[{"href":"https:\/\/topol.org.pl\/index.php?rest_route=\/wp\/v2\/pages\/14443","targetHints":{"allow":["GET"]}}],"collection":[{"href":"https:\/\/topol.org.pl\/index.php?rest_route=\/wp\/v2\/pages"}],"about":[{"href":"https:\/\/topol.org.pl\/index.php?rest_route=\/wp\/v2\/types\/page"}],"author":[{"embeddable":true,"href":"https:\/\/topol.org.pl\/index.php?rest_route=\/wp\/v2\/users\/1"}],"replies":[{"embeddable":true,"href":"https:\/\/topol.org.pl\/index.php?rest_route=%2Fwp%2Fv2%2Fcomments&post=14443"}],"version-history":[{"count":1,"href":"https:\/\/topol.org.pl\/index.php?rest_route=\/wp\/v2\/pages\/14443\/revisions"}],"predecessor-version":[{"id":14444,"href":"https:\/\/topol.org.pl\/index.php?rest_route=\/wp\/v2\/pages\/14443\/revisions\/14444"}],"up":[{"embeddable":true,"href":"https:\/\/topol.org.pl\/index.php?rest_route=\/wp\/v2\/pages\/6704"}],"wp:attachment":[{"href":"https:\/\/topol.org.pl\/index.php?rest_route=%2Fwp%2Fv2%2Fmedia&parent=14443"}],"curies":[{"name":"wp","href":"https:\/\/api.w.org\/{rel}","templated":true}]}}