{"id":14445,"date":"2026-03-15T18:19:09","date_gmt":"2026-03-15T17:19:09","guid":{"rendered":"https:\/\/topol.org.pl\/?page_id=14445"},"modified":"2026-03-15T18:24:08","modified_gmt":"2026-03-15T17:24:08","slug":"precyzyjne-uderzenie-sil-specjalnych-neutralizujacych-kluczowe-instalacje-wroga","status":"publish","type":"page","link":"https:\/\/topol.org.pl\/?page_id=14445","title":{"rendered":"&#8222;precyzyjne uderzenie si\u0142 specjalnych neutralizuj\u0105cych kluczowe instalacje wroga&#8221;"},"content":{"rendered":"\n<p>15.03.2026 18.11 &#8222;precyzyjne uderzenie si\u0142 specjalnych neutralizuj\u0105cych kluczowe instalacje wroga&#8221; \u0179r\u00f3d\u0142o: <a href=\"https:\/\/www.rp.pl\/wojsko\/art43950691-gen-michal-strzelecki-musimy-byc-gotowi-na-godzine-w\">rp.pl<\/a><\/p>\n\n\n\n<p><strong>W godzinie &#8222;W&#8221; je\u015bli b\u0119dziemy uczestniczyli w<\/strong> &#8222;<a href=\"https:\/\/pl.wikipedia.org\/wiki\/Udost%C4%99pnianie_broni_j%C4%85drowej_w_ramach_NATO\"><strong>Udost\u0119pnianiu broni j\u0105drowej w ramach NATO<\/strong>\u00a0lub\u00a0<strong>Porozumieniu o wsp\u00f3\u0142dzieleniu taktycznej broni nuklearnej<\/strong>\u00a0(ang.\u00a0<em>Nuclear Sharing<\/em>\u00a0lub\u00a0<em>NATO Nuclear Sharing<\/em>)<\/a>&#8221; <strong>zostaniemy przeznaczeni na straty. Nasz kraj zostanie zr\u00f3wnany z ziemi\u0105 od granicy wschodniej do Wis\u0142y.<\/strong><\/p>\n\n\n\n<p>&#8222;<a href=\"https:\/\/www.youtube.com\/watch?v=TJwkz5qjXpc\">Nuklearny Parasol czy Nuklearna Pu\u0142apka? Co Czeka Polsk\u0119<\/a>&#8221; \u0179r\u00f3d\u0142o: Tomasz Piekielnik<br><\/p>\n\n\n\n<p>Verte ><a href=\"https:\/\/topol.org.pl\/?page_id=6187\">Fundacja Narodowe Si\u0142y Samoobrony \u201eGrot\u201d<\/a><\/p>\n\n\n\n<p><\/p>\n","protected":false},"excerpt":{"rendered":"<p>15.03.2026 18.11 &#8222;precyzyjne uderzenie si\u0142 specjalnych neutralizuj\u0105cych kluczowe instalacje wroga&#8221; \u0179r\u00f3d\u0142o: rp.pl W godzinie &#8222;W&#8221; je\u015bli b\u0119dziemy uczestniczyli w &#8222;Udost\u0119pnianiu broni j\u0105drowej w ramach NATO\u00a0lub\u00a0Porozumieniu o wsp\u00f3\u0142dzieleniu taktycznej broni nuklearnej\u00a0(ang.\u00a0Nuclear Sharing\u00a0lub\u00a0NATO Nuclear Sharing)&#8221; zostaniemy przeznaczeni na straty. Nasz kraj zostanie zr\u00f3wnany z ziemi\u0105 od granicy wschodniej do Wis\u0142y. &#8222;Nuklearny Parasol czy Nuklearna Pu\u0142apka? Co Czeka [&hellip;]<\/p>\n","protected":false},"author":1,"featured_media":0,"parent":13840,"menu_order":8,"comment_status":"closed","ping_status":"closed","template":"","meta":{"footnotes":""},"class_list":["post-14445","page","type-page","status-publish","hentry"],"_links":{"self":[{"href":"https:\/\/topol.org.pl\/index.php?rest_route=\/wp\/v2\/pages\/14445","targetHints":{"allow":["GET"]}}],"collection":[{"href":"https:\/\/topol.org.pl\/index.php?rest_route=\/wp\/v2\/pages"}],"about":[{"href":"https:\/\/topol.org.pl\/index.php?rest_route=\/wp\/v2\/types\/page"}],"author":[{"embeddable":true,"href":"https:\/\/topol.org.pl\/index.php?rest_route=\/wp\/v2\/users\/1"}],"replies":[{"embeddable":true,"href":"https:\/\/topol.org.pl\/index.php?rest_route=%2Fwp%2Fv2%2Fcomments&post=14445"}],"version-history":[{"count":3,"href":"https:\/\/topol.org.pl\/index.php?rest_route=\/wp\/v2\/pages\/14445\/revisions"}],"predecessor-version":[{"id":14448,"href":"https:\/\/topol.org.pl\/index.php?rest_route=\/wp\/v2\/pages\/14445\/revisions\/14448"}],"up":[{"embeddable":true,"href":"https:\/\/topol.org.pl\/index.php?rest_route=\/wp\/v2\/pages\/13840"}],"wp:attachment":[{"href":"https:\/\/topol.org.pl\/index.php?rest_route=%2Fwp%2Fv2%2Fmedia&parent=14445"}],"curies":[{"name":"wp","href":"https:\/\/api.w.org\/{rel}","templated":true}]}}