{"id":14454,"date":"2026-03-18T19:09:41","date_gmt":"2026-03-18T18:09:41","guid":{"rendered":"https:\/\/topol.org.pl\/?page_id=14454"},"modified":"2026-03-21T06:41:14","modified_gmt":"2026-03-21T05:41:14","slug":"sfinansowanie-polsce-pozyczki-safe-w-ramach-reparacji","status":"publish","type":"page","link":"https:\/\/topol.org.pl\/?page_id=14454","title":{"rendered":"&#8222;sfinansowanie Polsce po\u017cyczki SAFE w ramach reparacji&#8221;"},"content":{"rendered":"\n<p>18.03.2026 19.03 <a href=\"https:\/\/www.rp.pl\/opinie-polityczno-spoleczne\/art43973041-prof-andrzej-nowak-dla-rzeczpospolitej-niech-niemcy-zaplaca-za-polski-safe-w-ramach-reparacji\">&#8222;sfinansowanie Polsce po\u017cyczki SAFE w ramach reparacji&#8221;<\/a> \u0179r\u00f3d\u0142o&#8221; rp.pl<\/p>\n\n\n\n<p><strong>To niedorzeczne. Zniszczenia wojenne przypiecz\u0119tujemy umow\u0105 z oprawcami, na zbrojenie z ich zak\u0142ad\u00f3w, \u017ceby wywo\u0142a\u0107 wojn\u0119 na naszym terytorium i odda\u0107 Niemcom.<\/strong><\/p>\n\n\n\n<p>19.03.2026 11:58 <strong>Jest dyskusja czy <a href=\"https:\/\/www.youtube.com\/watch?v=sQDQbW8VE00\">NATO jest potrzebne<\/a>. Moim zdaniem jest niezb\u0119dne, \u017ceby nas chroni\u0107 przed po\u0142\u0105czeniem UE z Rosj\u0105 i Chinami. Do czego wszyscy zmierzaj\u0105 forsuj\u0105c SAFE i wsp\u00f3lne wojsko w ramach UE oraz federalizacj\u0119 Europy. Chcia\u0142em zaznaczy\u0107, \u017ce <a href=\"https:\/\/www.youtube.com\/results?search_query=Leszek+%C5%9Alazyk\">w Chinach<\/a> d\u0105\u017c\u0105 do jednego j\u0119zyka zamiast 51 dialekt\u00f3w lokalnych. Ciekaw jestem jaki j\u0119zyk zamierzaj\u0105 wprowadzi\u0107 w UE. Mo\u017ce jednak poprosi\u0107 Amerykan\u00f3w o ochron\u0119 naszej granicy zachodniej i wys\u0142a\u0107 nasze wojsko do Iranu. Generalicja a\u017c przebiera n\u00f3\u017ckami , \u017ceby walczy\u0107 w wojsku zjednoczonej Eurazji. Pokrzy\u017cujemy &#8230;, nie chc\u0119 pa\u0144stwa UE.<\/strong> <strong>Szykuj\u0105 totalitaryzm, niepor\u00f3wnywalny z komunizmem.<\/strong> <strong>Ogl\u0105da\u0142em film z Chin. Zastanawia mnie, \u017ce autor filmu twierdzi\u0142, \u017ce metropolia liczy 100000000 ludzi. Szed\u0142 wzd\u0142u\u017c rzeki, w ko\u0142o same bloki&#8230; setka milion\u00f3w ludzi. Mija\u0142 po drodze kilkoro ludzi. Tam w og\u00f3le nie wychodz\u0105 z domu. Albo w tych blokach nie ma ludzi tylko <a href=\"https:\/\/www.google.com\/search?q=humanoidy&amp;oq=humanoidy&amp;gs_lcrp=EgZjaHJvbWUyBggAEEUYOTIGCAEQRRg80gEJMjMxOWowajE1qAIAsAIB&amp;sourceid=chrome&amp;ie=UTF-8\">humanoidy<\/a> nie potrzebuj\u0105ce jedzenia, tylko pr\u0105d do zasilania. Dla mnie to lipa.<\/strong> <strong>Elektryfikacja wszystkiego, autonomiczne pojazdy, ekologia&#8230;do granicy absurdu, likwidacja produkcji rolnej. Mo\u017ce rzeczywi\u015bcie to koniec&#8230; Te <a href=\"https:\/\/www.rp.pl\/prosto-z-mipim-w-cannes\/art43975851-pomorze-jedne-z-ostatnich-takich-terenow-inwestycyjnych\">wiatraki na morzu oddalone od centrum przemys\u0142owego<\/a>, droga infrastruktura energetyczna do wybudowania za 1 bilion z\u0142 to si\u0119 spina.<\/strong> <strong>Aborcja dla ch\u0119tnych, po co ludzie&#8230; zast\u0105pimy ich robotami, przecie\u017c z nimi mo\u017cna nawet pogada\u0107.<\/strong> <strong>\u015arednia pensja w Gus-ie 9100 z\u0142&#8230;<\/strong> <strong>Praca dla najlepszych robot\u00f3w z g\u00f3rnej p\u00f3\u0142ki. Tak jak w ameryka\u0144skiej korporacji, bez urlopu do utylizacji.<\/strong> <strong>Mam pytanie, czy roboty b\u0119d\u0105 p\u0142aci\u0142y ZUS \u017ceby utrzyma\u0107 system emerytalny i upadaj\u0105cy NFZ ?<\/strong><\/p>\n\n\n\n<p>19.03.2026 20.03 <a href=\"https:\/\/topol.org.pl\/?page_id=5897\">Mam pomys\u0142<\/a><strong>: <\/strong>Stawiamy wiatraki na morzu.<\/p>\n\n\n\n<p>Co potrzebujemy.<\/p>\n\n\n\n<ol class=\"wp-block-list\">\n<li>1 000 000 wiatrak\u00f3w na naszym Ba\u0142tyku<\/li>\n\n\n\n<li>15 000 000 robot\u00f3w humanoidalnych<\/li>\n\n\n\n<li>15 000 000 rowerk\u00f3w z dynamem<\/li>\n<\/ol>\n\n\n\n<p><strong>Stawiamy wiatraki na morzu.<\/strong> <strong>Budujemy linie przesy\u0142owe z 1 bilion z\u0142otych. <a href=\"https:\/\/www.google.com\/search?q=humanoidy&amp;oq=humanoidy&amp;gs_lcrp=EgZjaHJvbWUyBggAEEUYOTIGCAEQRRg80gEJMjMxOWowajE1qAIAsAIB&amp;sourceid=chrome&amp;ie=UTF-8\">Robimy fabryk\u0119 robot\u00f3w humanoidalnych<\/a>. Zasiedlmy pustostany robotami. Ka\u017cdy robot ma w domu podr\u0119czn\u0105 si\u0142owni\u0119 z rowerkiem i dynamem do produkcji pr\u0105du. Robot po na\u0142adowaniu ma energi\u0119 na wytwarzanie pr\u0105du. Przy zastosowaniu odpowiednich przek\u0142adni tak jak w zegarku&#8230; Robot zu\u017cywa energi\u0119, ale jest w stanie wytworzy\u0107 nadmiar pr\u0105du. Wi\u0119cej wytwarza ni\u017c zu\u017cywa. Ja my\u015bl\u0119, \u017ce w Chinach mog\u0105 wpa\u015b\u0107 na ten pomys\u0142. Ze wzgl\u0119du na blokad\u0119 cie\u015bniny <a href=\"https:\/\/www.google.com\/search?q=Ormuz&amp;oq=Ormuz&amp;gs_lcrp=EgZjaHJvbWUyBggAEEUYOTIGCAEQRRhBMgYIAhBFGDzSAQkyNDMxajBqMTWoAgCwAgE&amp;sourceid=chrome&amp;ie=UTF-8\">Ormuz<\/a> i brak paliw kopalnych.<\/strong> <strong>Mog\u0119 im wydzier\u017cawi\u0107 ten patent.<\/strong><\/p>\n\n\n\n<p><strong>Wszelkie prawa zastrze\u017cone. W\u0142asno\u015b\u0107 patentu Kr\u00f3lestwo Polskie i Moja Rzeczpospolita Polska W skr\u00f3cie: Topol ! Dariusz Goworek<\/strong>&nbsp;<strong>Patent nr 5\/03\/2026<\/strong><\/p>\n\n\n\n<p>Verte &gt;<a href=\"https:\/\/topol.org.pl\/?page_id=6187\">Fundacja Narodowe Si\u0142y Samoobrony \u201eGrot\u201d<\/a><\/p>\n\n\n\n<p><\/p>\n","protected":false},"excerpt":{"rendered":"<p>18.03.2026 19.03 &#8222;sfinansowanie Polsce po\u017cyczki SAFE w ramach reparacji&#8221; \u0179r\u00f3d\u0142o&#8221; rp.pl To niedorzeczne. Zniszczenia wojenne przypiecz\u0119tujemy umow\u0105 z oprawcami, na zbrojenie z ich zak\u0142ad\u00f3w, \u017ceby wywo\u0142a\u0107 wojn\u0119 na naszym terytorium i odda\u0107 Niemcom. 19.03.2026 11:58 Jest dyskusja czy NATO jest potrzebne. Moim zdaniem jest niezb\u0119dne, \u017ceby nas chroni\u0107 przed po\u0142\u0105czeniem UE z Rosj\u0105 i Chinami. [&hellip;]<\/p>\n","protected":false},"author":1,"featured_media":0,"parent":13860,"menu_order":12,"comment_status":"closed","ping_status":"closed","template":"","meta":{"footnotes":""},"class_list":["post-14454","page","type-page","status-publish","hentry"],"_links":{"self":[{"href":"https:\/\/topol.org.pl\/index.php?rest_route=\/wp\/v2\/pages\/14454","targetHints":{"allow":["GET"]}}],"collection":[{"href":"https:\/\/topol.org.pl\/index.php?rest_route=\/wp\/v2\/pages"}],"about":[{"href":"https:\/\/topol.org.pl\/index.php?rest_route=\/wp\/v2\/types\/page"}],"author":[{"embeddable":true,"href":"https:\/\/topol.org.pl\/index.php?rest_route=\/wp\/v2\/users\/1"}],"replies":[{"embeddable":true,"href":"https:\/\/topol.org.pl\/index.php?rest_route=%2Fwp%2Fv2%2Fcomments&post=14454"}],"version-history":[{"count":18,"href":"https:\/\/topol.org.pl\/index.php?rest_route=\/wp\/v2\/pages\/14454\/revisions"}],"predecessor-version":[{"id":14506,"href":"https:\/\/topol.org.pl\/index.php?rest_route=\/wp\/v2\/pages\/14454\/revisions\/14506"}],"up":[{"embeddable":true,"href":"https:\/\/topol.org.pl\/index.php?rest_route=\/wp\/v2\/pages\/13860"}],"wp:attachment":[{"href":"https:\/\/topol.org.pl\/index.php?rest_route=%2Fwp%2Fv2%2Fmedia&parent=14454"}],"curies":[{"name":"wp","href":"https:\/\/api.w.org\/{rel}","templated":true}]}}