{"id":14459,"date":"2026-03-18T20:00:06","date_gmt":"2026-03-18T19:00:06","guid":{"rendered":"https:\/\/topol.org.pl\/?page_id=14459"},"modified":"2026-03-18T20:00:34","modified_gmt":"2026-03-18T19:00:34","slug":"sprzeciwiam-sie-planom-spece-x-odnosnie-umieszczenia-1000000-satelitow-na-orbicie-ziemi-w-imieniu-polski-i-milosnikow-astonomii","status":"publish","type":"page","link":"https:\/\/topol.org.pl\/?page_id=14459","title":{"rendered":"Sprzeciwiam si\u0119 planom Spece X odno\u015bnie umieszczenia 1000000 satelit\u00f3w na orbicie Ziemi w imieniu Polski i Mi\u0142o\u015bnik\u00f3w Astronomii."},"content":{"rendered":"\n<p>18.03.2026 19.57 <a href=\"https:\/\/pl.wikipedia.org\/wiki\/Polskie_Towarzystwo_Mi%C5%82o%C5%9Bnik%C3%B3w_Astronomii\">Polskie Towarzystwo Mi\u0142o\u015bnik\u00f3w Astronomii<\/a>\u00a0\u0179r\u00f3d\u0142o:\u00a0<a href=\"https:\/\/ptma.pl\/\">Wikipedia<\/a><\/p>\n\n\n\n<p>Verte ><a href=\"https:\/\/topol.org.pl\/?page_id=6187\">Fundacja Narodowe Si\u0142y Samoobrony \u201eGrot\u201d<\/a><\/p>\n\n\n\n<p><\/p>\n","protected":false},"excerpt":{"rendered":"<p>18.03.2026 19.57 Polskie Towarzystwo Mi\u0142o\u015bnik\u00f3w Astronomii\u00a0\u0179r\u00f3d\u0142o:\u00a0Wikipedia Verte >Fundacja Narodowe Si\u0142y Samoobrony \u201eGrot\u201d<\/p>\n","protected":false},"author":1,"featured_media":0,"parent":11433,"menu_order":0,"comment_status":"closed","ping_status":"closed","template":"","meta":{"footnotes":""},"class_list":["post-14459","page","type-page","status-publish","hentry"],"_links":{"self":[{"href":"https:\/\/topol.org.pl\/index.php?rest_route=\/wp\/v2\/pages\/14459","targetHints":{"allow":["GET"]}}],"collection":[{"href":"https:\/\/topol.org.pl\/index.php?rest_route=\/wp\/v2\/pages"}],"about":[{"href":"https:\/\/topol.org.pl\/index.php?rest_route=\/wp\/v2\/types\/page"}],"author":[{"embeddable":true,"href":"https:\/\/topol.org.pl\/index.php?rest_route=\/wp\/v2\/users\/1"}],"replies":[{"embeddable":true,"href":"https:\/\/topol.org.pl\/index.php?rest_route=%2Fwp%2Fv2%2Fcomments&post=14459"}],"version-history":[{"count":3,"href":"https:\/\/topol.org.pl\/index.php?rest_route=\/wp\/v2\/pages\/14459\/revisions"}],"predecessor-version":[{"id":14462,"href":"https:\/\/topol.org.pl\/index.php?rest_route=\/wp\/v2\/pages\/14459\/revisions\/14462"}],"up":[{"embeddable":true,"href":"https:\/\/topol.org.pl\/index.php?rest_route=\/wp\/v2\/pages\/11433"}],"wp:attachment":[{"href":"https:\/\/topol.org.pl\/index.php?rest_route=%2Fwp%2Fv2%2Fmedia&parent=14459"}],"curies":[{"name":"wp","href":"https:\/\/api.w.org\/{rel}","templated":true}]}}