{"id":14488,"date":"2026-03-19T20:40:13","date_gmt":"2026-03-19T19:40:13","guid":{"rendered":"https:\/\/topol.org.pl\/?page_id=14488"},"modified":"2026-03-19T20:40:42","modified_gmt":"2026-03-19T19:40:42","slug":"humanoidy-to","status":"publish","type":"page","link":"https:\/\/topol.org.pl\/?page_id=14488","title":{"rendered":"Humanoidy to"},"content":{"rendered":"\n<p>Przegl\u0105d od AI \u0179r\u00f3d\u0142o: Google<\/p>\n\n\n\n<p>Humanoidy to&nbsp;<\/p>\n\n\n\n<p><mark>roboty lub istoty, kt\u00f3rych budowa anatomiczna przypomina ludzk\u0105<\/mark>&nbsp;\u2013 posiadaj\u0105 g\u0142ow\u0119, tu\u0142\u00f3w, dwie r\u0119ce i dwie nogi, co pozwala im na wyprostowan\u0105 postaw\u0119 i poruszanie si\u0119. Obecnie technologia ta prze\u017cywa gwa\u0142towny rozw\u00f3j, przechodz\u0105c od fazy laboratoryjnych prototyp\u00f3w do realnych zastosowa\u0144 przemys\u0142owych, z celem zast\u0105pienia ludzi w zadaniach powtarzalnych, niebezpiecznych lub obci\u0105\u017caj\u0105cych fizycznie.&nbsp;<img decoding=\"async\" src=\"blob:https:\/\/topol.org.pl\/09d1d469-c266-400f-a134-bf1e938b4467\" alt=\"Centrum Kreacji i Strategii INTERAKCJA\">Centrum Kreacji i Strategii INTERAKCJA&nbsp;+4<\/p>\n\n\n\n<p><strong>Kluczowe informacje o humanoidach (stan na 2025-2026 r.):<\/strong><\/p>\n\n\n\n<ul class=\"wp-block-list\">\n<li><strong>Ekspansja w przemy\u015ble:<\/strong>\u00a0Roboty humanoidalne s\u0105 ju\u017c testowane i wdra\u017cane w fabrykach motoryzacyjnych (BMW, Mercedes-Benz, Hyundai) oraz logistyce (Amazon).<\/li>\n\n\n\n<li><strong>Chi\u0144ska dominacja:<\/strong>\u00a0Chiny intensywnie inwestuj\u0105 w ten sektor, d\u0105\u017c\u0105c do masowej produkcji i wyprzedzaj\u0105c USA we wczesnej komercjalizacji. Firma Unitree Robotics jest liderem, oferuj\u0105c ta\u0144sze modele (np. G1, H1).<\/li>\n\n\n\n<li><strong>Wiod\u0105ce projekty:<\/strong>\u00a0Do najg\u0142o\u015bniejszych projekt\u00f3w nale\u017c\u0105: Figure 02 (firma Figure, wsp\u00f3\u0142pracuj\u0105ca z BMW), Optimus (Tesla), Digit (Agility Robotics), Atlas (Boston Dynamics\/Hyundai) oraz NEO (1X Technologies).<\/li>\n\n\n\n<li><strong>Zastosowanie domowe:<\/strong>\u00a0Eksperci szacuj\u0105, \u017ce humanoidy stan\u0105 si\u0119 pomocnikami domowymi w perspektywie 5-10 lat, chocia\u017c pierwsze modele do prac domowych (np. NEO) zapowiadane s\u0105 ju\u017c na 2025 rok.<\/li>\n\n\n\n<li><strong>Dost\u0119pno\u015b\u0107 w Polsce:<\/strong>\u00a0Roboty humanoidalne (np. Unitree G1) s\u0105 ju\u017c dost\u0119pne w sprzeda\u017cy detalicznej, m.in. w ofercie x-kom, co sygnalizuje ich wyj\u015bcie z laboratori\u00f3w do powszechnego u\u017cytku.<\/li>\n\n\n\n<li><strong>Technologia:<\/strong>\u00a0Wsp\u00f3\u0142czesne humanoidy wykorzystuj\u0105 zaawansowan\u0105 sztuczn\u0105 inteligencj\u0119 (AI), lidary 3D, kamery g\u0142\u0119bi oraz zaawansowane d\u0142onie do manipulacji obiektami.\u00a0<img decoding=\"async\" src=\"blob:https:\/\/topol.org.pl\/8f01b1f4-3dc3-4a2b-ad34-71a40c5d447d\" alt=\"Centrum Kreacji i Strategii INTERAKCJA\">Centrum Kreacji i Strategii INTERAKCJA\u00a0+7<\/li>\n<\/ul>\n\n\n\n<p><strong>Wyzwania:<\/strong><br>Mimo post\u0119pu, g\u0142\u00f3wne wyzwania to stabilno\u015b\u0107 chodu w nieustrukturyzowanym \u015brodowisku, wysokie koszty produkcji (cho\u0107 spadaj\u0105) oraz ograniczony czas pracy na baterii.&nbsp;<img decoding=\"async\" src=\"blob:https:\/\/topol.org.pl\/3f698da9-2a62-4c1f-8bf0-e88ec1668c5f\" alt=\"Centrum Kreacji i Strategii INTERAKCJA\">Centrum Kreacji i Strategii INTERAKCJA&nbsp;+1<\/p>\n\n\n\n<p><strong>Perspektywy:<\/strong><br>Szacuje si\u0119, \u017ce globalny rynek humanoid\u00f3w osi\u0105gnie warto\u015b\u0107 bilion\u00f3w dolar\u00f3w do 2050 roku, a lata 2026-2030 b\u0119d\u0105 okresem masowego pilota\u017cu w przemy\u015ble.&nbsp;<\/p>\n\n\n\n<p>Verte ><a href=\"https:\/\/topol.org.pl\/?page_id=6187\">Fundacja Narodowe Si\u0142y Samoobrony \u201eGrot\u201d<\/a><\/p>\n","protected":false},"excerpt":{"rendered":"<p>Przegl\u0105d od AI \u0179r\u00f3d\u0142o: Google Humanoidy to&nbsp; roboty lub istoty, kt\u00f3rych budowa anatomiczna przypomina ludzk\u0105&nbsp;\u2013 posiadaj\u0105 g\u0142ow\u0119, tu\u0142\u00f3w, dwie r\u0119ce i dwie nogi, co pozwala im na wyprostowan\u0105 postaw\u0119 i poruszanie si\u0119. Obecnie technologia ta prze\u017cywa gwa\u0142towny rozw\u00f3j, przechodz\u0105c od fazy laboratoryjnych prototyp\u00f3w do realnych zastosowa\u0144 przemys\u0142owych, z celem zast\u0105pienia ludzi w zadaniach powtarzalnych, niebezpiecznych [&hellip;]<\/p>\n","protected":false},"author":1,"featured_media":0,"parent":14454,"menu_order":0,"comment_status":"closed","ping_status":"closed","template":"","meta":{"footnotes":""},"class_list":["post-14488","page","type-page","status-publish","hentry"],"_links":{"self":[{"href":"https:\/\/topol.org.pl\/index.php?rest_route=\/wp\/v2\/pages\/14488","targetHints":{"allow":["GET"]}}],"collection":[{"href":"https:\/\/topol.org.pl\/index.php?rest_route=\/wp\/v2\/pages"}],"about":[{"href":"https:\/\/topol.org.pl\/index.php?rest_route=\/wp\/v2\/types\/page"}],"author":[{"embeddable":true,"href":"https:\/\/topol.org.pl\/index.php?rest_route=\/wp\/v2\/users\/1"}],"replies":[{"embeddable":true,"href":"https:\/\/topol.org.pl\/index.php?rest_route=%2Fwp%2Fv2%2Fcomments&post=14488"}],"version-history":[{"count":2,"href":"https:\/\/topol.org.pl\/index.php?rest_route=\/wp\/v2\/pages\/14488\/revisions"}],"predecessor-version":[{"id":14490,"href":"https:\/\/topol.org.pl\/index.php?rest_route=\/wp\/v2\/pages\/14488\/revisions\/14490"}],"up":[{"embeddable":true,"href":"https:\/\/topol.org.pl\/index.php?rest_route=\/wp\/v2\/pages\/14454"}],"wp:attachment":[{"href":"https:\/\/topol.org.pl\/index.php?rest_route=%2Fwp%2Fv2%2Fmedia&parent=14488"}],"curies":[{"name":"wp","href":"https:\/\/api.w.org\/{rel}","templated":true}]}}