{"id":14499,"date":"2026-03-20T11:33:05","date_gmt":"2026-03-20T10:33:05","guid":{"rendered":"https:\/\/topol.org.pl\/?page_id=14499"},"modified":"2026-03-20T11:53:50","modified_gmt":"2026-03-20T10:53:50","slug":"manipuluje-sie-emocjami-a-unika-sie-faktow-ocenil-zastepca-szefa-bbn-gen-bryg-rez-andrzej-kowalski","status":"publish","type":"page","link":"https:\/\/topol.org.pl\/?page_id=14499","title":{"rendered":"&#8221;\u00a0Manipuluje si\u0119 emocjami, a\u00a0unika si\u0119 fakt\u00f3w \u2013\u00a0oceni\u0142 zast\u0119pca szefa BBN gen. bryg. rez. Andrzej Kowalski&#8221;."},"content":{"rendered":"\n<p>20.03.2026 11.29 &#8221;\u00a0<a href=\"https:\/\/www.youtube.com\/watch?v=SXiSwpDJWsA&amp;t=2317s\">Manipuluje si\u0119 emocjami, a\u00a0unika si\u0119 fakt\u00f3w \u2013\u00a0oceni\u0142 zast\u0119pca szefa BBN gen. bryg. rez. Andrzej Kowalski<\/a>&#8222;. \u0179r\u00f3d\u0142o:\u00a0<a href=\"https:\/\/www.youtube.com\/watch?v=SXiSwpDJWsA&amp;t=2317s\">Magazyn Anity Gargas<\/a>, <a href=\"https:\/\/dorzeczy.pl\/opinie\/862090\/plan-b-rzadu-ws-safe-gen-kowalski-z-bbn-kosztowne-rozwiazanie.html\">DoRzeczy.pl<\/a><\/p>\n\n\n\n<p>Verte &gt;<a href=\"https:\/\/topol.org.pl\/?page_id=6187\">Fundacja Narodowe Si\u0142y Samoobrony \u201eGrot\u201d<\/a><\/p>\n","protected":false},"excerpt":{"rendered":"<p>20.03.2026 11.29 &#8221;\u00a0Manipuluje si\u0119 emocjami, a\u00a0unika si\u0119 fakt\u00f3w \u2013\u00a0oceni\u0142 zast\u0119pca szefa BBN gen. bryg. rez. Andrzej Kowalski&#8222;. \u0179r\u00f3d\u0142o:\u00a0Magazyn Anity Gargas, DoRzeczy.pl Verte &gt;Fundacja Narodowe Si\u0142y Samoobrony \u201eGrot\u201d<\/p>\n","protected":false},"author":1,"featured_media":0,"parent":14454,"menu_order":0,"comment_status":"closed","ping_status":"closed","template":"","meta":{"footnotes":""},"class_list":["post-14499","page","type-page","status-publish","hentry"],"_links":{"self":[{"href":"https:\/\/topol.org.pl\/index.php?rest_route=\/wp\/v2\/pages\/14499","targetHints":{"allow":["GET"]}}],"collection":[{"href":"https:\/\/topol.org.pl\/index.php?rest_route=\/wp\/v2\/pages"}],"about":[{"href":"https:\/\/topol.org.pl\/index.php?rest_route=\/wp\/v2\/types\/page"}],"author":[{"embeddable":true,"href":"https:\/\/topol.org.pl\/index.php?rest_route=\/wp\/v2\/users\/1"}],"replies":[{"embeddable":true,"href":"https:\/\/topol.org.pl\/index.php?rest_route=%2Fwp%2Fv2%2Fcomments&post=14499"}],"version-history":[{"count":2,"href":"https:\/\/topol.org.pl\/index.php?rest_route=\/wp\/v2\/pages\/14499\/revisions"}],"predecessor-version":[{"id":14501,"href":"https:\/\/topol.org.pl\/index.php?rest_route=\/wp\/v2\/pages\/14499\/revisions\/14501"}],"up":[{"embeddable":true,"href":"https:\/\/topol.org.pl\/index.php?rest_route=\/wp\/v2\/pages\/14454"}],"wp:attachment":[{"href":"https:\/\/topol.org.pl\/index.php?rest_route=%2Fwp%2Fv2%2Fmedia&parent=14499"}],"curies":[{"name":"wp","href":"https:\/\/api.w.org\/{rel}","templated":true}]}}