{"id":14502,"date":"2026-03-20T12:06:53","date_gmt":"2026-03-20T11:06:53","guid":{"rendered":"https:\/\/topol.org.pl\/?page_id=14502"},"modified":"2026-03-20T12:11:19","modified_gmt":"2026-03-20T11:11:19","slug":"horizon-worlds","status":"publish","type":"page","link":"https:\/\/topol.org.pl\/?page_id=14502","title":{"rendered":"&#8222;Horizon Worlds&#8221;"},"content":{"rendered":"\n<p>20.03.2026 11.59 &#8222;<a href=\"https:\/\/www.google.com\/search?q=Horizon+Worlds&amp;oq=Horizon+Worlds&amp;gs_lcrp=EgZjaHJvbWUyBggAEEUYOdIBCTI5MjBqMGoxNagCALACAQ&amp;sourceid=chrome&amp;ie=UTF-8\">Horizon Worlds<\/a>&#8221; \u0179r\u00f3d\u0142o: <a href=\"https:\/\/www.google.com\/search?q=Horizon+Worlds&amp;oq=Horizon+Worlds&amp;gs_lcrp=EgZjaHJvbWUyBggAEEUYOdIBCTI5MjBqMGoxNagCALACAQ&amp;sourceid=chrome&amp;ie=UTF-8\">Google<\/a><\/p>\n\n\n\n<p><strong>Dobrze, \u017ce &#8222;<\/strong>Meta rezygnuje<strong>&#8221; z wirtualnego \u015awiata fikcyjnej rzeczywisto\u015bci opartej na <em>metaverse<\/em>. My\u015bla\u0142em o <a href=\"https:\/\/www.google.com\/search?q=Surogatach&amp;oq=Surogatach&amp;gs_lcrp=EgZjaHJvbWUyBggAEEUYOdIBCTIxODNqMGoxNagCALACAQ&amp;sourceid=chrome&amp;ie=UTF-8\">Surogatach<\/a>, o ich przysz\u0142o\u015bci w zamkni\u0119tym pokoju bez dost\u0119pu do dziennego \u015bwiat\u0142a. Wpada\u0142em w zniech\u0119cenie i klaustrofobi\u0119.<\/strong><\/p>\n\n\n\n<p>\u0179r\u00f3d\u0142o: <a href=\"https:\/\/cyfrowa.rp.pl\/globalne-interesy\/art43995241-utopione-80-mld-dol-i-koniec-marzen-zuckerberga-meta-wycofuje-sie-z-kluczowego-projektu\">rp.pl<\/a><\/p>\n\n\n\n<p>Verte &gt;<a href=\"https:\/\/topol.org.pl\/?page_id=6187\">Fundacja Narodowe Si\u0142y Samoobrony \u201eGrot\u201d<\/a><\/p>\n","protected":false},"excerpt":{"rendered":"<p>20.03.2026 11.59 &#8222;Horizon Worlds&#8221; \u0179r\u00f3d\u0142o: Google Dobrze, \u017ce &#8222;Meta rezygnuje&#8221; z wirtualnego \u015awiata fikcyjnej rzeczywisto\u015bci opartej na metaverse. My\u015bla\u0142em o Surogatach, o ich przysz\u0142o\u015bci w zamkni\u0119tym pokoju bez dost\u0119pu do dziennego \u015bwiat\u0142a. Wpada\u0142em w zniech\u0119cenie i klaustrofobi\u0119. \u0179r\u00f3d\u0142o: rp.pl Verte &gt;Fundacja Narodowe Si\u0142y Samoobrony \u201eGrot\u201d<\/p>\n","protected":false},"author":1,"featured_media":0,"parent":14488,"menu_order":0,"comment_status":"closed","ping_status":"closed","template":"","meta":{"footnotes":""},"class_list":["post-14502","page","type-page","status-publish","hentry"],"_links":{"self":[{"href":"https:\/\/topol.org.pl\/index.php?rest_route=\/wp\/v2\/pages\/14502","targetHints":{"allow":["GET"]}}],"collection":[{"href":"https:\/\/topol.org.pl\/index.php?rest_route=\/wp\/v2\/pages"}],"about":[{"href":"https:\/\/topol.org.pl\/index.php?rest_route=\/wp\/v2\/types\/page"}],"author":[{"embeddable":true,"href":"https:\/\/topol.org.pl\/index.php?rest_route=\/wp\/v2\/users\/1"}],"replies":[{"embeddable":true,"href":"https:\/\/topol.org.pl\/index.php?rest_route=%2Fwp%2Fv2%2Fcomments&post=14502"}],"version-history":[{"count":3,"href":"https:\/\/topol.org.pl\/index.php?rest_route=\/wp\/v2\/pages\/14502\/revisions"}],"predecessor-version":[{"id":14505,"href":"https:\/\/topol.org.pl\/index.php?rest_route=\/wp\/v2\/pages\/14502\/revisions\/14505"}],"up":[{"embeddable":true,"href":"https:\/\/topol.org.pl\/index.php?rest_route=\/wp\/v2\/pages\/14488"}],"wp:attachment":[{"href":"https:\/\/topol.org.pl\/index.php?rest_route=%2Fwp%2Fv2%2Fmedia&parent=14502"}],"curies":[{"name":"wp","href":"https:\/\/api.w.org\/{rel}","templated":true}]}}