{"id":14507,"date":"2026-03-21T10:49:32","date_gmt":"2026-03-21T09:49:32","guid":{"rendered":"https:\/\/topol.org.pl\/?page_id=14507"},"modified":"2026-03-21T10:49:32","modified_gmt":"2026-03-21T09:49:32","slug":"bohater-kina-akcji","status":"publish","type":"page","link":"https:\/\/topol.org.pl\/?page_id=14507","title":{"rendered":"Bohater kina akcji"},"content":{"rendered":"\n<p>21.03.2026 10.42 Bohater kina akcji <a href=\"https:\/\/www.google.com\/search?q=Chuck+Norris&amp;oq=Chuck+Norris&amp;gs_lcrp=EgZjaHJvbWUyBggAEEUYOTIGCAEQRRg8MgYIAhBFGD0yBggDEEUYPdIBCTIzNTdqMGoxNagCALACAQ&amp;sourceid=chrome&amp;ie=UTF-8\">Chuck Norris<\/a>. 1940-2026 \u0179r\u00f3d\u0142o: Google<\/p>\n\n\n\n<p>Verte ><a href=\"https:\/\/topol.org.pl\/?page_id=6187\">Fundacja Narodowe Si\u0142y Samoobrony \u201eGrot\u201d<\/a><\/p>\n\n\n\n<p><\/p>\n","protected":false},"excerpt":{"rendered":"<p>21.03.2026 10.42 Bohater kina akcji Chuck Norris. 1940-2026 \u0179r\u00f3d\u0142o: Google Verte >Fundacja Narodowe Si\u0142y Samoobrony \u201eGrot\u201d<\/p>\n","protected":false},"author":1,"featured_media":0,"parent":12543,"menu_order":0,"comment_status":"closed","ping_status":"closed","template":"","meta":{"footnotes":""},"class_list":["post-14507","page","type-page","status-publish","hentry"],"_links":{"self":[{"href":"https:\/\/topol.org.pl\/index.php?rest_route=\/wp\/v2\/pages\/14507","targetHints":{"allow":["GET"]}}],"collection":[{"href":"https:\/\/topol.org.pl\/index.php?rest_route=\/wp\/v2\/pages"}],"about":[{"href":"https:\/\/topol.org.pl\/index.php?rest_route=\/wp\/v2\/types\/page"}],"author":[{"embeddable":true,"href":"https:\/\/topol.org.pl\/index.php?rest_route=\/wp\/v2\/users\/1"}],"replies":[{"embeddable":true,"href":"https:\/\/topol.org.pl\/index.php?rest_route=%2Fwp%2Fv2%2Fcomments&post=14507"}],"version-history":[{"count":1,"href":"https:\/\/topol.org.pl\/index.php?rest_route=\/wp\/v2\/pages\/14507\/revisions"}],"predecessor-version":[{"id":14508,"href":"https:\/\/topol.org.pl\/index.php?rest_route=\/wp\/v2\/pages\/14507\/revisions\/14508"}],"up":[{"embeddable":true,"href":"https:\/\/topol.org.pl\/index.php?rest_route=\/wp\/v2\/pages\/12543"}],"wp:attachment":[{"href":"https:\/\/topol.org.pl\/index.php?rest_route=%2Fwp%2Fv2%2Fmedia&parent=14507"}],"curies":[{"name":"wp","href":"https:\/\/api.w.org\/{rel}","templated":true}]}}