{"id":14539,"date":"2026-04-10T10:08:00","date_gmt":"2026-04-10T08:08:00","guid":{"rendered":"https:\/\/topol.org.pl\/?page_id=14539"},"modified":"2026-04-16T06:48:23","modified_gmt":"2026-04-16T04:48:23","slug":"koniec-zaparc-przedpotopowi-przedrozbiorowi-mutanci","status":"publish","type":"page","link":"https:\/\/topol.org.pl\/?page_id=14539","title":{"rendered":"Koniec zapar\u0107. &#8222;&#8221;Przedpotopowi, Przedrozbiorowi Mutanci&#8221;&#8221;"},"content":{"rendered":"\n<p>10.04.2026 09.52  <strong>Nied\u0142ugo powstanie Nowa Partia Polityczna i Stowarzyszenie<\/strong>.<\/p>\n\n\n\n<p> <strong>Koniec zapar\u0107<\/strong>. <strong>&#8222;<strong>&#8222;Przedpotopowi, Przedrozbiorowi Mutanci&#8221;<\/strong>&#8222;<\/strong><\/p>\n\n\n\n<p><strong>Na scenie politycznej bez zmian, nadal bryluj\u0105 <strong>&#8222;<strong>&#8222;Przedpotopowi, Przedrozbiorowi Mutanci&#8221;<\/strong>&#8222;<\/strong>.<\/strong> <strong>I maj\u0105 si\u0119 dobrze. Ja dzia\u0142am w ukryciu, nikt o mnie nie s\u0142ysza\u0142, nikt mnie nie widzia\u0142 i mam si\u0119 dobrze.<\/strong> <strong>Nie zamierzam si\u0119 narzuca\u0107.<\/strong> <strong>B\u0119d\u0119 zarz\u0105dza\u0142 nadal, ale w ograniczonych do 4 godzin, godzinach<\/strong>&#8230;<\/p>\n\n\n\n<p>10.04.2026 12.13 <strong>Zamiast tworzy\u0107 podejrzane twory, proponuj\u0119 przyst\u0105pi\u0107 do koalicji <a href=\"https:\/\/topol.org.pl\/?page_id=13792\">&#8222;Polska&#8230;Moja Ojczyzna&#8221;<\/a>.<\/strong> <strong><a href=\"https:\/\/www.google.com\/search?q=Konserwatywne+Centrum&amp;sca_esv=4bcc69982abf93aa&amp;sxsrf=ANbL-n5X-yi2VA7eOFfJmi9NYmBL3GWpzg%3A1775815819323&amp;ei=i8zYaceoE_Kbi-gP5ZzhiQk&amp;biw=1536&amp;bih=703&amp;ved=0ahUKEwiHmuO4heOTAxXyzQIHHWVOOJEQ4dUDCBE&amp;uact=5&amp;oq=Konserwatywne+Centrum&amp;gs_lp=Egxnd3Mtd2l6LXNlcnAiFUtvbnNlcndhdHl3bmUgQ2VudHJ1bTIEEAAYHjIFEAAY7wUyBRAAGO8FMgUQABjvBTIFEAAY7wUyBRAAGO8FSJopUMwMWMIacAF4AZABAJgBV6ABmAGqAQEyuAEDyAEA-AEBmAIDoAKrAcICChAAGEcY1gQYsAPCAgYQABgeGA2YAwCIBgGQBgiSBwEzoAeuB7IHATK4B6EBwgcDMi0zyAcOgAgB&amp;sclient=gws-wiz-serp\">To b\u0119dzie Centrum&#8230; z konserwatywnym my\u015bleniem<\/a> o ludziach w spo\u0142ecze\u0144stwie zr\u00f3\u017cnicowanym: maj\u0105tkowo, bez maj\u0105tkowo, religijnie, bezreligijnie, ideowo, bezideowo, p\u0142ciowo, bezp\u0142ciowo&#8230;<\/strong><\/p>\n\n\n\n<p>\u201eA&nbsp;gdy spogl\u0105daj\u0105c na&nbsp;Wasze zm\u0119czone oblicza, na&nbsp;Wasze r\u0119ce zgrubia\u0142e od&nbsp;twardej pracy, kt\u00f3ra niejednemu, nawet wrogowi, przysporzy\u0142a dostatku, gdy spogl\u0105daj\u0105c na&nbsp;Wasze skromne szaty, bogaci a&nbsp;pyszni, szcz\u0119\u015bliwi a&nbsp;zazdro\u015bni zapyta\u0107 Was mog\u0105 o&nbsp;Wasze prawa do&nbsp;tytu\u0142u, odpowiedzcie tylko, \u017ce\u015bcie Piast\u00f3w, Chrobrego, \u0141okietka potomstwo, \u017ce\u015bcie Zawisz\u00f3w, Warne\u0144czyk\u00f3w spadkobiercy, \u017ce\u015bcie Czarneckich, Sobieskich synowie, \u017ce\u015bcie D\u0105browskiego, Pu\u0142askiego, Ko\u015bciuszki dzieci. Odpowiedzcie hardo: \u017ce\u015bcie Polacy\u201d. 30 kwietnia 1915 roku w&nbsp;Chicago Jan Ignacy Paderewski \u0179r\u00f3d\u0142o: <a href=\"https:\/\/topol.org.pl\/?page_id=47\">Fragment<\/a><\/p>\n\n\n\n<p>Verte &gt;<a href=\"https:\/\/topol.org.pl\/?page_id=6187\">Fundacja Narodowe Si\u0142y Samoobrony \u201eGrot\u201d<\/a><\/p>\n\n\n\n<p><\/p>\n","protected":false},"excerpt":{"rendered":"<p>10.04.2026 09.52 Nied\u0142ugo powstanie Nowa Partia Polityczna i Stowarzyszenie. Koniec zapar\u0107. &#8222;&#8222;Przedpotopowi, Przedrozbiorowi Mutanci&#8221;&#8222; Na scenie politycznej bez zmian, nadal bryluj\u0105 &#8222;&#8222;Przedpotopowi, Przedrozbiorowi Mutanci&#8221;&#8222;. I maj\u0105 si\u0119 dobrze. Ja dzia\u0142am w ukryciu, nikt o mnie nie s\u0142ysza\u0142, nikt mnie nie widzia\u0142 i mam si\u0119 dobrze. Nie zamierzam si\u0119 narzuca\u0107. B\u0119d\u0119 zarz\u0105dza\u0142 nadal, ale w ograniczonych [&hellip;]<\/p>\n","protected":false},"author":1,"featured_media":0,"parent":13860,"menu_order":12,"comment_status":"closed","ping_status":"closed","template":"","meta":{"footnotes":""},"class_list":["post-14539","page","type-page","status-publish","hentry"],"_links":{"self":[{"href":"https:\/\/topol.org.pl\/index.php?rest_route=\/wp\/v2\/pages\/14539","targetHints":{"allow":["GET"]}}],"collection":[{"href":"https:\/\/topol.org.pl\/index.php?rest_route=\/wp\/v2\/pages"}],"about":[{"href":"https:\/\/topol.org.pl\/index.php?rest_route=\/wp\/v2\/types\/page"}],"author":[{"embeddable":true,"href":"https:\/\/topol.org.pl\/index.php?rest_route=\/wp\/v2\/users\/1"}],"replies":[{"embeddable":true,"href":"https:\/\/topol.org.pl\/index.php?rest_route=%2Fwp%2Fv2%2Fcomments&post=14539"}],"version-history":[{"count":7,"href":"https:\/\/topol.org.pl\/index.php?rest_route=\/wp\/v2\/pages\/14539\/revisions"}],"predecessor-version":[{"id":14553,"href":"https:\/\/topol.org.pl\/index.php?rest_route=\/wp\/v2\/pages\/14539\/revisions\/14553"}],"up":[{"embeddable":true,"href":"https:\/\/topol.org.pl\/index.php?rest_route=\/wp\/v2\/pages\/13860"}],"wp:attachment":[{"href":"https:\/\/topol.org.pl\/index.php?rest_route=%2Fwp%2Fv2%2Fmedia&parent=14539"}],"curies":[{"name":"wp","href":"https:\/\/api.w.org\/{rel}","templated":true}]}}