{"id":14548,"date":"2026-04-11T16:29:51","date_gmt":"2026-04-11T14:29:51","guid":{"rendered":"https:\/\/topol.org.pl\/?page_id=14548"},"modified":"2026-04-11T16:34:40","modified_gmt":"2026-04-11T14:34:40","slug":"niezrealizowany-zysk-czego-nie-rozumiecie","status":"publish","type":"page","link":"https:\/\/topol.org.pl\/?page_id=14548","title":{"rendered":"&#8222;niezrealizowany zysk&#8221;-czego nie rozumiecie?"},"content":{"rendered":"\n<p>11.04.2026 16.27 &#8222;<a href=\"https:\/\/www.google.com\/search?q=niezrealizowany+zysk+%3F&amp;oq=niezrealizowany+zysk+%3F&amp;gs_lcrp=EgZjaHJvbWUyBggAEEUYOdIBCjE2Nzg0ajBqMTWoAgiwAgE&amp;sourceid=chrome&amp;ie=UTF-8\">niezrealizowany zysk<\/a>&#8222;- <a href=\"https:\/\/www.money.pl\/finanse\/zysk-ktorego-nie-widac-w-portfelu-nbp-i-169-mld-zl-na-zlocie-7274144432122112a.html\">czego nie rozumiecie?<\/a><\/p>\n\n\n\n<p>&amp; 3. <a href=\"https:\/\/topol.org.pl\/?page_id=11150\">Zach\u0119cam do Obligacji<\/a> \u0179r\u00f3d\u0142o: <a href=\"https:\/\/topol.org.pl\/?page_id=47\">Fragment<\/a><\/p>\n\n\n\n<p>Verte &gt;<a href=\"https:\/\/topol.org.pl\/?page_id=6187\">Fundacja Narodowe Si\u0142y Samoobrony \u201eGrot\u201d<\/a><\/p>\n\n\n\n<p><\/p>\n","protected":false},"excerpt":{"rendered":"<p>11.04.2026 16.27 &#8222;niezrealizowany zysk&#8222;- czego nie rozumiecie? &amp; 3. Zach\u0119cam do Obligacji \u0179r\u00f3d\u0142o: Fragment Verte &gt;Fundacja Narodowe Si\u0142y Samoobrony \u201eGrot\u201d<\/p>\n","protected":false},"author":1,"featured_media":0,"parent":14539,"menu_order":0,"comment_status":"closed","ping_status":"closed","template":"","meta":{"footnotes":""},"class_list":["post-14548","page","type-page","status-publish","hentry"],"_links":{"self":[{"href":"https:\/\/topol.org.pl\/index.php?rest_route=\/wp\/v2\/pages\/14548","targetHints":{"allow":["GET"]}}],"collection":[{"href":"https:\/\/topol.org.pl\/index.php?rest_route=\/wp\/v2\/pages"}],"about":[{"href":"https:\/\/topol.org.pl\/index.php?rest_route=\/wp\/v2\/types\/page"}],"author":[{"embeddable":true,"href":"https:\/\/topol.org.pl\/index.php?rest_route=\/wp\/v2\/users\/1"}],"replies":[{"embeddable":true,"href":"https:\/\/topol.org.pl\/index.php?rest_route=%2Fwp%2Fv2%2Fcomments&post=14548"}],"version-history":[{"count":3,"href":"https:\/\/topol.org.pl\/index.php?rest_route=\/wp\/v2\/pages\/14548\/revisions"}],"predecessor-version":[{"id":14551,"href":"https:\/\/topol.org.pl\/index.php?rest_route=\/wp\/v2\/pages\/14548\/revisions\/14551"}],"up":[{"embeddable":true,"href":"https:\/\/topol.org.pl\/index.php?rest_route=\/wp\/v2\/pages\/14539"}],"wp:attachment":[{"href":"https:\/\/topol.org.pl\/index.php?rest_route=%2Fwp%2Fv2%2Fmedia&parent=14548"}],"curies":[{"name":"wp","href":"https:\/\/api.w.org\/{rel}","templated":true}]}}