{"id":14556,"date":"2026-04-13T10:10:10","date_gmt":"2026-04-13T08:10:10","guid":{"rendered":"https:\/\/topol.org.pl\/?page_id=14556"},"modified":"2026-04-16T06:44:42","modified_gmt":"2026-04-16T04:44:42","slug":"a-gdyby-przygoda-sie-jaka-trafila-bo-to-chlopaka-rece-swedza-to-wiesz-przecie-ze-i-potykac-mi-sie-nie-nowina-zarowno-pieszo-jak-konno-na-miecze-alibo-na-topory","status":"publish","type":"page","link":"https:\/\/topol.org.pl\/?page_id=14556","title":{"rendered":"&#8222;A gdyby przygoda si\u0119 jaka trafi\u0142a &#8211; bo to ch\u0142opaka r\u0119ce sw\u0119dz\u0105 &#8211; to wiesz przecie, \u017ce i potyka\u0107 mi si\u0119 nie nowina, zar\u00f3wno pieszo, jak konno &#8211; na miecze alibo na topory&#8230;&#8221;"},"content":{"rendered":"\n<p>13.04.2026 09.56 <strong><a href=\"https:\/\/dorzeczy.pl\/opinie\/872776\/narracja-o-przyjazni-z-putinem-czarzasty-prezydent-idiota.html\">Niech si\u0119 stanie z wol\u0105 Bosk\u0105, niech rozs\u0105dzi&#8230;<\/a> Chcia\u0142bym, \u017ceby ludzie odpowiadali za swoje obra\u017aliwe s\u0142owa. Mo\u017ce niech walcz\u0105 na ringu. A swoj\u0105 drog\u0105 dobrze si\u0119 sta\u0142o, \u017ce Orban przegra\u0142 to wi\u0119kszy zamordyzm nadejdzie jeszcze szybciej i Unia albo przestanie istnie\u0107, lub si\u0119 zmieni na lepsze. Czyli powr\u00f3ci do suwerennych, niepodleg\u0142ych pa\u0144stw. I b\u0119dzie istnia\u0142a tylko jako pa\u0144stwa <a href=\"https:\/\/www.google.com\/search?q=Strefa+Schengen&amp;sca_esv=d690ffcb785891a9&amp;sxsrf=ANbL-n4gwnPwg1yjfyvqDMXykebfpR2UtQ%3A1776067457891&amp;ei=gaPcabyNNp3GwPAPs72_8Qk&amp;biw=1536&amp;bih=703&amp;ved=0ahUKEwj80bLvruqTAxUdIxAIHbPeL54Q4dUDCBE&amp;uact=5&amp;oq=Strefa+Schengen&amp;gs_lp=Egxnd3Mtd2l6LXNlcnAiD1N0cmVmYSBTY2hlbmdlbjINEC4YQxixAxiABBiKBTIIEAAYgAQYsQMyBRAAGIAEMgoQABiABBiKBRhDMgUQABiABDIFEAAYgAQyChAAGIAEGIoFGEMyBRAAGIAEMgUQABiABDIFEAAYgAQyHBAuGEMYsQMYgAQYigUYlwUY3AQY3gQY4ATYAQFIrAhQAFgAcAB4AZABAJgBoQKgAaECqgEDMi0xuAEDyAEA-AEC-AEBmAIBoAKvApgDAOIDBRIBMSBAugYGCAEQARgUkgcDMy0xoAe9B7IHAzMtMbgHrwLCBwMzLTHIBwqACAE&amp;sclient=gws-wiz-serp\">Strefy Schengen<\/a>.<\/strong><\/p>\n\n\n\n<p>Prawo cytatu: <a href=\"https:\/\/literat.ug.edu.pl\/krzyzaki\/0072.htm\">&#8222;A gdyby przygoda si\u0119 jaka trafi\u0142a &#8211; bo to ch\u0142opaka r\u0119ce sw\u0119dz\u0105 &#8211; to wiesz przecie, \u017ce i potyka\u0107 mi si\u0119 nie nowina, zar\u00f3wno pieszo, jak konno &#8211; na miecze alibo na topory&#8230;&#8221;<\/a><\/p>\n\n\n\n<p>13.04.2026 10.15 <a href=\"https:\/\/dorzeczy.pl\/opinie\/872776\/narracja-o-przyjazni-z-putinem-czarzasty-prezydent-idiota.html\">&#8222;Prezydent zrobi\u0142 z&nbsp;siebie idiot\u0119&#8221;<\/a> \u0179r\u00f3d\u0142o:&nbsp;Polsat News&nbsp;\/&nbsp;DoRzeczy.pl<\/p>\n\n\n\n<p><strong>Dla mnie Faszyzm to wspomnienia historyczne o niemieckiej 3 Rzeszy.<\/strong> <strong>Cechowa\u0142a Faszyzm, kontrola ludzi przez pa\u0144stwo, decyduj\u0105ca o \u017cyciu i \u015bmierci na okupowanym przez Niemc\u00f3w terytorium Europy.<\/strong> <strong>Mo\u017cna <a href=\"https:\/\/www.google.com\/search?q=okupowa%C4%87&amp;oq=okupowa%C4%87&amp;gs_lcrp=EgZjaHJvbWUyBggAEEUYOdIBCTMwNDFqMGoxNagCCLACAQ&amp;sourceid=chrome&amp;ie=UTF-8\">okupowa\u0107<\/a> r\u00f3wnie\u017c ludzkie umys\u0142y.<\/strong><\/p>\n\n\n\n<p>13.04.2026 10.54 <strong>Coraz cz\u0119\u015bciej w przestrzeni publicznej s\u0142ysz\u0119 s\u0142owo &#8222;Goje&#8221;. Podobno ci &#8222;Goje&#8221; to&#8230; &#8222;zwierz\u0119ta w ludzkiej sk\u00f3rze&#8221;. Ostatnio s\u0142ucha\u0142em jakiej\u015b pogadanki w Internecie. Ten Internet to siedlisko dezinformacji i hejtu. Mo\u017ce powinni Internet ograniczy\u0107 do dezinformacji lokalnie.<\/strong> <strong>A ci, co to g\u0142osz\u0105 niech mieszkaj\u0105 <a href=\"https:\/\/www.google.com\/search?q=okupowa%C4%87&amp;oq=okupowa%C4%87&amp;gs_lcrp=EgZjaHJvbWUyBggAEEUYOdIBCTMwNDFqMGoxNagCCLACAQ&amp;sourceid=chrome&amp;ie=UTF-8\">u siebie-lokalnie<\/a>.<\/strong><\/p>\n\n\n\n<p>13.04.2026 18.27 <a href=\"https:\/\/www.google.com\/search?q=%C5%9Awi%C4%99te+Cesarstwo+Rzymskie+Narodu+Niemieckiego&amp;oq=%C5%9Awi%C4%99te+Cesarstwo+Rzymskie+Narodu+Niemieckiego&amp;gs_lcrp=EgZjaHJvbWUyBggAEEUYOdIBCTI4NjhqMGoxNagCCLACAQ&amp;sourceid=chrome&amp;ie=UTF-8\">\u015awi\u0119te Cesarstwo Rzymskie Narodu Niemieckiego. Czyli Pierwsza Rzesza.<\/a> <\/p>\n\n\n\n<p><strong>To Niemcy byli Rzymianami ?<\/strong><\/p>\n\n\n\n<p>Ho\u0142d Pruski ? <a href=\"https:\/\/pl.wikipedia.org\/wiki\/Albrecht_Hohenzollern_(1490%E2%80%931568)\">Albrecht Hohenzollern<\/a> nie chcia\u0142 by\u0107 Krzy\u017cakiem ? <\/p>\n\n\n\n<p>&#8222;Tak powsta\u0142y Prusy. 8 kwietnia 1525 roku, w wyniku traktatu krakowskiego, ostatni\u00a0<a href=\"https:\/\/pl.wikipedia.org\/wiki\/Wielcy_mistrzowie_zakonu_krzy%C5%BCackiego\">wielki mistrz<\/a>\u00a0pruskiej ga\u0142\u0119zi\u00a0<a href=\"https:\/\/pl.wikipedia.org\/wiki\/Zakon_krzy%C5%BCacki\">Zakonu krzy\u017cackiego<\/a>&#8222;.<\/p>\n\n\n\n<p>&#8222;Od tego momentu w\u0142adcy&nbsp;<a href=\"https:\/\/pl.wikipedia.org\/wiki\/Brandenburgia-Prusy\">Brandenburgii-Prus<\/a>&nbsp;d\u0105\u017cyli do po\u0142\u0105czenia swoich ziem w jednolite terytorialnie pa\u0144stwo, do czego przeszkod\u0105 by\u0142y ziemie&nbsp;<a href=\"https:\/\/pl.wikipedia.org\/wiki\/Prusy_Kr%C3%B3lewskie\">Prus Kr\u00f3lewskich<\/a>. Podczas&nbsp;<a href=\"https:\/\/pl.wikipedia.org\/wiki\/Potop_szwedzki\">potopu szwedzkiego<\/a>&nbsp;w&nbsp;<a href=\"https:\/\/pl.wikipedia.org\/wiki\/Traktaty_welawsko-bydgoskie\">traktatach welawsko-bydgoskich<\/a>&nbsp;zerwano zale\u017cno\u015b\u0107 lenn\u0105 Prus od Rzeczypospolitej&#8221;. \u0179r\u00f3d\u0142o: Wikipedia<\/p>\n\n\n\n<p><strong>Wczoraj czyta\u0142em, \u017ce Brandenburgia i Polska chc\u0105 stworzy\u0107 jednolity obszar gospodarczy ?<\/strong><\/p>\n\n\n\n<p>Verte &gt;<a href=\"https:\/\/topol.org.pl\/?page_id=6187\">Fundacja Narodowe Si\u0142y Samoobrony \u201eGrot\u201d<\/a><\/p>\n","protected":false},"excerpt":{"rendered":"<p>13.04.2026 09.56 Niech si\u0119 stanie z wol\u0105 Bosk\u0105, niech rozs\u0105dzi&#8230; Chcia\u0142bym, \u017ceby ludzie odpowiadali za swoje obra\u017aliwe s\u0142owa. Mo\u017ce niech walcz\u0105 na ringu. A swoj\u0105 drog\u0105 dobrze si\u0119 sta\u0142o, \u017ce Orban przegra\u0142 to wi\u0119kszy zamordyzm nadejdzie jeszcze szybciej i Unia albo przestanie istnie\u0107, lub si\u0119 zmieni na lepsze. Czyli powr\u00f3ci do suwerennych, niepodleg\u0142ych pa\u0144stw. I [&hellip;]<\/p>\n","protected":false},"author":1,"featured_media":0,"parent":13860,"menu_order":13,"comment_status":"closed","ping_status":"closed","template":"","meta":{"footnotes":""},"class_list":["post-14556","page","type-page","status-publish","hentry"],"_links":{"self":[{"href":"https:\/\/topol.org.pl\/index.php?rest_route=\/wp\/v2\/pages\/14556","targetHints":{"allow":["GET"]}}],"collection":[{"href":"https:\/\/topol.org.pl\/index.php?rest_route=\/wp\/v2\/pages"}],"about":[{"href":"https:\/\/topol.org.pl\/index.php?rest_route=\/wp\/v2\/types\/page"}],"author":[{"embeddable":true,"href":"https:\/\/topol.org.pl\/index.php?rest_route=\/wp\/v2\/users\/1"}],"replies":[{"embeddable":true,"href":"https:\/\/topol.org.pl\/index.php?rest_route=%2Fwp%2Fv2%2Fcomments&post=14556"}],"version-history":[{"count":15,"href":"https:\/\/topol.org.pl\/index.php?rest_route=\/wp\/v2\/pages\/14556\/revisions"}],"predecessor-version":[{"id":14580,"href":"https:\/\/topol.org.pl\/index.php?rest_route=\/wp\/v2\/pages\/14556\/revisions\/14580"}],"up":[{"embeddable":true,"href":"https:\/\/topol.org.pl\/index.php?rest_route=\/wp\/v2\/pages\/13860"}],"wp:attachment":[{"href":"https:\/\/topol.org.pl\/index.php?rest_route=%2Fwp%2Fv2%2Fmedia&parent=14556"}],"curies":[{"name":"wp","href":"https:\/\/api.w.org\/{rel}","templated":true}]}}