{"id":14599,"date":"2026-04-16T06:42:31","date_gmt":"2026-04-16T04:42:31","guid":{"rendered":"https:\/\/topol.org.pl\/?page_id=14599"},"modified":"2026-04-19T10:09:12","modified_gmt":"2026-04-19T08:09:12","slug":"ludzie-w-referendum-zaglosowali-za","status":"publish","type":"page","link":"https:\/\/topol.org.pl\/?page_id=14599","title":{"rendered":"Ludzie &#8222;w Referendum zag\u0142osowali za&#8230;&#8221;"},"content":{"rendered":"\n<p>16.04.2026 06.29 <strong>Ludzie &#8222;w Referendum zag\u0142osowali za&#8230;<a href=\"https:\/\/www.google.com\/search?q=Grup%C4%85+Bilderberg&amp;oq=Grup%C4%85+Bilderberg&amp;gs_lcrp=EgZjaHJvbWUyBggAEEUYOdIBCTI2MzVqMGoxNagCCLACAQ&amp;sourceid=chrome&amp;ie=UTF-8\">Grup\u0105 Bilderberg<\/a>&#8222;<\/strong><\/p>\n\n\n\n<p>&#8222;Kto teraz wygra\u0142by wybory prezydenckie? Jest pewne zaskoczenie&#8221;. \u0179r\u00f3d\u0142o:&nbsp;<a href=\"https:\/\/dorzeczy.pl\/opinie\/874024\/kto-teraz-wygralby-wybory-prezydenckie-polacy-odpowiedzieli.html\">Wirtualna Polska\/DoRzeczy.pl<\/a><\/p>\n\n\n\n<p>16.04.2026 12.39 <strong>Na \u015awiecie trwa wielka gra, my na szachownicy jeste\u015bmy tylko pionkiem, bez widocznego na scenie politycznej w\u0142adcy &#8222;Dux Poloniae&#8221;. Takie jest moje \u017cyczenie, za\u0142o\u017cy\u0142em <a href=\"https:\/\/www.google.com\/search?q=czapk%C4%99+niewitk%C4%99&amp;oq=czapk%C4%99+niewitk%C4%99&amp;gs_lcrp=EgZjaHJvbWUyBggAEEUYOdIBCTI0MjJqMGoxNagCCLACAQ&amp;sourceid=chrome&amp;ie=UTF-8\">czapk\u0119 niewidk\u0119<\/a>. Mo\u017ce tylko mi si\u0119 tak wydaj\u0119, jak zamkn\u0119 oczy i nic nie widz\u0119. W ka\u017cdym razie ze wzgl\u0119du na wysoki wzrost daleko widz\u0119, czasami zastanawiam si\u0119 jakiej si\u0142y potrzebuj\u0119 najbardziej. Na razie nie posiadam, \u017cadnej mocy opr\u00f3cz szcz\u0119\u015bcia i optymizmu. Dlatego wiem, \u017ce poradz\u0119 sobie ze wszystkimi przeciwno\u015bciami i pokonam wszystkich graczy. <\/strong> <strong>Na razie najlepszym graczem jest <a href=\"https:\/\/www.google.com\/search?q=Donald+Trump&amp;oq=Donald+Trump&amp;gs_lcrp=EgZjaHJvbWUyBggAEEUYOTIGCAEQRRg8MgYIAhBFGD0yBggDEEUYPDIGCAQQRRhBMgYIBRBFGEEyBggGEEUYQdIBCTIwOTBqMGoxNagCCLACAQ&amp;sourceid=chrome&amp;ie=UTF-8\">Donald Trump<\/a>, <a href=\"https:\/\/www.google.com\/search?q=W%C5%82adimir+Putin&amp;oq=W%C5%82adimir+Putin&amp;gs_lcrp=EgZjaHJvbWUyBggAEEUYOTIGCAEQRRg9MgYIAhBFGD0yBggDEEUYQdIBCTI3MTdqMGoxNagCCLACAQ&amp;sourceid=chrome&amp;ie=UTF-8\">W\u0142adimir Putin<\/a>, <a href=\"https:\/\/www.google.com\/search?q=Aleksander+%C5%81ukaszenka&amp;oq=Aleksander+%C5%81ukaszenka&amp;gs_lcrp=EgZjaHJvbWUyBggAEEUYOdIBCTI0OTdqMGoxNagCCLACAQ&amp;sourceid=chrome&amp;ie=UTF-8\">Aleksander \u0141ukaszenka<\/a>, <a href=\"https:\/\/www.google.com\/search?q=Xi&amp;oq=Xi&amp;gs_lcrp=EgZjaHJvbWUyBggAEEUYOTIGCAEQRRg8MgYIAhBFGDwyBggDEEUYPNIBCTIyNDFqMGoxNagCCLACAQ&amp;sourceid=chrome&amp;ie=UTF-8\">Xi Jinping<\/a>, <a href=\"https:\/\/pl.wikipedia.org\/wiki\/Narendra_Modi\">Narendra Modi<\/a> i <a href=\"https:\/\/www.google.com\/search?q=W%C5%82adimir+Zelenski&amp;oq=W%C5%82adimir+Zelenski&amp;gs_lcrp=EgZjaHJvbWUyBggAEEUYOdIBCTI1OTdqMGoxNagCCLACAQ&amp;sourceid=chrome&amp;ie=UTF-8\">Wo\u0142odymyr Ze\u0142enski<\/a>. Najlepiej szachuje Donald ale jest ryzyko konfliktu globalnego, musimy temu zapobiec.<\/strong> <strong>S\u0142ysza\u0142em o sojuszu Ukrai\u0144sko Niemieckim. Mog\u0105 nas wch\u0142on\u0105\u0107. Ogarnia mnie Gnoza przera\u017cenia. Ja zaliczam si\u0119 do <a href=\"https:\/\/www.national-geographic.pl\/historia\/gnoza-czyli-pierwsza-z-herezji-gnostycy-bardzo-nietypowo-definiowali-chrzescijanstwo\/\">&#8222;rzeszy nie\u015bwiadomego, prymitywnego mot\u0142ochu&#8221;<\/a>.<\/strong> <strong>Nie chc\u0119 \u017ceby <a href=\"https:\/\/www.national-geographic.pl\/historia\/nawracali-na-chrzescijanstwo-ogniem-i-mieczem-dlaczego-byli-tak-agresywni\/\">&#8222;zakon krzy\u017cacki zbudowa\u0142 swoj\u0105 pot\u0119g\u0119&#8221;.<\/a>..Jak temu zapobiec, trzeba ich ogra\u0107. Zapomnia\u0142em, jeszcze Izrael i Wielki Izrael w planach. To za du\u017co na moj\u0105 g\u0142ow\u0119, jak ogl\u0105dam wiadomo\u015bci zaczyna mnie bole\u0107 m\u00f3zg. Nie pomagaj\u0105 tabletki. \u0141api\u0119 si\u0119 za g\u0142ow\u0119 i mam wra\u017cenie, \u017ce widz\u0119 przesz\u0142o\u015b\u0107 i przysz\u0142o\u015b\u0107. Jak za kartk\u0105 papieru ze zdj\u0119ciem. Czasami ogl\u0105dam te\u017c pana Jackowskiego&#8230;<\/strong><\/p>\n\n\n\n<p>\u0179r\u00f3d\u0142o: Dzisiejszy przegl\u0105d Internetu na YouTube<\/p>\n\n\n\n<p>Verte &gt;<a href=\"https:\/\/topol.org.pl\/?page_id=6187\">Fundacja Narodowe Si\u0142y Samoobrony \u201eGrot\u201d<\/a><\/p>\n\n\n\n<p><\/p>\n","protected":false},"excerpt":{"rendered":"<p>16.04.2026 06.29 Ludzie &#8222;w Referendum zag\u0142osowali za&#8230;Grup\u0105 Bilderberg&#8222; &#8222;Kto teraz wygra\u0142by wybory prezydenckie? Jest pewne zaskoczenie&#8221;. \u0179r\u00f3d\u0142o:&nbsp;Wirtualna Polska\/DoRzeczy.pl 16.04.2026 12.39 Na \u015awiecie trwa wielka gra, my na szachownicy jeste\u015bmy tylko pionkiem, bez widocznego na scenie politycznej w\u0142adcy &#8222;Dux Poloniae&#8221;. Takie jest moje \u017cyczenie, za\u0142o\u017cy\u0142em czapk\u0119 niewidk\u0119. Mo\u017ce tylko mi si\u0119 tak wydaj\u0119, jak zamkn\u0119 oczy [&hellip;]<\/p>\n","protected":false},"author":1,"featured_media":0,"parent":13860,"menu_order":15,"comment_status":"closed","ping_status":"closed","template":"","meta":{"footnotes":""},"class_list":["post-14599","page","type-page","status-publish","hentry"],"_links":{"self":[{"href":"https:\/\/topol.org.pl\/index.php?rest_route=\/wp\/v2\/pages\/14599","targetHints":{"allow":["GET"]}}],"collection":[{"href":"https:\/\/topol.org.pl\/index.php?rest_route=\/wp\/v2\/pages"}],"about":[{"href":"https:\/\/topol.org.pl\/index.php?rest_route=\/wp\/v2\/types\/page"}],"author":[{"embeddable":true,"href":"https:\/\/topol.org.pl\/index.php?rest_route=\/wp\/v2\/users\/1"}],"replies":[{"embeddable":true,"href":"https:\/\/topol.org.pl\/index.php?rest_route=%2Fwp%2Fv2%2Fcomments&post=14599"}],"version-history":[{"count":10,"href":"https:\/\/topol.org.pl\/index.php?rest_route=\/wp\/v2\/pages\/14599\/revisions"}],"predecessor-version":[{"id":14617,"href":"https:\/\/topol.org.pl\/index.php?rest_route=\/wp\/v2\/pages\/14599\/revisions\/14617"}],"up":[{"embeddable":true,"href":"https:\/\/topol.org.pl\/index.php?rest_route=\/wp\/v2\/pages\/13860"}],"wp:attachment":[{"href":"https:\/\/topol.org.pl\/index.php?rest_route=%2Fwp%2Fv2%2Fmedia&parent=14599"}],"curies":[{"name":"wp","href":"https:\/\/api.w.org\/{rel}","templated":true}]}}