{"id":14629,"date":"2026-04-19T11:55:41","date_gmt":"2026-04-19T09:55:41","guid":{"rendered":"https:\/\/topol.org.pl\/?page_id=14629"},"modified":"2026-04-19T22:16:24","modified_gmt":"2026-04-19T20:16:24","slug":"najlepszy-film-to-taki-ktory-najdluzej-trzyma-w-napieciu-powiedzial-pewien","status":"publish","type":"page","link":"https:\/\/topol.org.pl\/?page_id=14629","title":{"rendered":"\u201eNajlepszy film to taki, kt\u00f3ry najd\u0142u\u017cej trzyma w napi\u0119ciu\u201d-napisano na pocz\u0105tku&#8230;"},"content":{"rendered":"\n<p>19.04.2026 11.36 \u201eNajlepszy film to taki, kt\u00f3ry najd\u0142u\u017cej trzyma w napi\u0119ciu\u201d<\/p>\n\n\n\n<p>19.04.2026 11.38 <strong>Podobno Adam nie zosta\u0142 skuszony przez Ew\u0119 do grzechu tylko \u015bwiadomie dla jej dobra zjad\u0142 jab\u0142ko. Chcia\u0142 jej zrobi\u0107 przyjemno\u015b\u0107. \u017beby nie zosta\u0142a sama. Tak m\u00f3wi, na nagraniu w YouTube osoba wiedz\u0105ca z pierwszego \u017ar\u00f3d\u0142a.<\/strong><\/p>\n\n\n\n<p><strong>Czasami ogl\u0105dam obja\u015bnienia do historii z \u017cycia ludzi, kt\u00f3rzy ci\u0105gle pisz\u0105 nam scenariusz do \u017cycia&#8230;<\/strong> \u0179r\u00f3d\u0142o: <a href=\"https:\/\/www.youtube.com\/watch?v=rYv3qHWqQoc\">Tajemniczy \u015awiat \u017byd\u00f3w<\/a><br><strong>Obejrza\u0142em, jak film by\u0142 dost\u0119pny dla wszystkich, teraz jest dost\u0119pny dla ciekawskich&#8230; i trzeba wesprze\u0107 kana\u0142.<\/strong><br>Verte ><a href=\"https:\/\/topol.org.pl\/?page_id=6187\">Fundacja Narodowe Si\u0142y Samoobrony \u201eGrot\u201d<\/a> <br><br><\/p>\n\n\n\n<p><\/p>\n","protected":false},"excerpt":{"rendered":"<p>19.04.2026 11.36 \u201eNajlepszy film to taki, kt\u00f3ry najd\u0142u\u017cej trzyma w napi\u0119ciu\u201d 19.04.2026 11.38 Podobno Adam nie zosta\u0142 skuszony przez Ew\u0119 do grzechu tylko \u015bwiadomie dla jej dobra zjad\u0142 jab\u0142ko. Chcia\u0142 jej zrobi\u0107 przyjemno\u015b\u0107. \u017beby nie zosta\u0142a sama. Tak m\u00f3wi, na nagraniu w YouTube osoba wiedz\u0105ca z pierwszego \u017ar\u00f3d\u0142a. Czasami ogl\u0105dam obja\u015bnienia do historii z \u017cycia [&hellip;]<\/p>\n","protected":false},"author":1,"featured_media":0,"parent":14556,"menu_order":0,"comment_status":"closed","ping_status":"closed","template":"","meta":{"footnotes":""},"class_list":["post-14629","page","type-page","status-publish","hentry"],"_links":{"self":[{"href":"https:\/\/topol.org.pl\/index.php?rest_route=\/wp\/v2\/pages\/14629","targetHints":{"allow":["GET"]}}],"collection":[{"href":"https:\/\/topol.org.pl\/index.php?rest_route=\/wp\/v2\/pages"}],"about":[{"href":"https:\/\/topol.org.pl\/index.php?rest_route=\/wp\/v2\/types\/page"}],"author":[{"embeddable":true,"href":"https:\/\/topol.org.pl\/index.php?rest_route=\/wp\/v2\/users\/1"}],"replies":[{"embeddable":true,"href":"https:\/\/topol.org.pl\/index.php?rest_route=%2Fwp%2Fv2%2Fcomments&post=14629"}],"version-history":[{"count":13,"href":"https:\/\/topol.org.pl\/index.php?rest_route=\/wp\/v2\/pages\/14629\/revisions"}],"predecessor-version":[{"id":14655,"href":"https:\/\/topol.org.pl\/index.php?rest_route=\/wp\/v2\/pages\/14629\/revisions\/14655"}],"up":[{"embeddable":true,"href":"https:\/\/topol.org.pl\/index.php?rest_route=\/wp\/v2\/pages\/14556"}],"wp:attachment":[{"href":"https:\/\/topol.org.pl\/index.php?rest_route=%2Fwp%2Fv2%2Fmedia&parent=14629"}],"curies":[{"name":"wp","href":"https:\/\/api.w.org\/{rel}","templated":true}]}}