{"id":14656,"date":"2026-04-19T18:40:04","date_gmt":"2026-04-19T16:40:04","guid":{"rendered":"https:\/\/topol.org.pl\/?page_id=14656"},"modified":"2026-04-19T18:40:04","modified_gmt":"2026-04-19T16:40:04","slug":"prezydent-karol-nawrocki-wzial-udzial-w-narodowym-marszu-zycia-2026","status":"publish","type":"page","link":"https:\/\/topol.org.pl\/?page_id=14656","title":{"rendered":"&#8222;Prezydent Karol Nawrocki wzi\u0105\u0142 udzia\u0142 w Narodowym Marszu \u017bycia 2026&#8221;"},"content":{"rendered":"\n<p>19.04.2026 18.37 &#8222;Prezydent Karol Nawrocki wzi\u0105\u0142 udzia\u0142 w Narodowym Marszu \u017bycia 2026&#8221; \u0179r\u00f3d\u0142o: <a href=\"https:\/\/dorzeczy.pl\/religia\/875554\/warszawa-narodowy-marsz-zycia-z-udzialem-prezydenta.html\">DoRzeczy.pl<\/a><\/p>\n\n\n\n<p>Verte ><a href=\"https:\/\/topol.org.pl\/?page_id=6187\">Fundacja Narodowe Si\u0142y Samoobrony \u201eGrot\u201d<\/a><\/p>\n\n\n\n<p><\/p>\n","protected":false},"excerpt":{"rendered":"<p>19.04.2026 18.37 &#8222;Prezydent Karol Nawrocki wzi\u0105\u0142 udzia\u0142 w Narodowym Marszu \u017bycia 2026&#8221; \u0179r\u00f3d\u0142o: DoRzeczy.pl Verte >Fundacja Narodowe Si\u0142y Samoobrony \u201eGrot\u201d<\/p>\n","protected":false},"author":1,"featured_media":0,"parent":2285,"menu_order":0,"comment_status":"closed","ping_status":"closed","template":"","meta":{"footnotes":""},"class_list":["post-14656","page","type-page","status-publish","hentry"],"_links":{"self":[{"href":"https:\/\/topol.org.pl\/index.php?rest_route=\/wp\/v2\/pages\/14656","targetHints":{"allow":["GET"]}}],"collection":[{"href":"https:\/\/topol.org.pl\/index.php?rest_route=\/wp\/v2\/pages"}],"about":[{"href":"https:\/\/topol.org.pl\/index.php?rest_route=\/wp\/v2\/types\/page"}],"author":[{"embeddable":true,"href":"https:\/\/topol.org.pl\/index.php?rest_route=\/wp\/v2\/users\/1"}],"replies":[{"embeddable":true,"href":"https:\/\/topol.org.pl\/index.php?rest_route=%2Fwp%2Fv2%2Fcomments&post=14656"}],"version-history":[{"count":1,"href":"https:\/\/topol.org.pl\/index.php?rest_route=\/wp\/v2\/pages\/14656\/revisions"}],"predecessor-version":[{"id":14657,"href":"https:\/\/topol.org.pl\/index.php?rest_route=\/wp\/v2\/pages\/14656\/revisions\/14657"}],"up":[{"embeddable":true,"href":"https:\/\/topol.org.pl\/index.php?rest_route=\/wp\/v2\/pages\/2285"}],"wp:attachment":[{"href":"https:\/\/topol.org.pl\/index.php?rest_route=%2Fwp%2Fv2%2Fmedia&parent=14656"}],"curies":[{"name":"wp","href":"https:\/\/api.w.org\/{rel}","templated":true}]}}