{"id":14658,"date":"2026-04-20T09:25:53","date_gmt":"2026-04-20T07:25:53","guid":{"rendered":"https:\/\/topol.org.pl\/?page_id=14658"},"modified":"2026-04-20T09:29:28","modified_gmt":"2026-04-20T07:29:28","slug":"zachodnia-flanka-nato","status":"publish","type":"page","link":"https:\/\/topol.org.pl\/?page_id=14658","title":{"rendered":"Zachodnia flanka NATO ?"},"content":{"rendered":"\n<p>20.04.2026 09.11 <strong>Zachodnia flanka NATO ? Czy powstanie? Francja i Niemcy nie sfinalizuj\u0105 projektu wsp\u00f3lnego my\u015bliwca. To nasuwa na my\u015bl, \u017ce nie maj\u0105 wsp\u00f3lnych interes\u00f3w odno\u015bnie obrony nieba. Niemcy w strategicznym sojuszu z Ukrain\u0105 zagra\u017caj\u0105 zar\u00f3wno Francji jak i Polsce. M\u00f3wi\u0119 nie tylko o rolnictwie. Dlatego zak\u0142adam, \u017ce wizyta Prezydenta Francji i spotkanie z Premierem zacie\u015bni wsp\u00f3\u0142prac\u0119 w sprawach obrony zachodniej flanki NATO.<\/strong><\/p>\n\n\n\n<p>Verte ><a href=\"https:\/\/topol.org.pl\/?page_id=6187\">Fundacja Narodowe Si\u0142y Samoobrony \u201eGrot\u201d<\/a><\/p>\n","protected":false},"excerpt":{"rendered":"<p>20.04.2026 09.11 Zachodnia flanka NATO ? Czy powstanie? Francja i Niemcy nie sfinalizuj\u0105 projektu wsp\u00f3lnego my\u015bliwca. To nasuwa na my\u015bl, \u017ce nie maj\u0105 wsp\u00f3lnych interes\u00f3w odno\u015bnie obrony nieba. Niemcy w strategicznym sojuszu z Ukrain\u0105 zagra\u017caj\u0105 zar\u00f3wno Francji jak i Polsce. M\u00f3wi\u0119 nie tylko o rolnictwie. Dlatego zak\u0142adam, \u017ce wizyta Prezydenta Francji i spotkanie z Premierem [&hellip;]<\/p>\n","protected":false},"author":1,"featured_media":0,"parent":13860,"menu_order":17,"comment_status":"closed","ping_status":"closed","template":"","meta":{"footnotes":""},"class_list":["post-14658","page","type-page","status-publish","hentry"],"_links":{"self":[{"href":"https:\/\/topol.org.pl\/index.php?rest_route=\/wp\/v2\/pages\/14658","targetHints":{"allow":["GET"]}}],"collection":[{"href":"https:\/\/topol.org.pl\/index.php?rest_route=\/wp\/v2\/pages"}],"about":[{"href":"https:\/\/topol.org.pl\/index.php?rest_route=\/wp\/v2\/types\/page"}],"author":[{"embeddable":true,"href":"https:\/\/topol.org.pl\/index.php?rest_route=\/wp\/v2\/users\/1"}],"replies":[{"embeddable":true,"href":"https:\/\/topol.org.pl\/index.php?rest_route=%2Fwp%2Fv2%2Fcomments&post=14658"}],"version-history":[{"count":1,"href":"https:\/\/topol.org.pl\/index.php?rest_route=\/wp\/v2\/pages\/14658\/revisions"}],"predecessor-version":[{"id":14659,"href":"https:\/\/topol.org.pl\/index.php?rest_route=\/wp\/v2\/pages\/14658\/revisions\/14659"}],"up":[{"embeddable":true,"href":"https:\/\/topol.org.pl\/index.php?rest_route=\/wp\/v2\/pages\/13860"}],"wp:attachment":[{"href":"https:\/\/topol.org.pl\/index.php?rest_route=%2Fwp%2Fv2%2Fmedia&parent=14658"}],"curies":[{"name":"wp","href":"https:\/\/api.w.org\/{rel}","templated":true}]}}