{"id":14660,"date":"2026-04-20T10:33:54","date_gmt":"2026-04-20T08:33:54","guid":{"rendered":"https:\/\/topol.org.pl\/?page_id=14660"},"modified":"2026-04-20T15:47:38","modified_gmt":"2026-04-20T13:47:38","slug":"ocena-sytuacji-na-wschodniej-flance-nato","status":"publish","type":"page","link":"https:\/\/topol.org.pl\/?page_id=14660","title":{"rendered":"Ocena sytuacji na wschodniej flance NATO."},"content":{"rendered":"\n<p>20.04.2026 10.20 <strong>Je\u015bli chodzi o pa\u0144stwa ba\u0142tyckie. One s\u0105 wyludnione. Atak Rosjan na te pa\u0144stwa jest bezcelowy, poniewa\u017c wszyscy si\u0119 ewakuuj\u0105 i nie b\u0119dzie ludzi na tym terenie. Wszystko zaro\u015bnie nie b\u0119dzie komu kosi\u0107 trawy. To samo w Kr\u00f3lewcu, czyli Kaliningradzie. Bia\u0142oru\u015b wykorzystuje Rosj\u0119. Chce by\u0107 skansenem dobrobytu. Dlatego wojn\u0119 ma w powa\u017caniu. Jest dla nas buforem oddzielaj\u0105cym od imperialnej Rosji. Mamy cichy sojusz z Bia\u0142orusi\u0105. Wy nie ruszacie Polski i my nie ruszamy Polski. Mamy wszystko w powa\u017caniu. Dlatego niech Ukraina b\u0119dzie spokojna, nic jej nie grozi. Opr\u00f3cz tego, \u017ce wojna trwa na jej terytorium. Ale nikt jej nie zagra\u017ca, ju\u017c tak d\u0142ugo nas destabilizujecie, \u017ce&#8230;<\/strong><\/p>\n\n\n\n<p>Verte &gt;<a href=\"https:\/\/topol.org.pl\/?page_id=6187\">Fundacja Narodowe Si\u0142y Samoobrony \u201eGrot\u201d<\/a><\/p>\n","protected":false},"excerpt":{"rendered":"<p>20.04.2026 10.20 Je\u015bli chodzi o pa\u0144stwa ba\u0142tyckie. One s\u0105 wyludnione. Atak Rosjan na te pa\u0144stwa jest bezcelowy, poniewa\u017c wszyscy si\u0119 ewakuuj\u0105 i nie b\u0119dzie ludzi na tym terenie. Wszystko zaro\u015bnie nie b\u0119dzie komu kosi\u0107 trawy. To samo w Kr\u00f3lewcu, czyli Kaliningradzie. Bia\u0142oru\u015b wykorzystuje Rosj\u0119. Chce by\u0107 skansenem dobrobytu. Dlatego wojn\u0119 ma w powa\u017caniu. Jest dla [&hellip;]<\/p>\n","protected":false},"author":1,"featured_media":0,"parent":13860,"menu_order":18,"comment_status":"closed","ping_status":"closed","template":"","meta":{"footnotes":""},"class_list":["post-14660","page","type-page","status-publish","hentry"],"_links":{"self":[{"href":"https:\/\/topol.org.pl\/index.php?rest_route=\/wp\/v2\/pages\/14660","targetHints":{"allow":["GET"]}}],"collection":[{"href":"https:\/\/topol.org.pl\/index.php?rest_route=\/wp\/v2\/pages"}],"about":[{"href":"https:\/\/topol.org.pl\/index.php?rest_route=\/wp\/v2\/types\/page"}],"author":[{"embeddable":true,"href":"https:\/\/topol.org.pl\/index.php?rest_route=\/wp\/v2\/users\/1"}],"replies":[{"embeddable":true,"href":"https:\/\/topol.org.pl\/index.php?rest_route=%2Fwp%2Fv2%2Fcomments&post=14660"}],"version-history":[{"count":5,"href":"https:\/\/topol.org.pl\/index.php?rest_route=\/wp\/v2\/pages\/14660\/revisions"}],"predecessor-version":[{"id":14667,"href":"https:\/\/topol.org.pl\/index.php?rest_route=\/wp\/v2\/pages\/14660\/revisions\/14667"}],"up":[{"embeddable":true,"href":"https:\/\/topol.org.pl\/index.php?rest_route=\/wp\/v2\/pages\/13860"}],"wp:attachment":[{"href":"https:\/\/topol.org.pl\/index.php?rest_route=%2Fwp%2Fv2%2Fmedia&parent=14660"}],"curies":[{"name":"wp","href":"https:\/\/api.w.org\/{rel}","templated":true}]}}