{"id":14663,"date":"2026-04-20T11:46:41","date_gmt":"2026-04-20T09:46:41","guid":{"rendered":"https:\/\/topol.org.pl\/?page_id=14663"},"modified":"2026-04-22T06:35:17","modified_gmt":"2026-04-22T04:35:17","slug":"w-tajnej-sluzbie-iii-rp","status":"publish","type":"page","link":"https:\/\/topol.org.pl\/?page_id=14663","title":{"rendered":"&#8222;W tajnej s\u0142u\u017cbie III\u00a0RP&#8221;"},"content":{"rendered":"\n<p>20.04.2026 11.39 &#8222;W tajnej s\u0142u\u017cbie III\u00a0RP&#8221; \u0179r\u00f3d\u0142o:\u00a0<a href=\"https:\/\/dorzeczy.pl\/opinie\/875707\/wsi-uop-abw-plk-gawryszewski-w-tajnej-sluzbie-iii-rp.html\">DoRzeczy.pl<\/a> <\/p>\n\n\n\n<p>Verte ><a href=\"https:\/\/topol.org.pl\/?page_id=6187\">Fundacja Narodowe Si\u0142y Samoobrony \u201eGrot\u201d<\/a><\/p>\n\n\n\n<p><\/p>\n","protected":false},"excerpt":{"rendered":"<p>20.04.2026 11.39 &#8222;W tajnej s\u0142u\u017cbie III\u00a0RP&#8221; \u0179r\u00f3d\u0142o:\u00a0DoRzeczy.pl Verte >Fundacja Narodowe Si\u0142y Samoobrony \u201eGrot\u201d<\/p>\n","protected":false},"author":1,"featured_media":0,"parent":14539,"menu_order":0,"comment_status":"closed","ping_status":"closed","template":"","meta":{"footnotes":""},"class_list":["post-14663","page","type-page","status-publish","hentry"],"_links":{"self":[{"href":"https:\/\/topol.org.pl\/index.php?rest_route=\/wp\/v2\/pages\/14663","targetHints":{"allow":["GET"]}}],"collection":[{"href":"https:\/\/topol.org.pl\/index.php?rest_route=\/wp\/v2\/pages"}],"about":[{"href":"https:\/\/topol.org.pl\/index.php?rest_route=\/wp\/v2\/types\/page"}],"author":[{"embeddable":true,"href":"https:\/\/topol.org.pl\/index.php?rest_route=\/wp\/v2\/users\/1"}],"replies":[{"embeddable":true,"href":"https:\/\/topol.org.pl\/index.php?rest_route=%2Fwp%2Fv2%2Fcomments&post=14663"}],"version-history":[{"count":1,"href":"https:\/\/topol.org.pl\/index.php?rest_route=\/wp\/v2\/pages\/14663\/revisions"}],"predecessor-version":[{"id":14664,"href":"https:\/\/topol.org.pl\/index.php?rest_route=\/wp\/v2\/pages\/14663\/revisions\/14664"}],"up":[{"embeddable":true,"href":"https:\/\/topol.org.pl\/index.php?rest_route=\/wp\/v2\/pages\/14539"}],"wp:attachment":[{"href":"https:\/\/topol.org.pl\/index.php?rest_route=%2Fwp%2Fv2%2Fmedia&parent=14663"}],"curies":[{"name":"wp","href":"https:\/\/api.w.org\/{rel}","templated":true}]}}