{"id":14668,"date":"2026-04-20T16:31:30","date_gmt":"2026-04-20T14:31:30","guid":{"rendered":"https:\/\/topol.org.pl\/?page_id=14668"},"modified":"2026-04-22T06:35:02","modified_gmt":"2026-04-22T04:35:02","slug":"kino-na-sterydach-opowiesc-o-gangsterach-to-rownoczesnie-opowiesc-o-polsce","status":"publish","type":"page","link":"https:\/\/topol.org.pl\/?page_id=14668","title":{"rendered":"\u201ekino na sterydach\u201d \u2013 opowie\u015b\u0107 o gangsterach to r\u00f3wnocze\u015bnie opowie\u015b\u0107 o Polsce."},"content":{"rendered":"\n<p>20.04.2026 16.10 <strong>Powsta\u0142 nowy film o gangsterach, ale dlaczego w recenzji jest m\u00f3wione, \u017ce to film o Polsce. Mo\u017ce autorowi chodzi o sytuacj\u0119 na scenie politycznej w latach dziewi\u0119\u0107dziesi\u0105tych po zmianach w 1989 roku.<\/strong><\/p>\n\n\n\n<p>\u0179r\u00f3d\u0142o: <a href=\"https:\/\/www.rp.pl\/plus-minus\/art44169811-polski-film-gangsterski-stawia-pytania-o-kryzys-tozsamosci-i-cene-awansu\">rp.pl<\/a><\/p>\n\n\n\n<p>Polecam film na YouTube.<\/p>\n\n\n\n<p>Rz\u0105dz\u0105cy ukrywaj\u0105 to od 33 lat! Jaka jest prawda o \u201cnocnej zmianie\u201d i obaleniu rz\u0105du Olszewskiego? \u0179r\u00f3d\u0142o: <a href=\"https:\/\/www.youtube.com\/watch?v=k3_CaoW5fy4\">Tomasz Piekielnik<\/a><br><br>Verte &gt;<a href=\"https:\/\/topol.org.pl\/?page_id=6187\">Fundacja Narodowe Si\u0142y Samoobrony \u201eGrot\u201d<\/a><\/p>\n","protected":false},"excerpt":{"rendered":"<p>20.04.2026 16.10 Powsta\u0142 nowy film o gangsterach, ale dlaczego w recenzji jest m\u00f3wione, \u017ce to film o Polsce. Mo\u017ce autorowi chodzi o sytuacj\u0119 na scenie politycznej w latach dziewi\u0119\u0107dziesi\u0105tych po zmianach w 1989 roku. \u0179r\u00f3d\u0142o: rp.pl Polecam film na YouTube. Rz\u0105dz\u0105cy ukrywaj\u0105 to od 33 lat! Jaka jest prawda o \u201cnocnej zmianie\u201d i obaleniu rz\u0105du [&hellip;]<\/p>\n","protected":false},"author":1,"featured_media":0,"parent":14539,"menu_order":0,"comment_status":"closed","ping_status":"closed","template":"","meta":{"footnotes":""},"class_list":["post-14668","page","type-page","status-publish","hentry"],"_links":{"self":[{"href":"https:\/\/topol.org.pl\/index.php?rest_route=\/wp\/v2\/pages\/14668","targetHints":{"allow":["GET"]}}],"collection":[{"href":"https:\/\/topol.org.pl\/index.php?rest_route=\/wp\/v2\/pages"}],"about":[{"href":"https:\/\/topol.org.pl\/index.php?rest_route=\/wp\/v2\/types\/page"}],"author":[{"embeddable":true,"href":"https:\/\/topol.org.pl\/index.php?rest_route=\/wp\/v2\/users\/1"}],"replies":[{"embeddable":true,"href":"https:\/\/topol.org.pl\/index.php?rest_route=%2Fwp%2Fv2%2Fcomments&post=14668"}],"version-history":[{"count":2,"href":"https:\/\/topol.org.pl\/index.php?rest_route=\/wp\/v2\/pages\/14668\/revisions"}],"predecessor-version":[{"id":14670,"href":"https:\/\/topol.org.pl\/index.php?rest_route=\/wp\/v2\/pages\/14668\/revisions\/14670"}],"up":[{"embeddable":true,"href":"https:\/\/topol.org.pl\/index.php?rest_route=\/wp\/v2\/pages\/14539"}],"wp:attachment":[{"href":"https:\/\/topol.org.pl\/index.php?rest_route=%2Fwp%2Fv2%2Fmedia&parent=14668"}],"curies":[{"name":"wp","href":"https:\/\/api.w.org\/{rel}","templated":true}]}}