{"id":14672,"date":"2026-04-20T21:04:04","date_gmt":"2026-04-20T19:04:04","guid":{"rendered":"https:\/\/topol.org.pl\/?page_id=14672"},"modified":"2026-04-21T19:02:03","modified_gmt":"2026-04-21T17:02:03","slug":"swiadomosc-to-nie-cecha-mozgu-a-jego-programu-komputerowego-david-deutsch-nagroda-newtona","status":"publish","type":"page","link":"https:\/\/topol.org.pl\/?page_id=14672","title":{"rendered":"\u201e\u015awiadomo\u015b\u0107 to nie cecha m\u00f3zgu, a jego programu komputerowego!\u201d | David Deutsch, Nagroda Newtona"},"content":{"rendered":"\n<p>\u201e\u015awiadomo\u015b\u0107 to nie cecha m\u00f3zgu, a jego programu komputerowego!\u201d | David Deutsch, Nagroda Newtona \u0179r\u00f3d\u0142o: <a href=\"https:\/\/www.youtube.com\/watch?v=xXsDCvwWkmA\">This Is IT &#8211; Maciej Kawecki<\/a><\/p>\n\n\n\n<p>20.04.2026 20.43 <strong>Z tego zdania wynika, \u017ce m\u00f3zg jest komputerem a \u015bwiadomo\u015b\u0107 programem. Jestem przekonany, \u017ce jest jeden wszech\u015bwiat. <a href=\"https:\/\/topol.org.pl\/?page_id=14379\">Neutrino to eter.<\/a> \u015awiadomo\u015b\u0107 to eter poruszaj\u0105cy si\u0119 z niesko\u0144czon\u0105 pr\u0119dko\u015bci\u0105. Dlaczego tak s\u0105dz\u0119 , poniewa\u017c w ka\u017cdej chwili moja \u015bwiadomo\u015b\u0107 mo\u017ce zaw\u0119drowa\u0107 na koniec galaktyki i wszech\u015bwiata. Wystarczy, \u017ce spojrz\u0119 w niebo.<\/strong><\/p>\n\n\n\n<p>21.04.2026 08.57 <strong>To nic duchowego, to tylko wyobra\u017ania !<\/strong><\/p>\n\n\n\n<p><strong>My\u015bl\u0119&#8230;, ludziom mo\u017cna wm\u00f3wi\u0107, \u017ce zamiast g\u0142owy maj\u0105 komputer kwantowy i oprogramowanie do inwigilacji. Dlatego tak \u0142atwo nimi manipulowa\u0107. We\u017amy sonda\u017ce w prasie. Przecie\u017c taki sonda\u017c mo\u017ce wm\u00f3wi\u0107 wszystko. Dlatego demokracja jest dobra ale rz\u0105dy mniej. Moim zdaniem ludzie , kt\u00f3rzy rz\u0105dz\u0105 ci\u0105gle \u017cyj\u0105 na kredyt. A sp\u0142acaj\u0105 go wszyscy.<\/strong><\/p>\n\n\n\n<p><strong>Sztuczna inteligencja opr\u00f3cz tego, \u017ce nie b\u0119dzie \u015bwiadoma nie b\u0119dzie mia\u0142a wyobra\u017ani.<\/strong> <strong>Zaniechajcie do\u015bwiadcze\u0144 na ludziach zostawcie t\u0105 pseudo nauk\u0105 na zakurzonej p\u00f3\u0142ce.<\/strong><\/p>\n\n\n\n<p><strong>Doceniam to co robi dr. Maciej Kawecki i polecam jego now\u0105 ksi\u0105\u017ck\u0119.<\/strong> <strong>Moja krytyka odnosi si\u0119 do Nagrody Newtona.<\/strong><\/p>\n\n\n\n<p>Verte &gt;<a href=\"https:\/\/topol.org.pl\/?page_id=6187\">Fundacja Narodowe Si\u0142y Samoobrony \u201eGrot\u201d<\/a><br><\/p>\n\n\n\n<p><\/p>\n","protected":false},"excerpt":{"rendered":"<p>\u201e\u015awiadomo\u015b\u0107 to nie cecha m\u00f3zgu, a jego programu komputerowego!\u201d | David Deutsch, Nagroda Newtona \u0179r\u00f3d\u0142o: This Is IT &#8211; Maciej Kawecki 20.04.2026 20.43 Z tego zdania wynika, \u017ce m\u00f3zg jest komputerem a \u015bwiadomo\u015b\u0107 programem. Jestem przekonany, \u017ce jest jeden wszech\u015bwiat. Neutrino to eter. \u015awiadomo\u015b\u0107 to eter poruszaj\u0105cy si\u0119 z niesko\u0144czon\u0105 pr\u0119dko\u015bci\u0105. Dlaczego tak s\u0105dz\u0119 , [&hellip;]<\/p>\n","protected":false},"author":1,"featured_media":0,"parent":11827,"menu_order":11,"comment_status":"closed","ping_status":"closed","template":"","meta":{"footnotes":""},"class_list":["post-14672","page","type-page","status-publish","hentry"],"_links":{"self":[{"href":"https:\/\/topol.org.pl\/index.php?rest_route=\/wp\/v2\/pages\/14672","targetHints":{"allow":["GET"]}}],"collection":[{"href":"https:\/\/topol.org.pl\/index.php?rest_route=\/wp\/v2\/pages"}],"about":[{"href":"https:\/\/topol.org.pl\/index.php?rest_route=\/wp\/v2\/types\/page"}],"author":[{"embeddable":true,"href":"https:\/\/topol.org.pl\/index.php?rest_route=\/wp\/v2\/users\/1"}],"replies":[{"embeddable":true,"href":"https:\/\/topol.org.pl\/index.php?rest_route=%2Fwp%2Fv2%2Fcomments&post=14672"}],"version-history":[{"count":5,"href":"https:\/\/topol.org.pl\/index.php?rest_route=\/wp\/v2\/pages\/14672\/revisions"}],"predecessor-version":[{"id":14680,"href":"https:\/\/topol.org.pl\/index.php?rest_route=\/wp\/v2\/pages\/14672\/revisions\/14680"}],"up":[{"embeddable":true,"href":"https:\/\/topol.org.pl\/index.php?rest_route=\/wp\/v2\/pages\/11827"}],"wp:attachment":[{"href":"https:\/\/topol.org.pl\/index.php?rest_route=%2Fwp%2Fv2%2Fmedia&parent=14672"}],"curies":[{"name":"wp","href":"https:\/\/api.w.org\/{rel}","templated":true}]}}