{"id":14681,"date":"2026-04-22T11:05:42","date_gmt":"2026-04-22T09:05:42","guid":{"rendered":"https:\/\/topol.org.pl\/?page_id=14681"},"modified":"2026-04-23T10:16:25","modified_gmt":"2026-04-23T08:16:25","slug":"curling-jest-czesto-nazywany-szachami-na-lodzie-ze-wzgledu-na-strategie-i-precyzje-wymagana-podczas-zamiatania-i-rzutow","status":"publish","type":"page","link":"https:\/\/topol.org.pl\/?page_id=14681","title":{"rendered":"Curling jest cz\u0119sto nazywany \u201eszachami na lodzie\u201d ze wzgl\u0119du na strategi\u0119 i precyzj\u0119 wymagan\u0105 podczas zamiatania i rzut\u00f3w."},"content":{"rendered":"\n<p>22.04.2026 10.55 <strong>Jak dojdziemy do w\u0142adzy, b\u0119dziemy zamiata\u0107 okruchy&#8230; przed lud\u017ami przyczyniaj\u0105cymi si\u0119 do&#8230; &#8222;Niewolnictwa S\u0142owian&#8221;. \u017beby polecieli jak najdalej.<\/strong><\/p>\n\n\n\n<p><a href=\"https:\/\/www.google.com\/search?q=w+jakim+sporcie+gracze+zamiataj%C4%85+przed+rzuconym+kr%C4%85%C5%BCkiem+%C5%BCeby+dolecia%C5%82+jak+najdalej&amp;oq=w+jakim+sporcie+gracze+zamiataj%C4%85+przed+rzuconym+kr%C4%85%C5%BCkiem+%C5%BCeby+dolecia%C5%82+jak+najdalej&amp;gs_lcrp=EgZjaHJvbWUyBggAEEUYOdIBCjUzNTM3ajBqMTWoAgiwAgE&amp;sourceid=chrome&amp;ie=UTF-8\">&#8222;Curling jest cz\u0119sto nazywany \u201eszachami na lodzie\u201d ze wzgl\u0119du na strategi\u0119 i precyzj\u0119 wymagan\u0105 podczas zamiatania i rzut\u00f3w&#8221;<\/a>. \u0179r\u00f3d\u0142o: AI<\/p>\n\n\n\n<p>&#8222;Wy\u015bwietlam wyniki dla&nbsp;<a href=\"https:\/\/www.google.com\/search?sca_esv=1dcc31bae02bcde9&amp;sxsrf=ANbL-n6TLRjVIr0JYNq6qxrFORNBCqTltg:1776847980675&amp;q=w+jakim+sporcie+gracze+zamiataj%C4%85+przed+rzuconym+kr%C4%85%C5%BCkiem+%C5%BCeby+polecia%C5%82+jak+najdalej&amp;spell=1&amp;sa=X&amp;ved=2ahUKEwjj39TFioGUAxU2UVUIHfaOCx4QkeECKAB6BAgOEAE\">w jakim sporcie gracze zamiataj\u0105 przed rzuconym kr\u0105\u017ckiem \u017ceby&nbsp;<strong><em>polecia\u0142<\/em><\/strong>&nbsp;jak najdalej<\/a><br>Zamiast tego wyszukaj&nbsp;<a href=\"https:\/\/www.google.com\/search?sca_esv=1dcc31bae02bcde9&amp;sxsrf=ANbL-n6TLRjVIr0JYNq6qxrFORNBCqTltg:1776847980675&amp;q=w+jakim+sporcie+gracze+zamiataj%C4%85+przed+rzuconym+kr%C4%85%C5%BCkiem+%C5%BCeby+dolecia%C5%82+jak+najdalej&amp;nfpr=1&amp;sa=X&amp;ved=2ahUKEwjj39TFioGUAxU2UVUIHfaOCx4QvgUoAXoECA4QAg\">w jakim sporcie gracze zamiataj\u0105 przed rzuconym kr\u0105\u017ckiem \u017ceby dolecia\u0142 jak najdalej<\/a><\/p>\n\n\n\n<p>Przegl\u0105d od AI<\/p>\n\n\n\n<p><strong><a href=\"https:\/\/topol.org.pl\/?page_id=14658\">Zosta\u0142y wytoczone najci\u0119\u017csze dzia\u0142a, nie unikniemy konfliktu j\u0105drowego bo jest zaplanowany i realizowany.<\/a><\/strong> <strong>Trzeba odsun\u0105\u0107 zdrajc\u00f3w bo wywo\u0142aj\u0105 zag\u0142ad\u0119.<\/strong><\/p>\n\n\n\n<p>Verte &gt;<a href=\"https:\/\/topol.org.pl\/?page_id=6187\">Fundacja Narodowe Si\u0142y Samoobrony \u201eGrot\u201d<\/a><\/p>\n\n\n\n<p><\/p>\n","protected":false},"excerpt":{"rendered":"<p>22.04.2026 10.55 Jak dojdziemy do w\u0142adzy, b\u0119dziemy zamiata\u0107 okruchy&#8230; przed lud\u017ami przyczyniaj\u0105cymi si\u0119 do&#8230; &#8222;Niewolnictwa S\u0142owian&#8221;. \u017beby polecieli jak najdalej. &#8222;Curling jest cz\u0119sto nazywany \u201eszachami na lodzie\u201d ze wzgl\u0119du na strategi\u0119 i precyzj\u0119 wymagan\u0105 podczas zamiatania i rzut\u00f3w&#8221;. \u0179r\u00f3d\u0142o: AI &#8222;Wy\u015bwietlam wyniki dla&nbsp;w jakim sporcie gracze zamiataj\u0105 przed rzuconym kr\u0105\u017ckiem \u017ceby&nbsp;polecia\u0142&nbsp;jak najdalejZamiast tego wyszukaj&nbsp;w jakim [&hellip;]<\/p>\n","protected":false},"author":1,"featured_media":0,"parent":13860,"menu_order":19,"comment_status":"closed","ping_status":"closed","template":"","meta":{"footnotes":""},"class_list":["post-14681","page","type-page","status-publish","hentry"],"_links":{"self":[{"href":"https:\/\/topol.org.pl\/index.php?rest_route=\/wp\/v2\/pages\/14681","targetHints":{"allow":["GET"]}}],"collection":[{"href":"https:\/\/topol.org.pl\/index.php?rest_route=\/wp\/v2\/pages"}],"about":[{"href":"https:\/\/topol.org.pl\/index.php?rest_route=\/wp\/v2\/types\/page"}],"author":[{"embeddable":true,"href":"https:\/\/topol.org.pl\/index.php?rest_route=\/wp\/v2\/users\/1"}],"replies":[{"embeddable":true,"href":"https:\/\/topol.org.pl\/index.php?rest_route=%2Fwp%2Fv2%2Fcomments&post=14681"}],"version-history":[{"count":4,"href":"https:\/\/topol.org.pl\/index.php?rest_route=\/wp\/v2\/pages\/14681\/revisions"}],"predecessor-version":[{"id":14697,"href":"https:\/\/topol.org.pl\/index.php?rest_route=\/wp\/v2\/pages\/14681\/revisions\/14697"}],"up":[{"embeddable":true,"href":"https:\/\/topol.org.pl\/index.php?rest_route=\/wp\/v2\/pages\/13860"}],"wp:attachment":[{"href":"https:\/\/topol.org.pl\/index.php?rest_route=%2Fwp%2Fv2%2Fmedia&parent=14681"}],"curies":[{"name":"wp","href":"https:\/\/api.w.org\/{rel}","templated":true}]}}