{"id":14684,"date":"2026-04-22T12:20:35","date_gmt":"2026-04-22T10:20:35","guid":{"rendered":"https:\/\/topol.org.pl\/?page_id=14684"},"modified":"2026-04-22T12:22:28","modified_gmt":"2026-04-22T10:22:28","slug":"przywracanie-wolnosci","status":"publish","type":"page","link":"https:\/\/topol.org.pl\/?page_id=14684","title":{"rendered":"\u201ePrzywracanie wolno\u015bci\u201d"},"content":{"rendered":"\n<p>22.04.2026 12.19 \u201ePrzywracanie wolno\u015bci\u201d \u0179r\u00f3d\u0142o: <a href=\"https:\/\/www.rp.pl\/polityka\/art44201431-hegseth-znosi-obowiazkowe-szczepienia-przeciw-grypie-dla-zolnierzy-przywracanie-wolnosci\">rp.pl<\/a><\/p>\n\n\n\n<p>Verte ><a href=\"https:\/\/topol.org.pl\/?page_id=6187\">Fundacja Narodowe Si\u0142y Samoobrony \u201eGrot\u201d<\/a><\/p>\n","protected":false},"excerpt":{"rendered":"<p>22.04.2026 12.19 \u201ePrzywracanie wolno\u015bci\u201d \u0179r\u00f3d\u0142o: rp.pl Verte >Fundacja Narodowe Si\u0142y Samoobrony \u201eGrot\u201d<\/p>\n","protected":false},"author":1,"featured_media":0,"parent":4659,"menu_order":5,"comment_status":"closed","ping_status":"closed","template":"","meta":{"footnotes":""},"class_list":["post-14684","page","type-page","status-publish","hentry"],"_links":{"self":[{"href":"https:\/\/topol.org.pl\/index.php?rest_route=\/wp\/v2\/pages\/14684","targetHints":{"allow":["GET"]}}],"collection":[{"href":"https:\/\/topol.org.pl\/index.php?rest_route=\/wp\/v2\/pages"}],"about":[{"href":"https:\/\/topol.org.pl\/index.php?rest_route=\/wp\/v2\/types\/page"}],"author":[{"embeddable":true,"href":"https:\/\/topol.org.pl\/index.php?rest_route=\/wp\/v2\/users\/1"}],"replies":[{"embeddable":true,"href":"https:\/\/topol.org.pl\/index.php?rest_route=%2Fwp%2Fv2%2Fcomments&post=14684"}],"version-history":[{"count":1,"href":"https:\/\/topol.org.pl\/index.php?rest_route=\/wp\/v2\/pages\/14684\/revisions"}],"predecessor-version":[{"id":14685,"href":"https:\/\/topol.org.pl\/index.php?rest_route=\/wp\/v2\/pages\/14684\/revisions\/14685"}],"up":[{"embeddable":true,"href":"https:\/\/topol.org.pl\/index.php?rest_route=\/wp\/v2\/pages\/4659"}],"wp:attachment":[{"href":"https:\/\/topol.org.pl\/index.php?rest_route=%2Fwp%2Fv2%2Fmedia&parent=14684"}],"curies":[{"name":"wp","href":"https:\/\/api.w.org\/{rel}","templated":true}]}}