{"id":14694,"date":"2026-04-23T10:07:06","date_gmt":"2026-04-23T08:07:06","guid":{"rendered":"https:\/\/topol.org.pl\/?page_id=14694"},"modified":"2026-04-23T10:47:24","modified_gmt":"2026-04-23T08:47:24","slug":"swoja-polityka-odnosnie-wspolpracy-z-francja-spowodujecie-konflikt-nuklearny-na-naszym-terytorium","status":"publish","type":"page","link":"https:\/\/topol.org.pl\/?page_id=14694","title":{"rendered":"Swoj\u0105 polityk\u0105 odno\u015bnie wsp\u00f3\u0142pracy z Francj\u0105 spowodujecie konflikt nuklearny na naszym terytorium."},"content":{"rendered":"\n<p>23.04.2026 10.04 <a href=\"https:\/\/www.google.com\/search?q=Decyzja+o+ewentualnym+u%C5%BCyciu+broni+j%C4%85drowej+b%C4%99dzie+nale%C5%BCe%C4%87+wy%C5%82%C4%85cznie+do+prezydenta+Francji.&amp;oq=Decyzja+o+ewentualnym+u%C5%BCyciu+broni+j%C4%85drowej+b%C4%99dzie+nale%C5%BCe%C4%87+wy%C5%82%C4%85cznie+do+prezydenta+Francji.&amp;gs_lcrp=EgZjaHJvbWUyBggAEEUYOdIBCTI0MDZqMGoxNagCCLACAQ&amp;sourceid=chrome&amp;ie=UTF-8\">&#8222;Decyzja o ewentualnym u\u017cyciu broni j\u0105drowej b\u0119dzie nale\u017ce\u0107 wy\u0142\u0105cznie do prezydenta Francji&#8221;<\/a>.<\/p>\n\n\n\n<p><strong>W dniu dzisiejszym uzna\u0142em, \u017ce wsp\u00f3\u0142praca obronna kraj\u00f3w Unii Europejskiej jest <a href=\"https:\/\/www.google.com\/search?q=niezgodna+z+polsk%C4%85+racj%C4%85+stanu&amp;oq=niezgodna+z+polsk%C4%85+racj%C4%85+stanu&amp;gs_lcrp=EgZjaHJvbWUyBggAEEUYOdIBCTE5OTVqMGoxNagCCLACAQ&amp;sourceid=chrome&amp;ie=UTF-8\">niezgodna z polsk\u0105 racj\u0105 stanu<\/a>. Prowadzimy polityk\u0119, kt\u00f3ra w konsekwencji doprowadzi do zag\u0142ady. \u017b\u0105dam usuni\u0119cia jednostek obcych si\u0142 zbrojnych z naszego terytorium. Szczeg\u00f3lnie niemieckich i francuskich.<\/strong> <strong>Powinni\u015bmy wykorzysta\u0107 <a href=\"https:\/\/www.google.com\/search?q=spotkanie+pa%C5%84stw+tr%C3%B3jmorz&amp;oq=spotkanie+pa%C5%84stw+tr%C3%B3jmorz&amp;gs_lcrp=EgZjaHJvbWUyBggAEEUYOdIBCjE2MDAxajBqMTWoAgiwAgE&amp;sourceid=chrome&amp;ie=UTF-8\">Szczyt Inicjatywy Tr\u00f3jmorza<\/a>, i wypowiedzie\u0107 unijne traktaty wsp\u00f3lnej obrony i podleg\u0142o\u015bci unijnej biurokracji. Jeszcze mo\u017cemy.<\/strong><\/p>\n\n\n\n<p>Verte &gt;<a href=\"https:\/\/topol.org.pl\/?page_id=6187\">Fundacja Narodowe Si\u0142y Samoobrony \u201eGrot\u201d<\/a><\/p>\n\n\n\n<p><\/p>\n","protected":false},"excerpt":{"rendered":"<p>23.04.2026 10.04 &#8222;Decyzja o ewentualnym u\u017cyciu broni j\u0105drowej b\u0119dzie nale\u017ce\u0107 wy\u0142\u0105cznie do prezydenta Francji&#8221;. W dniu dzisiejszym uzna\u0142em, \u017ce wsp\u00f3\u0142praca obronna kraj\u00f3w Unii Europejskiej jest niezgodna z polsk\u0105 racj\u0105 stanu. Prowadzimy polityk\u0119, kt\u00f3ra w konsekwencji doprowadzi do zag\u0142ady. \u017b\u0105dam usuni\u0119cia jednostek obcych si\u0142 zbrojnych z naszego terytorium. Szczeg\u00f3lnie niemieckich i francuskich. Powinni\u015bmy wykorzysta\u0107 Szczyt Inicjatywy [&hellip;]<\/p>\n","protected":false},"author":1,"featured_media":0,"parent":14658,"menu_order":0,"comment_status":"closed","ping_status":"closed","template":"","meta":{"footnotes":""},"class_list":["post-14694","page","type-page","status-publish","hentry"],"_links":{"self":[{"href":"https:\/\/topol.org.pl\/index.php?rest_route=\/wp\/v2\/pages\/14694","targetHints":{"allow":["GET"]}}],"collection":[{"href":"https:\/\/topol.org.pl\/index.php?rest_route=\/wp\/v2\/pages"}],"about":[{"href":"https:\/\/topol.org.pl\/index.php?rest_route=\/wp\/v2\/types\/page"}],"author":[{"embeddable":true,"href":"https:\/\/topol.org.pl\/index.php?rest_route=\/wp\/v2\/users\/1"}],"replies":[{"embeddable":true,"href":"https:\/\/topol.org.pl\/index.php?rest_route=%2Fwp%2Fv2%2Fcomments&post=14694"}],"version-history":[{"count":6,"href":"https:\/\/topol.org.pl\/index.php?rest_route=\/wp\/v2\/pages\/14694\/revisions"}],"predecessor-version":[{"id":14704,"href":"https:\/\/topol.org.pl\/index.php?rest_route=\/wp\/v2\/pages\/14694\/revisions\/14704"}],"up":[{"embeddable":true,"href":"https:\/\/topol.org.pl\/index.php?rest_route=\/wp\/v2\/pages\/14658"}],"wp:attachment":[{"href":"https:\/\/topol.org.pl\/index.php?rest_route=%2Fwp%2Fv2%2Fmedia&parent=14694"}],"curies":[{"name":"wp","href":"https:\/\/api.w.org\/{rel}","templated":true}]}}