{"id":14706,"date":"2026-04-24T09:40:10","date_gmt":"2026-04-24T07:40:10","guid":{"rendered":"https:\/\/topol.org.pl\/?page_id=14706"},"modified":"2026-04-24T13:30:09","modified_gmt":"2026-04-24T11:30:09","slug":"w-samo-poludnie","status":"publish","type":"page","link":"https:\/\/topol.org.pl\/?page_id=14706","title":{"rendered":"&#8222;W samo po\u0142udnie&#8221;"},"content":{"rendered":"\n<p>24.04.2026 09.26 <strong>Na razie rz\u0105dz\u0119 lokalnie , ale to mi nie wystarczy. Co mog\u0119 zaoferowa\u0107, \u017ceby zosta\u0107 w\u0142adc\u0105 Lechii. Czyli Mi\u0119dzymorza. To musi by\u0107 co\u015b innowacyjnego i <a href=\"https:\/\/www.google.com\/search?q=inkluzywny&amp;oq=inkluzywny&amp;gs_lcrp=EgZjaHJvbWUyBggAEEUYOdIBCTY0MDNqMGoxNagCCLACAQ&amp;sourceid=chrome&amp;ie=UTF-8\">ekskluzywnego<\/a>. Na 27.04.2026 na godzin\u0119 12:00 przygotuj\u0119 kompleksowy projekt i jednocze\u015bnie patent. Zapewni\u0119 Bank Rozwoju Gospodarczego, \u017ar\u00f3d\u0142o finansowania, pomys\u0142 czyli kompleksowy patent. Musicie by\u0107 cierpliwi czekamy do otwarcia panelu na spotkaniu 27.04.2026 o godzinie 12:00. W\u0142\u0105cz\u0119 muzyk\u0119 relaksacyjn\u0105 i b\u0119dziemy czeka\u0107 na chwil\u0119.<\/strong> <strong><a href=\"https:\/\/www.tiktok.com\/@thechillhedgehog\">Muzyka Chill Hedgehog.<\/a><\/strong> <a href=\"https:\/\/www.youtube.com\/@thechillhedgehog\">YouTube.<\/a><\/p>\n\n\n\n<p>Verte &gt;<a href=\"https:\/\/topol.org.pl\/?page_id=6187\">Fundacja Narodowe Si\u0142y Samoobrony \u201eGrot\u201d<\/a><\/p>\n\n\n\n<p><\/p>\n","protected":false},"excerpt":{"rendered":"<p>24.04.2026 09.26 Na razie rz\u0105dz\u0119 lokalnie , ale to mi nie wystarczy. Co mog\u0119 zaoferowa\u0107, \u017ceby zosta\u0107 w\u0142adc\u0105 Lechii. Czyli Mi\u0119dzymorza. To musi by\u0107 co\u015b innowacyjnego i ekskluzywnego. Na 27.04.2026 na godzin\u0119 12:00 przygotuj\u0119 kompleksowy projekt i jednocze\u015bnie patent. Zapewni\u0119 Bank Rozwoju Gospodarczego, \u017ar\u00f3d\u0142o finansowania, pomys\u0142 czyli kompleksowy patent. Musicie by\u0107 cierpliwi czekamy do otwarcia [&hellip;]<\/p>\n","protected":false},"author":1,"featured_media":0,"parent":0,"menu_order":311,"comment_status":"closed","ping_status":"closed","template":"","meta":{"footnotes":""},"class_list":["post-14706","page","type-page","status-publish","hentry"],"_links":{"self":[{"href":"https:\/\/topol.org.pl\/index.php?rest_route=\/wp\/v2\/pages\/14706","targetHints":{"allow":["GET"]}}],"collection":[{"href":"https:\/\/topol.org.pl\/index.php?rest_route=\/wp\/v2\/pages"}],"about":[{"href":"https:\/\/topol.org.pl\/index.php?rest_route=\/wp\/v2\/types\/page"}],"author":[{"embeddable":true,"href":"https:\/\/topol.org.pl\/index.php?rest_route=\/wp\/v2\/users\/1"}],"replies":[{"embeddable":true,"href":"https:\/\/topol.org.pl\/index.php?rest_route=%2Fwp%2Fv2%2Fcomments&post=14706"}],"version-history":[{"count":7,"href":"https:\/\/topol.org.pl\/index.php?rest_route=\/wp\/v2\/pages\/14706\/revisions"}],"predecessor-version":[{"id":14726,"href":"https:\/\/topol.org.pl\/index.php?rest_route=\/wp\/v2\/pages\/14706\/revisions\/14726"}],"wp:attachment":[{"href":"https:\/\/topol.org.pl\/index.php?rest_route=%2Fwp%2Fv2%2Fmedia&parent=14706"}],"curies":[{"name":"wp","href":"https:\/\/api.w.org\/{rel}","templated":true}]}}