{"id":14756,"date":"2026-04-27T06:17:06","date_gmt":"2026-04-27T04:17:06","guid":{"rendered":"https:\/\/topol.org.pl\/?page_id=14756"},"modified":"2026-04-27T06:35:20","modified_gmt":"2026-04-27T04:35:20","slug":"bojowe-wozy-piechoty-bwp-borsuk","status":"publish","type":"page","link":"https:\/\/topol.org.pl\/?page_id=14756","title":{"rendered":"Bojowe Wozy Piechoty (BWP) Borsuk"},"content":{"rendered":"\n<p>27.04.2026 06.10 <a href=\"https:\/\/pl.wikipedia.org\/wiki\/16_Pomorska_Dywizja_Zmechanizowana\">Pomorska Dywizja Zmechanizowana im. Kr\u00f3la Kazimierza Jagiello\u0144czyka (nazywana \u201eBursztynow\u0105 Dywizj\u0105\u201d)<\/a> wyposa\u017cona w <a href=\"https:\/\/www.google.com\/search?q=Bojowe+Wozy+Piechoty+(BWP)+Borsuk&amp;oq=Bojowe+Wozy+Piechoty+(BWP)+Borsuk&amp;gs_lcrp=EgZjaHJvbWUyBggAEEUYOTIGCAEQRRg9MgYIAhBFGD3SAQkyNjczajBqMTWoAgiwAgE&amp;sourceid=chrome&amp;ie=UTF-8\">Bojowe Wozy Piechoty (BWP) Borsuk<\/a>. \u0179r\u00f3d\u0142o: <a href=\"https:\/\/radar.rp.pl\/modernizacja-sil-zbrojnych\/art44213991-zniechecanie-rosji-do-agresji-polska-tworzy-dywizje-zdolna-zajac-obwod-krolewiecki\">rp.pl<\/a><\/p>\n\n\n\n<p><a href=\"https:\/\/pl.wikipedia.org\/wiki\/Kazimierz_IV_Jagiello%C5%84czyk\">Kazimierz IV Jagiello\u0144czyk<\/a> \u0179r\u00f3d\u0142o: Wikipedia<\/p>\n\n\n\n<p><a href=\"https:\/\/pl.wikipedia.org\/wiki\/El%C5%BCbieta_Rakuszanka\">El\u017cbieta Rakuszanka<\/a> &#8222;Jej prababk\u0105 by\u0142a&nbsp;<a href=\"https:\/\/pl.wikipedia.org\/wiki\/El%C5%BCbieta_pomorska\">El\u017cbieta pomorska<\/a>, wnuczka&nbsp;<a href=\"https:\/\/pl.wikipedia.org\/wiki\/Kazimierz_III_Wielki\">Kazimierza III Wielkiego<\/a>.&#8221; \u0179r\u00f3d\u0142o: Wikipedia<\/p>\n\n\n\n<p>Verte &gt;<a href=\"https:\/\/topol.org.pl\/?page_id=6187\">Fundacja Narodowe Si\u0142y Samoobrony \u201eGrot\u201d<\/a><\/p>\n\n\n\n<p><\/p>\n","protected":false},"excerpt":{"rendered":"<p>27.04.2026 06.10 Pomorska Dywizja Zmechanizowana im. Kr\u00f3la Kazimierza Jagiello\u0144czyka (nazywana \u201eBursztynow\u0105 Dywizj\u0105\u201d) wyposa\u017cona w Bojowe Wozy Piechoty (BWP) Borsuk. \u0179r\u00f3d\u0142o: rp.pl Kazimierz IV Jagiello\u0144czyk \u0179r\u00f3d\u0142o: Wikipedia El\u017cbieta Rakuszanka &#8222;Jej prababk\u0105 by\u0142a&nbsp;El\u017cbieta pomorska, wnuczka&nbsp;Kazimierza III Wielkiego.&#8221; \u0179r\u00f3d\u0142o: Wikipedia Verte &gt;Fundacja Narodowe Si\u0142y Samoobrony \u201eGrot\u201d<\/p>\n","protected":false},"author":1,"featured_media":0,"parent":14660,"menu_order":0,"comment_status":"closed","ping_status":"closed","template":"","meta":{"footnotes":""},"class_list":["post-14756","page","type-page","status-publish","hentry"],"_links":{"self":[{"href":"https:\/\/topol.org.pl\/index.php?rest_route=\/wp\/v2\/pages\/14756","targetHints":{"allow":["GET"]}}],"collection":[{"href":"https:\/\/topol.org.pl\/index.php?rest_route=\/wp\/v2\/pages"}],"about":[{"href":"https:\/\/topol.org.pl\/index.php?rest_route=\/wp\/v2\/types\/page"}],"author":[{"embeddable":true,"href":"https:\/\/topol.org.pl\/index.php?rest_route=\/wp\/v2\/users\/1"}],"replies":[{"embeddable":true,"href":"https:\/\/topol.org.pl\/index.php?rest_route=%2Fwp%2Fv2%2Fcomments&post=14756"}],"version-history":[{"count":4,"href":"https:\/\/topol.org.pl\/index.php?rest_route=\/wp\/v2\/pages\/14756\/revisions"}],"predecessor-version":[{"id":14762,"href":"https:\/\/topol.org.pl\/index.php?rest_route=\/wp\/v2\/pages\/14756\/revisions\/14762"}],"up":[{"embeddable":true,"href":"https:\/\/topol.org.pl\/index.php?rest_route=\/wp\/v2\/pages\/14660"}],"wp:attachment":[{"href":"https:\/\/topol.org.pl\/index.php?rest_route=%2Fwp%2Fv2%2Fmedia&parent=14756"}],"curies":[{"name":"wp","href":"https:\/\/api.w.org\/{rel}","templated":true}]}}