{"id":14786,"date":"2026-04-28T06:08:34","date_gmt":"2026-04-28T04:08:34","guid":{"rendered":"https:\/\/topol.org.pl\/?page_id=14786"},"modified":"2026-04-30T09:35:29","modified_gmt":"2026-04-30T07:35:29","slug":"zainwestujemy-pieniadze-z-safe-w-sterowce-250-000-000-000-przeznaczymy-na-nowy-pomysl","status":"publish","type":"page","link":"https:\/\/topol.org.pl\/?page_id=14786","title":{"rendered":"Zainwestujemy pieni\u0105dze z SAFE w &#8222;Sterowce&#8221;. 250 000 000 000 przeznaczymy na nowy pomys\u0142."},"content":{"rendered":"\n<p>28.04.2026 07.00 Zainwestujemy pieni\u0105dze z <strong>SAFE<\/strong> w &#8222;<strong>Sterowce<\/strong>&#8222;. Ze wzgl\u0119du na brak paliwa lotniczego na \u015bwiecie z powodu blokady cie\u015bniny <a href=\"https:\/\/www.google.com\/search?sca_esv=dcb985bda95880c8&amp;sxsrf=ANbL-n6ipBl8fcCrWA1KOp2RIs-9mB1sZA:1777347393243&amp;q=Ormuz&amp;spell=1&amp;sa=X&amp;ved=2ahUKEwjY6ZCAz4-UAxWa8LsIHeTbJO8QkeECKAB6BAgMEAE\"><strong><em>Ormuz<\/em><\/strong><\/a> (Strait of Hormuz). Zalecam <strong>&#8222;Sterowce&#8221;<\/strong>. B\u0119d\u0105 wype\u0142nione helem i wodorem. Mo\u017cliwe, \u017ce b\u0119dzie to mieszanka gaz\u00f3w. Dlaczego wodorem, poniewa\u017c mo\u017cemy uzyska\u0107 gaz z wody. Ze wzgl\u0119du na du\u017c\u0105 powierzchni\u0119 od g\u00f3ry mo\u017cna gromadzi\u0107 skroplon\u0105 wod\u0119 na powierzchni sterowca. Przy pomocy elektrolizy uzyskamy wod\u00f3r. Sterowiec b\u0119dzie mia\u0142 panele fotowoltaiczne na powierzchni pow\u0142oki. B\u0119dzie produkowa\u0142 pr\u0105d. Zasilaj\u0105c silniki nap\u0119dzaj\u0105ce <strong>&#8222;Sterowiec&#8221;<\/strong>. <strong>&#8222;Sterowce&#8221;<\/strong> b\u0119d\u0105 mia\u0142y podwieszon\u0105 platform\u0119 od spodu. Z tej platformy b\u0119d\u0105 startowa\u0142y drony do przewozu ludzi. Ludzie zamiast wsiada\u0107 na postoju, b\u0119d\u0105 dolatywali dronem za\u0142ogowym. To samo z wysiadaniem, r\u00f3wnie\u017c w dowolnym momencie b\u0119dzie mo\u017cna opu\u015bci\u0107 pok\u0142ad <strong>&#8222;Sterowca&#8221;<\/strong>. <a href=\"https:\/\/youtu.be\/GMuRrGdtBh0\">M\u00f3j asystent AI narysuje projekt.<\/a><\/p>\n\n\n\n<p><strong>Wszelkie prawa zastrze\u017cone. W\u0142asno\u015b\u0107 patentu Kr\u00f3lestwo Polskie i Moja Rzeczpospolita Polska W skr\u00f3cie: Topol ! Dariusz Goworek<\/strong>&nbsp;<strong>Patent nr 6\/04\/2026<\/strong><\/p>\n\n\n\n<figure class=\"wp-block-image size-large\"><a href=\"https:\/\/www.youtube.com\/watch?v=GMuRrGdtBh0\"><img loading=\"lazy\" decoding=\"async\" width=\"1024\" height=\"620\" src=\"https:\/\/topol.org.pl\/wp-content\/uploads\/2026\/04\/1-Manifest-Sterowcow-1024x620.jpg\" alt=\"\" class=\"wp-image-14808\" srcset=\"https:\/\/topol.org.pl\/wp-content\/uploads\/2026\/04\/1-Manifest-Sterowcow-1024x620.jpg 1024w, https:\/\/topol.org.pl\/wp-content\/uploads\/2026\/04\/1-Manifest-Sterowcow-300x182.jpg 300w, https:\/\/topol.org.pl\/wp-content\/uploads\/2026\/04\/1-Manifest-Sterowcow-768x465.jpg 768w, https:\/\/topol.org.pl\/wp-content\/uploads\/2026\/04\/1-Manifest-Sterowcow.jpg 1211w\" sizes=\"auto, (max-width: 1024px) 100vw, 1024px\" \/><\/a><\/figure>\n\n\n\n<p>Verte &gt;<a href=\"https:\/\/topol.org.pl\/?page_id=6187\">Fundacja Narodowe Si\u0142y Samoobrony \u201eGrot\u201d<\/a><\/p>\n","protected":false},"excerpt":{"rendered":"<p>28.04.2026 07.00 Zainwestujemy pieni\u0105dze z SAFE w &#8222;Sterowce&#8222;. Ze wzgl\u0119du na brak paliwa lotniczego na \u015bwiecie z powodu blokady cie\u015bniny Ormuz (Strait of Hormuz). Zalecam &#8222;Sterowce&#8221;. B\u0119d\u0105 wype\u0142nione helem i wodorem. Mo\u017cliwe, \u017ce b\u0119dzie to mieszanka gaz\u00f3w. Dlaczego wodorem, poniewa\u017c mo\u017cemy uzyska\u0107 gaz z wody. Ze wzgl\u0119du na du\u017c\u0105 powierzchni\u0119 od g\u00f3ry mo\u017cna gromadzi\u0107 skroplon\u0105 [&hellip;]<\/p>\n","protected":false},"author":1,"featured_media":0,"parent":14706,"menu_order":0,"comment_status":"closed","ping_status":"closed","template":"","meta":{"footnotes":""},"class_list":["post-14786","page","type-page","status-publish","hentry"],"_links":{"self":[{"href":"https:\/\/topol.org.pl\/index.php?rest_route=\/wp\/v2\/pages\/14786","targetHints":{"allow":["GET"]}}],"collection":[{"href":"https:\/\/topol.org.pl\/index.php?rest_route=\/wp\/v2\/pages"}],"about":[{"href":"https:\/\/topol.org.pl\/index.php?rest_route=\/wp\/v2\/types\/page"}],"author":[{"embeddable":true,"href":"https:\/\/topol.org.pl\/index.php?rest_route=\/wp\/v2\/users\/1"}],"replies":[{"embeddable":true,"href":"https:\/\/topol.org.pl\/index.php?rest_route=%2Fwp%2Fv2%2Fcomments&post=14786"}],"version-history":[{"count":9,"href":"https:\/\/topol.org.pl\/index.php?rest_route=\/wp\/v2\/pages\/14786\/revisions"}],"predecessor-version":[{"id":14815,"href":"https:\/\/topol.org.pl\/index.php?rest_route=\/wp\/v2\/pages\/14786\/revisions\/14815"}],"up":[{"embeddable":true,"href":"https:\/\/topol.org.pl\/index.php?rest_route=\/wp\/v2\/pages\/14706"}],"wp:attachment":[{"href":"https:\/\/topol.org.pl\/index.php?rest_route=%2Fwp%2Fv2%2Fmedia&parent=14786"}],"curies":[{"name":"wp","href":"https:\/\/api.w.org\/{rel}","templated":true}]}}