{"id":14816,"date":"2026-04-30T10:42:26","date_gmt":"2026-04-30T08:42:26","guid":{"rendered":"https:\/\/topol.org.pl\/?page_id=14816"},"modified":"2026-04-30T13:09:45","modified_gmt":"2026-04-30T11:09:45","slug":"mniej-pieniedzy-na-badania-profilaktyczne-z-nfz","status":"publish","type":"page","link":"https:\/\/topol.org.pl\/?page_id=14816","title":{"rendered":"Mniej pieni\u0119dzy na badania profilaktyczne z NFZ"},"content":{"rendered":"\n<p>30.04.2026 10.34 <strong>Mniej pieni\u0119dzy na badania profilaktyczne z NFZ.<\/strong><\/p>\n\n\n\n<p><br><strong><a href=\"https:\/\/www.youtube.com\/watch?v=GRIHWqyPpQ4\">5 bada\u0144 lekarskich, kt\u00f3rych NIGDY bym nie zrobi\u0142 po 70. roku \u017cycia (lekarz wyja\u015bnia dlaczego)<\/a><\/strong> \u0179r\u00f3d\u0142o: Dr. Thomas Wright<\/p>\n\n\n\n<p>&#8222;Sonda\u017c: Mniej ni\u017c po\u0142owa Polak\u00f3w chce dymisji minister zdrowia&#8221;. \u0179r\u00f3d\u0142o: <a href=\"https:\/\/www.rp.pl\/polityka\/art44284071-sondaz-mniej-niz-polowa-polakow-chce-dymisji-minister-zdrowia\">rp.pl<\/a><\/p>\n\n\n\n<p><strong>Jestem za ograniczeniem zb\u0119dnych bada\u0144 i zabieg\u00f3w kt\u00f3re szkodz\u0105 pacjentom. Jestem przeciwny przymusowym szczepieniom na Covid-19. Powinni\u015bmy bra\u0107 przyk\u0142ad ze &#8222;<a href=\"https:\/\/topol.org.pl\/?page_id=13456\">z\u0142otego \u015brodka<\/a>&#8222;.<\/strong><\/p>\n\n\n\n<figure class=\"wp-block-image size-large\"><a href=\"https:\/\/www.youtube.com\/watch?v=p7Ylrsc_EPQ\"><img loading=\"lazy\" decoding=\"async\" width=\"1024\" height=\"624\" src=\"https:\/\/topol.org.pl\/wp-content\/uploads\/2026\/04\/Zloty-Srodek-w-NFZ-1024x624.jpg\" alt=\"\" class=\"wp-image-14825\" srcset=\"https:\/\/topol.org.pl\/wp-content\/uploads\/2026\/04\/Zloty-Srodek-w-NFZ-1024x624.jpg 1024w, https:\/\/topol.org.pl\/wp-content\/uploads\/2026\/04\/Zloty-Srodek-w-NFZ-300x183.jpg 300w, https:\/\/topol.org.pl\/wp-content\/uploads\/2026\/04\/Zloty-Srodek-w-NFZ-768x468.jpg 768w, https:\/\/topol.org.pl\/wp-content\/uploads\/2026\/04\/Zloty-Srodek-w-NFZ.jpg 1206w\" sizes=\"auto, (max-width: 1024px) 100vw, 1024px\" \/><\/a><\/figure>\n\n\n\n<p>Verte &gt;<a href=\"https:\/\/topol.org.pl\/?page_id=6187\">Fundacja Narodowe Si\u0142y Samoobrony \u201eGrot\u201d<\/a><\/p>\n","protected":false},"excerpt":{"rendered":"<p>30.04.2026 10.34 Mniej pieni\u0119dzy na badania profilaktyczne z NFZ. 5 bada\u0144 lekarskich, kt\u00f3rych NIGDY bym nie zrobi\u0142 po 70. roku \u017cycia (lekarz wyja\u015bnia dlaczego) \u0179r\u00f3d\u0142o: Dr. Thomas Wright &#8222;Sonda\u017c: Mniej ni\u017c po\u0142owa Polak\u00f3w chce dymisji minister zdrowia&#8221;. \u0179r\u00f3d\u0142o: rp.pl Jestem za ograniczeniem zb\u0119dnych bada\u0144 i zabieg\u00f3w kt\u00f3re szkodz\u0105 pacjentom. Jestem przeciwny przymusowym szczepieniom na Covid-19. [&hellip;]<\/p>\n","protected":false},"author":1,"featured_media":0,"parent":4326,"menu_order":0,"comment_status":"closed","ping_status":"closed","template":"","meta":{"footnotes":""},"class_list":["post-14816","page","type-page","status-publish","hentry"],"_links":{"self":[{"href":"https:\/\/topol.org.pl\/index.php?rest_route=\/wp\/v2\/pages\/14816","targetHints":{"allow":["GET"]}}],"collection":[{"href":"https:\/\/topol.org.pl\/index.php?rest_route=\/wp\/v2\/pages"}],"about":[{"href":"https:\/\/topol.org.pl\/index.php?rest_route=\/wp\/v2\/types\/page"}],"author":[{"embeddable":true,"href":"https:\/\/topol.org.pl\/index.php?rest_route=\/wp\/v2\/users\/1"}],"replies":[{"embeddable":true,"href":"https:\/\/topol.org.pl\/index.php?rest_route=%2Fwp%2Fv2%2Fcomments&post=14816"}],"version-history":[{"count":9,"href":"https:\/\/topol.org.pl\/index.php?rest_route=\/wp\/v2\/pages\/14816\/revisions"}],"predecessor-version":[{"id":14827,"href":"https:\/\/topol.org.pl\/index.php?rest_route=\/wp\/v2\/pages\/14816\/revisions\/14827"}],"up":[{"embeddable":true,"href":"https:\/\/topol.org.pl\/index.php?rest_route=\/wp\/v2\/pages\/4326"}],"wp:attachment":[{"href":"https:\/\/topol.org.pl\/index.php?rest_route=%2Fwp%2Fv2%2Fmedia&parent=14816"}],"curies":[{"name":"wp","href":"https:\/\/api.w.org\/{rel}","templated":true}]}}