{"id":151,"date":"2023-10-18T17:32:53","date_gmt":"2023-10-18T15:32:53","guid":{"rendered":"https:\/\/topol.org.pl\/?page_id=151"},"modified":"2026-01-09T10:14:38","modified_gmt":"2026-01-09T09:14:38","slug":"iii-rzeczpospolita-polska","status":"publish","type":"page","link":"https:\/\/topol.org.pl\/?page_id=151","title":{"rendered":"III Rzeczpospolita Polska"},"content":{"rendered":"\n<p>PKW poda\u0142a wyniki wybor\u00f3w do Sejmu po przeliczeniu 100 proc. g\u0142os\u00f3w. Po przeliczeniu tych wynik\u00f3w ma mandaty<br>PiS 194 <br>Koalicja Obywatelska 157<br>Trzecia Droga 65<br>Nowa Lewica 26<br>Konfederacja 18<\/p>\n\n\n\n<p><a href=\"https:\/\/dorzeczy.pl\/opinie\/490458\/prezes-pis-polska-musi-byc-suwerenna-i-bedzie-jesli-wygramy.html\">Kaczy\u0144ski w&nbsp;Przysusze. &#8222;Polska musi by\u0107 pa\u0144stwem suwerennym i&nbsp;b\u0119dzie &#8211;&nbsp;je\u015bli wygramy&#8221;<\/a><\/p>\n\n\n\n<p>Zwo\u0142ajcie ostatnie posiedzenie Sejmu i przeg\u0142osujcie Konstytucj\u0119 z 11.10.2023 r.<\/p>\n\n\n\n<p>Albo wprowad\u017acie stan wyj\u0105tkowy, i zachowajcie spok\u00f3j. <\/p>\n\n\n\n<p>Kr\u00f3l i Wojsko przejmie w\u0142adz\u0119.<\/p>\n\n\n\n<p>Moja Rzeczpospolita Polska W skr\u00f3cie: Topol<\/p>\n\n\n\n<p>Verte ><a href=\"https:\/\/topol.org.pl\/?page_id=6187\">Fundacja Narodowe Si\u0142y Samoobrony \u201eGrot\u201d<\/a><\/p>\n","protected":false},"excerpt":{"rendered":"<p>PKW poda\u0142a wyniki wybor\u00f3w do Sejmu po przeliczeniu 100 proc. g\u0142os\u00f3w. Po przeliczeniu tych wynik\u00f3w ma mandatyPiS 194 Koalicja Obywatelska 157Trzecia Droga 65Nowa Lewica 26Konfederacja 18 Kaczy\u0144ski w&nbsp;Przysusze. &#8222;Polska musi by\u0107 pa\u0144stwem suwerennym i&nbsp;b\u0119dzie &#8211;&nbsp;je\u015bli wygramy&#8221; Zwo\u0142ajcie ostatnie posiedzenie Sejmu i przeg\u0142osujcie Konstytucj\u0119 z 11.10.2023 r. Albo wprowad\u017acie stan wyj\u0105tkowy, i zachowajcie spok\u00f3j. Kr\u00f3l i [&hellip;]<\/p>\n","protected":false},"author":1,"featured_media":0,"parent":0,"menu_order":7,"comment_status":"closed","ping_status":"closed","template":"","meta":{"footnotes":""},"class_list":["post-151","page","type-page","status-publish","hentry"],"_links":{"self":[{"href":"https:\/\/topol.org.pl\/index.php?rest_route=\/wp\/v2\/pages\/151","targetHints":{"allow":["GET"]}}],"collection":[{"href":"https:\/\/topol.org.pl\/index.php?rest_route=\/wp\/v2\/pages"}],"about":[{"href":"https:\/\/topol.org.pl\/index.php?rest_route=\/wp\/v2\/types\/page"}],"author":[{"embeddable":true,"href":"https:\/\/topol.org.pl\/index.php?rest_route=\/wp\/v2\/users\/1"}],"replies":[{"embeddable":true,"href":"https:\/\/topol.org.pl\/index.php?rest_route=%2Fwp%2Fv2%2Fcomments&post=151"}],"version-history":[{"count":9,"href":"https:\/\/topol.org.pl\/index.php?rest_route=\/wp\/v2\/pages\/151\/revisions"}],"predecessor-version":[{"id":6302,"href":"https:\/\/topol.org.pl\/index.php?rest_route=\/wp\/v2\/pages\/151\/revisions\/6302"}],"wp:attachment":[{"href":"https:\/\/topol.org.pl\/index.php?rest_route=%2Fwp%2Fv2%2Fmedia&parent=151"}],"curies":[{"name":"wp","href":"https:\/\/api.w.org\/{rel}","templated":true}]}}