{"id":1532,"date":"2024-02-04T19:02:22","date_gmt":"2024-02-04T18:02:22","guid":{"rendered":"https:\/\/topol.org.pl\/?page_id=1532"},"modified":"2026-02-16T16:42:29","modified_gmt":"2026-02-16T15:42:29","slug":"sejm","status":"publish","type":"page","link":"https:\/\/topol.org.pl\/?page_id=1532","title":{"rendered":"Sejm"},"content":{"rendered":"\n<p>M\u00f3j komentarz napisz\u0119 w skr\u00f3cie: Topol<\/p>\n\n\n\n<p>Nie mamy d\u0142ug\u00f3w.<br>Nie mamy um\u00f3w.<br>Nie mamy traktat\u00f3w.<br>Z NATO zachowujemy przymierze ale prosimy o wycofanie obcych wojsk za Odr\u0119. Jeste\u015bmy neutralni(pas neutralny, obszar kt\u00f3rego nie obejmuj\u0105 dzia\u0142ania wojenne) i bronimy si\u0119 sami, traktat trzeba ratyfikowa\u0107.<br>Nie nale\u017cymy do organizacji mi\u0119dzynarodowych. ONZ i WHO. Wsp\u00f3\u0142pracujemy z ONZ i uczestniczy w niekt\u00f3rych dziedzinach jej aktywno\u015bci. Przestrzegamy \u201ePowszechn\u0105 deklaracj\u0119 praw cz\u0142owieka\u201d bo to prawa zwyczajowe. Nie realizujemy Agendy 2030 i cel\u00f3w zr\u00f3wnowa\u017conego rozwoju. Nale\u017cymy do strefy Schengen i Unii, traktat trzeba ratyfikowa\u0107 \u201eale te ich klimaty odpadaj\u0105\u201d.<br>Dokumenty, paszport, dow\u00f3d osobisty i prawo jazdy s\u0105 wa\u017cne bezterminowo. Dokumenty zachowujemy w tradycyjnej formie nie cyfrowej.<\/p>\n\n\n\n<p>Moim zdaniem Chiny s\u0105 ca\u0142kowicie zale\u017cne od globalist\u00f3w. Francja i Niemcy te\u017c. My musimy si\u0119 odci\u0105\u0107 i dzia\u0142a\u0107 <a href=\"https:\/\/www.msn.com\/pl-pl\/finanse\/najpopularniejsze-artykuly\/pis-zdradza-z%C5%82owieszczy-plan-wobec-polski-zapomina-o-jednym\/ar-BB1kWS0z?ocid=msedgdhp&amp;pc=U531&amp;cvid=9a840ecc352f4c10911118a48b2ec312&amp;ei=29\">zgodnie z racj\u0105 stanu<\/a>. Grupa pa\u0144stw <a href=\"https:\/\/pl.wikipedia.org\/wiki\/BRICS\">BRICS<\/a> i UE wprowadzi walut\u0119 cyfrow\u0105. To jest totalitaryzm. Musimy tak prowadzi\u0107 polityk\u0119, \u017ceby nie trzyma\u0107 jednej strony.<\/p>\n\n\n\n<p>10.04.2024 7.22 <a href=\"https:\/\/www.un.org.pl\/\">Cele zr\u00f3wnowa\u017conego rozwoju<\/a> <a href=\"https:\/\/pl.wikipedia.org\/wiki\/Cele_Zr%C3%B3wnowa%C5%BConego_Rozwoju_2030\">Agenda ONZ<\/a><\/p>\n\n\n\n<figure class=\"wp-block-image size-large\"><a href=\"https:\/\/www.youtube.com\/watch?v=QfF0puDyZPA\"><img loading=\"lazy\" decoding=\"async\" width=\"1024\" height=\"576\" src=\"https:\/\/topol.org.pl\/wp-content\/uploads\/2024\/04\/Donald-Tusk-1024x576.jpg\" alt=\"\" class=\"wp-image-2556\" srcset=\"https:\/\/topol.org.pl\/wp-content\/uploads\/2024\/04\/Donald-Tusk-1024x576.jpg 1024w, https:\/\/topol.org.pl\/wp-content\/uploads\/2024\/04\/Donald-Tusk-300x169.jpg 300w, https:\/\/topol.org.pl\/wp-content\/uploads\/2024\/04\/Donald-Tusk-768x432.jpg 768w, https:\/\/topol.org.pl\/wp-content\/uploads\/2024\/04\/Donald-Tusk.jpg 1026w\" sizes=\"auto, (max-width: 1024px) 100vw, 1024px\" \/><\/a><\/figure>\n\n\n\n<figure class=\"wp-block-image size-large\"><a href=\"https:\/\/www.youtube.com\/watch?v=sS1J8vS8dqo\"><img loading=\"lazy\" decoding=\"async\" width=\"1024\" height=\"574\" src=\"https:\/\/topol.org.pl\/wp-content\/uploads\/2024\/04\/Szymon-Holownia-1024x574.jpg\" alt=\"\" class=\"wp-image-2565\" srcset=\"https:\/\/topol.org.pl\/wp-content\/uploads\/2024\/04\/Szymon-Holownia-1024x574.jpg 1024w, https:\/\/topol.org.pl\/wp-content\/uploads\/2024\/04\/Szymon-Holownia-300x168.jpg 300w, https:\/\/topol.org.pl\/wp-content\/uploads\/2024\/04\/Szymon-Holownia-768x431.jpg 768w, https:\/\/topol.org.pl\/wp-content\/uploads\/2024\/04\/Szymon-Holownia.jpg 1029w\" sizes=\"auto, (max-width: 1024px) 100vw, 1024px\" \/><\/a><\/figure>\n\n\n\n<figure class=\"wp-block-image size-large\"><a href=\"https:\/\/www.youtube.com\/watch?v=qLTyrh-aUr0\"><img loading=\"lazy\" decoding=\"async\" width=\"1024\" height=\"576\" src=\"https:\/\/topol.org.pl\/wp-content\/uploads\/2024\/03\/Musimy-stawiac-OPOR-WARIACTWU-UE-1024x576.jpg\" alt=\"\" class=\"wp-image-2109\" srcset=\"https:\/\/topol.org.pl\/wp-content\/uploads\/2024\/03\/Musimy-stawiac-OPOR-WARIACTWU-UE-1024x576.jpg 1024w, https:\/\/topol.org.pl\/wp-content\/uploads\/2024\/03\/Musimy-stawiac-OPOR-WARIACTWU-UE-300x169.jpg 300w, https:\/\/topol.org.pl\/wp-content\/uploads\/2024\/03\/Musimy-stawiac-OPOR-WARIACTWU-UE-768x432.jpg 768w, https:\/\/topol.org.pl\/wp-content\/uploads\/2024\/03\/Musimy-stawiac-OPOR-WARIACTWU-UE-1536x864.jpg 1536w, https:\/\/topol.org.pl\/wp-content\/uploads\/2024\/03\/Musimy-stawiac-OPOR-WARIACTWU-UE.jpg 1920w\" sizes=\"auto, (max-width: 1024px) 100vw, 1024px\" \/><\/a><\/figure>\n\n\n\n<figure class=\"wp-block-image size-full\"><a href=\"https:\/\/www.youtube.com\/watch?v=NqnhJ5DuR5A\"><img loading=\"lazy\" decoding=\"async\" width=\"1024\" height=\"571\" src=\"https:\/\/topol.org.pl\/wp-content\/uploads\/2024\/04\/Jaroslaw-Kaczynski-Prawo-i-Sprawiedliwosc.jpg\" alt=\"\" class=\"wp-image-2552\" srcset=\"https:\/\/topol.org.pl\/wp-content\/uploads\/2024\/04\/Jaroslaw-Kaczynski-Prawo-i-Sprawiedliwosc.jpg 1024w, https:\/\/topol.org.pl\/wp-content\/uploads\/2024\/04\/Jaroslaw-Kaczynski-Prawo-i-Sprawiedliwosc-300x167.jpg 300w, https:\/\/topol.org.pl\/wp-content\/uploads\/2024\/04\/Jaroslaw-Kaczynski-Prawo-i-Sprawiedliwosc-768x428.jpg 768w\" sizes=\"auto, (max-width: 1024px) 100vw, 1024px\" \/><\/a><\/figure>\n\n\n\n<figure class=\"wp-block-image size-large\"><a href=\"https:\/\/www.youtube.com\/watch?v=A2di2XuL4-M\"><img loading=\"lazy\" decoding=\"async\" width=\"1024\" height=\"664\" src=\"https:\/\/topol.org.pl\/wp-content\/uploads\/2024\/03\/Przemowienie-gwara-slaska-Romana-Fritza-z-Konfederacji-1024x664.jpg\" alt=\"\" class=\"wp-image-2137\" srcset=\"https:\/\/topol.org.pl\/wp-content\/uploads\/2024\/03\/Przemowienie-gwara-slaska-Romana-Fritza-z-Konfederacji-1024x664.jpg 1024w, https:\/\/topol.org.pl\/wp-content\/uploads\/2024\/03\/Przemowienie-gwara-slaska-Romana-Fritza-z-Konfederacji-300x194.jpg 300w, https:\/\/topol.org.pl\/wp-content\/uploads\/2024\/03\/Przemowienie-gwara-slaska-Romana-Fritza-z-Konfederacji-768x498.jpg 768w, https:\/\/topol.org.pl\/wp-content\/uploads\/2024\/03\/Przemowienie-gwara-slaska-Romana-Fritza-z-Konfederacji.jpg 1057w\" sizes=\"auto, (max-width: 1024px) 100vw, 1024px\" \/><\/a><\/figure>\n\n\n\n<figure class=\"wp-block-image size-full\"><a href=\"https:\/\/www.youtube.com\/watch?v=NFkmerANCII\"><img loading=\"lazy\" decoding=\"async\" width=\"1025\" height=\"572\" src=\"https:\/\/topol.org.pl\/wp-content\/uploads\/2024\/04\/Marek-Jakubiak-Kukiz-15-1.jpg\" alt=\"\" class=\"wp-image-2547\" srcset=\"https:\/\/topol.org.pl\/wp-content\/uploads\/2024\/04\/Marek-Jakubiak-Kukiz-15-1.jpg 1025w, https:\/\/topol.org.pl\/wp-content\/uploads\/2024\/04\/Marek-Jakubiak-Kukiz-15-1-300x167.jpg 300w, https:\/\/topol.org.pl\/wp-content\/uploads\/2024\/04\/Marek-Jakubiak-Kukiz-15-1-768x429.jpg 768w\" sizes=\"auto, (max-width: 1025px) 100vw, 1025px\" \/><\/a><\/figure>\n\n\n\n<figure class=\"wp-block-image size-full\"><a href=\"https:\/\/www.youtube.com\/watch?v=ey3cUkW3msE\"><img loading=\"lazy\" decoding=\"async\" width=\"1021\" height=\"572\" src=\"https:\/\/topol.org.pl\/wp-content\/uploads\/2024\/04\/Kosiniak-Kamysz.jpg\" alt=\"\" class=\"wp-image-2562\" srcset=\"https:\/\/topol.org.pl\/wp-content\/uploads\/2024\/04\/Kosiniak-Kamysz.jpg 1021w, https:\/\/topol.org.pl\/wp-content\/uploads\/2024\/04\/Kosiniak-Kamysz-300x168.jpg 300w, https:\/\/topol.org.pl\/wp-content\/uploads\/2024\/04\/Kosiniak-Kamysz-768x430.jpg 768w\" sizes=\"auto, (max-width: 1021px) 100vw, 1021px\" \/><\/a><\/figure>\n\n\n\n<figure class=\"wp-block-image size-full\"><a href=\"https:\/\/www.youtube.com\/watch?v=N5LUK85Eb48\"><img loading=\"lazy\" decoding=\"async\" width=\"1021\" height=\"571\" src=\"https:\/\/topol.org.pl\/wp-content\/uploads\/2024\/04\/Kotula-Tak-oczywiscie.jpg\" alt=\"\" class=\"wp-image-2560\" srcset=\"https:\/\/topol.org.pl\/wp-content\/uploads\/2024\/04\/Kotula-Tak-oczywiscie.jpg 1021w, https:\/\/topol.org.pl\/wp-content\/uploads\/2024\/04\/Kotula-Tak-oczywiscie-300x168.jpg 300w, https:\/\/topol.org.pl\/wp-content\/uploads\/2024\/04\/Kotula-Tak-oczywiscie-768x430.jpg 768w\" sizes=\"auto, (max-width: 1021px) 100vw, 1021px\" \/><\/a><\/figure>\n\n\n\n<figure class=\"wp-block-image size-full\"><a href=\"https:\/\/youtu.be\/8kqQDi3TszY\"><img loading=\"lazy\" decoding=\"async\" width=\"582\" height=\"327\" src=\"https:\/\/topol.org.pl\/wp-content\/uploads\/2024\/04\/267-Karina-Bosak-o-dopuszczalnosci-przerywania-ciazy.jpg\" alt=\"\" class=\"wp-image-2506\" srcset=\"https:\/\/topol.org.pl\/wp-content\/uploads\/2024\/04\/267-Karina-Bosak-o-dopuszczalnosci-przerywania-ciazy.jpg 582w, https:\/\/topol.org.pl\/wp-content\/uploads\/2024\/04\/267-Karina-Bosak-o-dopuszczalnosci-przerywania-ciazy-300x169.jpg 300w\" sizes=\"auto, (max-width: 582px) 100vw, 582px\" \/><\/a><\/figure>\n\n\n\n<figure class=\"wp-block-image size-large\"><a href=\"https:\/\/youtu.be\/2PXYX4deYxE\"><img loading=\"lazy\" decoding=\"async\" width=\"1024\" height=\"571\" src=\"https:\/\/topol.org.pl\/wp-content\/uploads\/2024\/04\/Jan-Krzysztof-Ardanowski-1024x571.jpg\" alt=\"\" class=\"wp-image-2549\" srcset=\"https:\/\/topol.org.pl\/wp-content\/uploads\/2024\/04\/Jan-Krzysztof-Ardanowski-1024x571.jpg 1024w, https:\/\/topol.org.pl\/wp-content\/uploads\/2024\/04\/Jan-Krzysztof-Ardanowski-300x167.jpg 300w, https:\/\/topol.org.pl\/wp-content\/uploads\/2024\/04\/Jan-Krzysztof-Ardanowski-768x428.jpg 768w, https:\/\/topol.org.pl\/wp-content\/uploads\/2024\/04\/Jan-Krzysztof-Ardanowski.jpg 1026w\" sizes=\"auto, (max-width: 1024px) 100vw, 1024px\" \/><\/a><\/figure>\n\n\n\n<figure class=\"wp-block-image size-full\"><a href=\"https:\/\/www.youtube.com\/watch?v=L-DESGJAeXk\"><img loading=\"lazy\" decoding=\"async\" width=\"1024\" height=\"577\" src=\"https:\/\/topol.org.pl\/wp-content\/uploads\/2024\/04\/Michal-Kolodziejczak.jpg\" alt=\"\" class=\"wp-image-2564\" srcset=\"https:\/\/topol.org.pl\/wp-content\/uploads\/2024\/04\/Michal-Kolodziejczak.jpg 1024w, https:\/\/topol.org.pl\/wp-content\/uploads\/2024\/04\/Michal-Kolodziejczak-300x169.jpg 300w, https:\/\/topol.org.pl\/wp-content\/uploads\/2024\/04\/Michal-Kolodziejczak-768x433.jpg 768w\" sizes=\"auto, (max-width: 1024px) 100vw, 1024px\" \/><\/a><\/figure>\n\n\n\n<figure class=\"wp-block-image size-full\"><a href=\"https:\/\/www.youtube.com\/watch?v=kI-wiytQQAo\"><img loading=\"lazy\" decoding=\"async\" width=\"1032\" height=\"823\" src=\"https:\/\/topol.org.pl\/wp-content\/uploads\/2024\/04\/Bezpieczenstwo-zycia-ludzkiego-1117.jpg\" alt=\"\" class=\"wp-image-2537\" srcset=\"https:\/\/topol.org.pl\/wp-content\/uploads\/2024\/04\/Bezpieczenstwo-zycia-ludzkiego-1117.jpg 1032w, https:\/\/topol.org.pl\/wp-content\/uploads\/2024\/04\/Bezpieczenstwo-zycia-ludzkiego-1117-300x239.jpg 300w, https:\/\/topol.org.pl\/wp-content\/uploads\/2024\/04\/Bezpieczenstwo-zycia-ludzkiego-1117-1024x817.jpg 1024w, https:\/\/topol.org.pl\/wp-content\/uploads\/2024\/04\/Bezpieczenstwo-zycia-ludzkiego-1117-768x612.jpg 768w\" sizes=\"auto, (max-width: 1032px) 100vw, 1032px\" \/><\/a><\/figure>\n\n\n\n<p><a href=\"https:\/\/www.youtube.com\/watch?v=kI-wiytQQAo\">Bezpiecze\u0144stwo \u017cycia ludzkiego<\/a><\/p>\n\n\n\n<figure class=\"wp-block-image size-large\"><img loading=\"lazy\" decoding=\"async\" width=\"1024\" height=\"585\" src=\"https:\/\/topol.org.pl\/wp-content\/uploads\/2024\/04\/O-skali-bezprawia-i-naduzyc-rzadzacych-w-latach-2020-do-2022-1024x585.jpg\" alt=\"\" class=\"wp-image-2543\" srcset=\"https:\/\/topol.org.pl\/wp-content\/uploads\/2024\/04\/O-skali-bezprawia-i-naduzyc-rzadzacych-w-latach-2020-do-2022-1024x585.jpg 1024w, https:\/\/topol.org.pl\/wp-content\/uploads\/2024\/04\/O-skali-bezprawia-i-naduzyc-rzadzacych-w-latach-2020-do-2022-300x171.jpg 300w, https:\/\/topol.org.pl\/wp-content\/uploads\/2024\/04\/O-skali-bezprawia-i-naduzyc-rzadzacych-w-latach-2020-do-2022-768x439.jpg 768w, https:\/\/topol.org.pl\/wp-content\/uploads\/2024\/04\/O-skali-bezprawia-i-naduzyc-rzadzacych-w-latach-2020-do-2022.jpg 1031w\" sizes=\"auto, (max-width: 1024px) 100vw, 1024px\" \/><\/figure>\n\n\n\n<p><a href=\"https:\/\/youtu.be\/ckOzjiYmMZc\">O skali bezprawia i nadu\u017cy\u0107 rz\u0105dz\u0105cych w latach 2020 do 2022<\/a><\/p>\n\n\n\n<p>16.06.2024 20.16 <a href=\"https:\/\/www.youtube.com\/watch?v=qFDR3s_4ENc\">Pose\u0142 Dariusz Matecki<\/a> musia\u0142 wej\u015b\u0107 na dach gmachu Sejmu, \u017ceby poinformowa\u0107 dziennikarzy tv24 o z\u0142o\u017conych interpelacjach poselskich w Sejmie. <strong>Dziennikarze nie byli zainteresowani interpelacjami w Sejmie.<\/strong><\/p>\n\n\n\n<figure class=\"wp-block-image size-large\"><a href=\"https:\/\/www.youtube.com\/watch?v=qFDR3s_4ENc\"><img loading=\"lazy\" decoding=\"async\" width=\"1024\" height=\"513\" src=\"https:\/\/topol.org.pl\/wp-content\/uploads\/2024\/06\/Dariusz-Matecki-1024x513.jpg\" alt=\"\" class=\"wp-image-4087\" srcset=\"https:\/\/topol.org.pl\/wp-content\/uploads\/2024\/06\/Dariusz-Matecki-1024x513.jpg 1024w, https:\/\/topol.org.pl\/wp-content\/uploads\/2024\/06\/Dariusz-Matecki-300x150.jpg 300w, https:\/\/topol.org.pl\/wp-content\/uploads\/2024\/06\/Dariusz-Matecki-768x385.jpg 768w, https:\/\/topol.org.pl\/wp-content\/uploads\/2024\/06\/Dariusz-Matecki.jpg 1155w\" sizes=\"auto, (max-width: 1024px) 100vw, 1024px\" \/><\/a><\/figure>\n\n\n\n<p><a href=\"https:\/\/www.youtube.com\/watch?v=QJeIozSK65I\">Polityka rz\u0105du<\/a><\/p>\n\n\n\n<p><a href=\"https:\/\/www.youtube.com\/watch?v=rGseXjKqDNo\">Robert B\u0105kiewicz w Sejmie<\/a>. <a href=\"https:\/\/pl.wikipedia.org\/wiki\/Deklaracja_terezi%C5%84ska\">Deklaracja teresi\u0144ska<\/a> -poprzez not\u0119 dyplomatyczn\u0105 trzeba wypowiedzie\u0107 deklaracj\u0119 teresi\u0144sk\u0105.<\/p>\n\n\n\n<p><a href=\"https:\/\/pl.wikipedia.org\/wiki\/Sejm_Rzeczypospolitej_Polskiej\">Sejm Rzeczpospolitej Polskiej<\/a><\/p>\n\n\n\n<p>Chc\u0119 za\u0142o\u017cy\u0107 parti\u0119 polityczn\u0105. Je\u015bli czujesz, \u017ce zgadzasz si\u0119 z moj\u0105 inicjatyw\u0105. Nie uczestniczy\u0142e\u015b wcze\u015bniej w \u017cadnej organizacji reprezentuj\u0105cej odmienne pogl\u0105dy. Masz dorobek \u017cyciowy, kt\u00f3ry upowa\u017cnia reprezentowa\u0107 tw\u00f3j okr\u0119g wyborczy w Sejmie lub Senacie. Zg\u0142o\u015b kandydatur\u0119, przemy\u015bl\u0119 i dam odpowiedz. Podaj okr\u0119g Senatu+pseudonim np: &#8222;37 Topol&#8221; na razie bez imienia i nazwiska.<\/p>\n\n\n\n<figure class=\"wp-block-image size-full\"><img loading=\"lazy\" decoding=\"async\" width=\"1024\" height=\"947\" src=\"https:\/\/topol.org.pl\/wp-content\/uploads\/2024\/02\/Senat_RP_okregi.svg_.png\" alt=\"\" class=\"wp-image-1551\" srcset=\"https:\/\/topol.org.pl\/wp-content\/uploads\/2024\/02\/Senat_RP_okregi.svg_.png 1024w, https:\/\/topol.org.pl\/wp-content\/uploads\/2024\/02\/Senat_RP_okregi.svg_-300x277.png 300w, https:\/\/topol.org.pl\/wp-content\/uploads\/2024\/02\/Senat_RP_okregi.svg_-768x710.png 768w\" sizes=\"auto, (max-width: 1024px) 100vw, 1024px\" \/><\/figure>\n\n\n\n<p>24.03.2024 <a href=\"https:\/\/www.youtube.com\/watch?v=A2di2XuL4-M\">Przem\u00f3wienie gwar\u0105 \u015bl\u0105sk\u0105 Romana Fritza z Konfederacji<\/a><\/p>\n\n\n\n<p><a href=\"https:\/\/historia.dorzeczy.pl\/historia-wspolczesna\/546579\/to-polskosc-nas-wybiera-jaroslaw-marek-rymkiewicz-poeta-xx-wieku.html\">&#8222;To polsko\u015b\u0107 nas wybiera&#8221;<\/a><\/p>\n\n\n\n<p><a href=\"https:\/\/historia.dorzeczy.pl\/historia-wspolczesna\/546579\/to-polskosc-nas-wybiera-jaroslaw-marek-rymkiewicz-poeta-xx-wieku.html\">\u201eZa szybko i za \u0142atwo przebaczyli\u015bmy Niemcom, w historii s\u0105 takie rzeczy, kt\u00f3rych si\u0119 nie przebacza nigdy\u201d<\/a><\/p>\n\n\n\n<p>\u201eKiedy si\u0119 obudzi\u0142em, Polski ju\u017c nie by\u0142o\u201d<\/p>\n\n\n\n<p>Verte &gt;<a href=\"https:\/\/topol.org.pl\/?page_id=6187\">Fundacja Narodowe Si\u0142y Samoobrony \u201eGrot\u201d<\/a><\/p>\n","protected":false},"excerpt":{"rendered":"<p>M\u00f3j komentarz napisz\u0119 w skr\u00f3cie: Topol Nie mamy d\u0142ug\u00f3w.Nie mamy um\u00f3w.Nie mamy traktat\u00f3w.Z NATO zachowujemy przymierze ale prosimy o wycofanie obcych wojsk za Odr\u0119. Jeste\u015bmy neutralni(pas neutralny, obszar kt\u00f3rego nie obejmuj\u0105 dzia\u0142ania wojenne) i bronimy si\u0119 sami, traktat trzeba ratyfikowa\u0107.Nie nale\u017cymy do organizacji mi\u0119dzynarodowych. ONZ i WHO. Wsp\u00f3\u0142pracujemy z ONZ i uczestniczy w niekt\u00f3rych dziedzinach [&hellip;]<\/p>\n","protected":false},"author":1,"featured_media":0,"parent":0,"menu_order":12,"comment_status":"open","ping_status":"closed","template":"","meta":{"footnotes":""},"class_list":["post-1532","page","type-page","status-publish","hentry"],"_links":{"self":[{"href":"https:\/\/topol.org.pl\/index.php?rest_route=\/wp\/v2\/pages\/1532","targetHints":{"allow":["GET"]}}],"collection":[{"href":"https:\/\/topol.org.pl\/index.php?rest_route=\/wp\/v2\/pages"}],"about":[{"href":"https:\/\/topol.org.pl\/index.php?rest_route=\/wp\/v2\/types\/page"}],"author":[{"embeddable":true,"href":"https:\/\/topol.org.pl\/index.php?rest_route=\/wp\/v2\/users\/1"}],"replies":[{"embeddable":true,"href":"https:\/\/topol.org.pl\/index.php?rest_route=%2Fwp%2Fv2%2Fcomments&post=1532"}],"version-history":[{"count":48,"href":"https:\/\/topol.org.pl\/index.php?rest_route=\/wp\/v2\/pages\/1532\/revisions"}],"predecessor-version":[{"id":14239,"href":"https:\/\/topol.org.pl\/index.php?rest_route=\/wp\/v2\/pages\/1532\/revisions\/14239"}],"wp:attachment":[{"href":"https:\/\/topol.org.pl\/index.php?rest_route=%2Fwp%2Fv2%2Fmedia&parent=1532"}],"curies":[{"name":"wp","href":"https:\/\/api.w.org\/{rel}","templated":true}]}}