{"id":1534,"date":"2024-02-04T19:06:46","date_gmt":"2024-02-04T18:06:46","guid":{"rendered":"https:\/\/topol.org.pl\/?page_id=1534"},"modified":"2026-01-14T15:37:56","modified_gmt":"2026-01-14T14:37:56","slug":"senat","status":"publish","type":"page","link":"https:\/\/topol.org.pl\/?page_id=1534","title":{"rendered":"Senat"},"content":{"rendered":"\n<p><a href=\"https:\/\/pl.wikipedia.org\/wiki\/Senat_Rzeczypospolitej_Polskiej\">Senat Rzeczpospolitej Polskiej<\/a><\/p>\n\n\n\n<p>Chc\u0119 za\u0142o\u017cy\u0107 parti\u0119 polityczn\u0105. Je\u015bli czujesz, \u017ce zgadzasz si\u0119 z moj\u0105 inicjatyw\u0105. Nie uczestniczy\u0142e\u015b wcze\u015bniej w \u017cadnej organizacji reprezentuj\u0105cej odmienne pogl\u0105dy. Masz dorobek \u017cyciowy, kt\u00f3ry upowa\u017cnia reprezentowa\u0107 tw\u00f3j okr\u0119g wyborczy w Sejmie lub Senacie. Zg\u0142o\u015b kandydatur\u0119, przemy\u015bl\u0119 i dam odpowiedz. Podaj okr\u0119g Senatu+pseudonim np: &#8222;37 Topol&#8221; na razie bez imienia i nazwiska.<\/p>\n\n\n\n<figure class=\"wp-block-image size-full\"><a href=\"https:\/\/pl.wikipedia.org\/wiki\/Polskie_okr%C4%99gi_wyborcze#\"><img loading=\"lazy\" decoding=\"async\" width=\"1024\" height=\"947\" src=\"https:\/\/topol.org.pl\/wp-content\/uploads\/2024\/02\/Senat_RP_okregi.svg_.png\" alt=\"\" class=\"wp-image-1551\" srcset=\"https:\/\/topol.org.pl\/wp-content\/uploads\/2024\/02\/Senat_RP_okregi.svg_.png 1024w, https:\/\/topol.org.pl\/wp-content\/uploads\/2024\/02\/Senat_RP_okregi.svg_-300x277.png 300w, https:\/\/topol.org.pl\/wp-content\/uploads\/2024\/02\/Senat_RP_okregi.svg_-768x710.png 768w\" sizes=\"auto, (max-width: 1024px) 100vw, 1024px\" \/><\/a><\/figure>\n\n\n\n<p><a href=\"https:\/\/historia.dorzeczy.pl\/historia-wspolczesna\/546579\/to-polskosc-nas-wybiera-jaroslaw-marek-rymkiewicz-poeta-xx-wieku.html\">&#8222;To polsko\u015b\u0107 nas wybiera&#8221;<\/a><\/p>\n\n\n\n<p><a href=\"https:\/\/historia.dorzeczy.pl\/historia-wspolczesna\/546579\/to-polskosc-nas-wybiera-jaroslaw-marek-rymkiewicz-poeta-xx-wieku.html\">\u201eZa szybko i za \u0142atwo przebaczyli\u015bmy Niemcom, w historii s\u0105 takie rzeczy, kt\u00f3rych si\u0119 nie przebacza nigdy\u201d<\/a><\/p>\n\n\n\n<p>\u201eKiedy si\u0119 obudzi\u0142em, Polski ju\u017c nie by\u0142o\u201d<\/p>\n\n\n\n<p>Verte ><a href=\"https:\/\/topol.org.pl\/?page_id=6187\">Fundacja Narodowe Si\u0142y Samoobrony \u201eGrot\u201d<\/a><\/p>\n","protected":false},"excerpt":{"rendered":"<p>Senat Rzeczpospolitej Polskiej Chc\u0119 za\u0142o\u017cy\u0107 parti\u0119 polityczn\u0105. Je\u015bli czujesz, \u017ce zgadzasz si\u0119 z moj\u0105 inicjatyw\u0105. Nie uczestniczy\u0142e\u015b wcze\u015bniej w \u017cadnej organizacji reprezentuj\u0105cej odmienne pogl\u0105dy. Masz dorobek \u017cyciowy, kt\u00f3ry upowa\u017cnia reprezentowa\u0107 tw\u00f3j okr\u0119g wyborczy w Sejmie lub Senacie. Zg\u0142o\u015b kandydatur\u0119, przemy\u015bl\u0119 i dam odpowiedz. Podaj okr\u0119g Senatu+pseudonim np: &#8222;37 Topol&#8221; na razie bez imienia i nazwiska. [&hellip;]<\/p>\n","protected":false},"author":1,"featured_media":0,"parent":0,"menu_order":13,"comment_status":"open","ping_status":"closed","template":"","meta":{"footnotes":""},"class_list":["post-1534","page","type-page","status-publish","hentry"],"_links":{"self":[{"href":"https:\/\/topol.org.pl\/index.php?rest_route=\/wp\/v2\/pages\/1534","targetHints":{"allow":["GET"]}}],"collection":[{"href":"https:\/\/topol.org.pl\/index.php?rest_route=\/wp\/v2\/pages"}],"about":[{"href":"https:\/\/topol.org.pl\/index.php?rest_route=\/wp\/v2\/types\/page"}],"author":[{"embeddable":true,"href":"https:\/\/topol.org.pl\/index.php?rest_route=\/wp\/v2\/users\/1"}],"replies":[{"embeddable":true,"href":"https:\/\/topol.org.pl\/index.php?rest_route=%2Fwp%2Fv2%2Fcomments&post=1534"}],"version-history":[{"count":18,"href":"https:\/\/topol.org.pl\/index.php?rest_route=\/wp\/v2\/pages\/1534\/revisions"}],"predecessor-version":[{"id":6309,"href":"https:\/\/topol.org.pl\/index.php?rest_route=\/wp\/v2\/pages\/1534\/revisions\/6309"}],"wp:attachment":[{"href":"https:\/\/topol.org.pl\/index.php?rest_route=%2Fwp%2Fv2%2Fmedia&parent=1534"}],"curies":[{"name":"wp","href":"https:\/\/api.w.org\/{rel}","templated":true}]}}