{"id":155,"date":"2023-10-18T17:59:08","date_gmt":"2023-10-18T15:59:08","guid":{"rendered":"https:\/\/topol.org.pl\/?page_id=155"},"modified":"2026-01-14T15:38:23","modified_gmt":"2026-01-14T14:38:23","slug":"parafia","status":"publish","type":"page","link":"https:\/\/topol.org.pl\/?page_id=155","title":{"rendered":"Parafia"},"content":{"rendered":"\n<p><a href=\"https:\/\/parafiaopatrznoscibozej.pl\/\">Opatrzno\u015bci Bo\u017cej<\/a>            <\/p>\n\n\n\n<figure class=\"wp-block-video alignwide\"><video height=\"720\" style=\"aspect-ratio: 1280 \/ 720;\" width=\"1280\" controls src=\"https:\/\/topol.org.pl\/wp-content\/uploads\/2023\/11\/Koncert-11.11.2023-w-Parafii-Opacznosci-Bozej.mp4\"><\/video><\/figure>\n\n\n\n<p>22.09.2024 07.58 <a href=\"https:\/\/dorzeczy.pl\/religia\/634686\/lisicki-mit-starszych-braci-w-wierze-u-zrodel-kryzysu-kosciola.html\">U&nbsp;\u017ar\u00f3de\u0142 kryzysu Ko\u015bcio\u0142a.<\/a><\/p>\n\n\n\n<p>18.09.2024 07.03 <a href=\"https:\/\/dorzeczy.pl\/opinie\/632980\/pius-ix-ostatni-papiez-krol-rozmowa-z-prof-kornatem.html\">Pius IX \u2013&nbsp;ostatni papie\u017c-kr\u00f3l? Rozmowa z&nbsp;prof. Markiem Kornatem<\/a><\/p>\n\n\n\n<p>17.09.2024 08.05 &#8222;<a href=\"https:\/\/dorzeczy.pl\/religia\/633826\/roberto-de-mattei-do-papieza-franciszka-to-prawdziwy-skandal.html\">zbawienie jest tylko w&nbsp;Jezusie Chrystusie<\/a>&#8222;<\/p>\n\n\n\n<p>26.08.2024 19.51 <a href=\"https:\/\/dorzeczy.pl\/religia\/626670\/kosciolow-nie-wolno-ruszac-papiez-franciszek-o-decyzji-ukrainy.html\">&#8222;Ko\u015bcio\u0142\u00f3w nie&nbsp;wolno rusza\u0107&#8221;<\/a><\/p>\n\n\n\n<p>25.08.2024 10.09 &#8222;<a href=\"https:\/\/dorzeczy.pl\/opinie\/624867\/zelenski-likwiduje-cerkiew-podlegla-moskwie-co-z-wolnoscia-wyznania.html\">w&nbsp;konsekwencji akceptujemy sytuacj\u0119<\/a>, w&nbsp;kt\u00f3rej inne w\u0142adze innego pa\u0144stwa b\u0119d\u0105 mog\u0142y og\u0142osi\u0107, \u017ce&nbsp;nale\u017cy wyeliminowa\u0107 inn\u0105 wsp\u00f3lnot\u0119 religijn\u0105 (np. Ko\u015bci\u00f3\u0142 katolicki) ze&nbsp;wzgl\u0119du na&nbsp;jej oficjalne nauczanie moralne&#8221;<\/p>\n\n\n\n<p>06.07.2024 16.05 &#8222;<a href=\"https:\/\/dorzeczy.pl\/religia\/608010\/papiez-demokratyczny-sceptycyzm-to-powazna-choroba.html\">Demokratyczny sceptycyzm<\/a>&#8222;<\/p>\n\n\n\n<p>05.2024 19.39 &nbsp;<a href=\"https:\/\/dorzeczy.pl\/swiat\/606384\/media-odrzucajac-wladze-papieza-abp-vigano-sam-sie-ekskomunikuje.html\">\u201eNie uznaj\u0119 w\u0142adzy ani trybuna\u0142u, kt\u00f3ry twierdzi, \u017ce&nbsp;mnie s\u0105dzi, ani jego prefekta, ani tego, kto go&nbsp;mianowa\u0142\u201d<\/a> &#8211; <a href=\"https:\/\/dorzeczy.pl\/swiat\/606384\/media-odrzucajac-wladze-papieza-abp-vigano-sam-sie-ekskomunikuje.html\">m\u00f3wi\u0142 abp. Carlo Maria Vigan\u00f2<\/a><\/p>\n\n\n\n<p>05.2024 19.36 &#8222;<a href=\"https:\/\/dorzeczy.pl\/opinie\/604146\/chmielewski-czolowy-wrog-mszy-trydenckiej-znowu-szaleje-co-szykuja-ludzie-franciszka.html\">papieska niech\u0119\u0107 do&nbsp;tradycyjnej liturgii<\/a>&#8222;<strong>?<\/strong> Tradycyjna Msza \u0142aci\u0144ska. <\/p>\n\n\n\n<p><strong>Preferencja dla&nbsp;staro\u017cytnego rytu.<\/strong> <\/p>\n\n\n\n<p><strong>Ojciec \u015awi\u0119ty nie lubi \u0142aciny?<\/strong><\/p>\n\n\n\n<p>05.2024 19.28 &#8222;Zach\u0119ci\u0142 r\u00f3wnie\u017c katolik\u00f3w, by&nbsp;&#8222;pozostali wierni Chrystusowi i&nbsp;Jego Ko\u015bcio\u0142owi&#8221;, a&nbsp;tak\u017ce by&nbsp;nie godzili si\u0119 na&nbsp;wszystko, co&nbsp;&#8222;nie jest prawd\u0105 wobec Chrystusa i&nbsp;Jego Ko\u015bcio\u0142a&#8221;- <a href=\"https:\/\/dorzeczy.pl\/religia\/605508\/bp-strickland-probuja-zabic-tradycje-kosciola-od-nich-pochodzi-schizma.html\">m\u00f3wi\u0142 Bp Strickland<\/a><\/p>\n\n\n\n<p>05.07.2024 19.25 &#8222;Rzeczywi\u015bcie, niekt\u00f3rzy widz\u0105 w&nbsp;starym rycie Mszy \u015awi\u0119tej wi\u0119ksze zagro\u017cenie dla&nbsp;jedno\u015bci Ko\u015bcio\u0142a ni\u017c&nbsp;reinterpretacja Wyznania Wiary, a&nbsp;nawet brak Mszy \u015awi\u0119tej. Interpretuj\u0105 preferencj\u0119 dla&nbsp;staro\u017cytnego rytu jako wyraz ja\u0142owego tradycjonalizmu&#8221; \u2013&nbsp;<a href=\"https:\/\/dorzeczy.pl\/religia\/606774\/kard-mueller-boja-sie-mszy-trydenckiej-wola-puste-koscioly.html\">m\u00f3wi\u0142 kard. Gerhard M\u00fcller, podczas homilii w&nbsp;Courtalain<\/a><\/p>\n\n\n\n<p>05.07.2024 19.21 &#8222;<a href=\"https:\/\/dorzeczy.pl\/opinie\/604872\/pawel-chmielewski-papiestwo-ogolocone-z-wladzy.html\">Idea zmian w&nbsp;prymacie papieskim nie&nbsp;pochodzi od&nbsp;Franciszka<\/a>. Jako pierwszy zacz\u0105\u0142 j\u0105 krzewi\u0107 i&nbsp;praktykowa\u0107 \u015bw. Pawe\u0142 VI. W&nbsp;1965&nbsp;r. papie\u017c Montini sprzeda\u0142 tiar\u0119 papiesk\u0105, symbolicznie zrywaj\u0105c z&nbsp;dotychczasow\u0105 teologi\u0105 papieskiej w\u0142adzy. W&nbsp;tym samym roku powo\u0142a\u0142 te\u017c now\u0105 instytucj\u0119 \u2013&nbsp;Synod Biskup\u00f3w \u2013&nbsp;kt\u00f3ra zosta\u0142a przewidziana jako organ doradczy nast\u0119pcy \u015bw. Piotra, maj\u0105cy zarazem wyra\u017ca\u0107 rozwijan\u0105 na&nbsp;Soborze Watyka\u0144skim II&nbsp;koncepcj\u0119 kolegialno\u015bci w\u0142adzy biskup\u00f3w&#8221;.<\/p>\n\n\n\n<p>29.06.2024 8.54 <a href=\"https:\/\/dorzeczy.pl\/kraj\/605025\/ks-pawel-pilsniak-nie-zyje-zginal-smiercia-tragiczna.html\">&#8222;Wspania\u0142y ksi\u0105dz, wspania\u0142y cz\u0142owiek&#8230; Niech spoczywa w&nbsp;pokoju&#8221;<\/a><\/p>\n\n\n\n<p>28.06.2024 13.32 &#8222;Handlarze narkotyk\u00f3w to&nbsp;handlarze \u015bmierci\u0105&#8221;\u2013 <a href=\"https:\/\/dorzeczy.pl\/religia\/604119\/mocne-slowa-papieza-franciszka-o-handlarzach-narkotykami.html\">powiedzia\u0142 Papie\u017c Franciszek na&nbsp;Placu \u015awi\u0119tego Piotra<\/a>.<\/p>\n\n\n\n<p>22.06.2024 14.14 <a href=\"https:\/\/dorzeczy.pl\/opinie\/599088\/chemielewski-ekumenizm-zamordowany.html\">&#8222;Koptowie, tak jak wielu innych chrze\u015bcijan na \u015bwiecie, uznali, \u017ce Ko\u015bci\u00f3\u0142 katolicki\u2026odszed\u0142 od Ewangelii<\/a>&#8222;<\/p>\n\n\n\n<p>W Europie mamy cywilizacj\u0119 \u0142aci\u0144sk\u0105. Ale \u0142acina nie jest wyk\u0142adana w szko\u0142ach. Europejczycy nie chc\u0105 si\u0119 uczy\u0107 \u0142aciny. \u0141acin\u0119 zast\u0105pi\u0142 angielski. Niejeden po\u0142ama\u0142 sobie j\u0119zyk, \u017ceby m\u00f3wi\u0107 z kluchami w ustach. Trzeba si\u0119 tam urodzi\u0107, \u017ceby m\u00f3wi\u0107 z akcentem. Ja im tego nie zazdroszcz\u0119, tego akcentu. Dlatego przynajmniej w szko\u0142ach humanistycznych trzeba obowi\u0105zkowo przywr\u00f3ci\u0107 \u0142acin\u0119. Wtedy wr\u00f3cimy do odprawiania <a href=\"https:\/\/www.mszatrydencka.pl\/\">Mszy \u015awi\u0119tej po \u0142acinie<\/a>. Odno\u015bnie niedawnej wypowiedzi <strong>Ojca \u015awi\u0119tego<\/strong>, kt\u00f3ra tak rozsierdzi\u0142a opini\u0119 na zachodzie. My mieszkamy na wschodzie, dlatego nas tak nie rozsierdzi\u0142a. My\u015bl\u0119, \u017ce <strong>Ojciec \u015awi\u0119ty<\/strong> wykonuje jaki\u015b plan wbrew sobie. Dlatego trzeba mie\u0107 \u015bwi\u0119t\u0105 cierpliwo\u015b\u0107.<\/p>\n\n\n\n<p>16.06.2024 17.38 <a href=\"https:\/\/wiadomosci.wp.pl\/tragedia-podczas-mszy-nie-zyje-ksiadz-7039143739529984a\">Zmar\u0142 proboszcz parafii pod wezwaniem \u015awi\u0119tych Kosmy i Damiana w M\u0119cinie Wielkiej ko\u0142o Gorlic<\/a><\/p>\n\n\n\n<p>30.05.2024 19.56 Jest cz\u0119\u015b\u0107 Europy, kt\u00f3ra chce za wszelk\u0105 cen\u0119 zapomnie\u0107 o swoich chrze\u015bcija\u0144skich korzeniach. Wiemy, do czego to prowadzi. (\u2026) Wiemy, \u017ce wsz\u0119dzie tam, gdzie nie ma Boga, tam ginie cz\u0142owiek, tam cz\u0142owiek nie ma przysz\u0142o\u015bci, tam jest tylko k\u0142amstwo i przemoc \u2013 <a href=\"https:\/\/www.msn.com\/pl-pl\/wiadomosci\/polska\/ostatnie-takie-bo%C5%BCe-cia%C5%82o-abp-j%C4%99draszewskiego-uderza-w-prezydenta-stolicy\/ar-BB1nkM0e?ocid=hpmsn&amp;cvid=93d783c93f8d4b84a0c4eea9520686fb&amp;ei=24\">powiedzia\u0142 metropolita krakowski abp Marek J\u0119draszewski<\/a>, oceniaj\u0105c, \u017ce obecne podzia\u0142y maj\u0105 znamiona wojny cywilizacyjnej.<\/p>\n\n\n\n<p>30.05.2024 17.39 &#8222;Jeste\u015bmy przekonani, \u017ce nie przekre\u015blaj\u0105 tej \u015bwiecko\u015bci pa\u0144stwa ani znaki religijne, ani krzy\u017ce. Nie chcemy powrotu do z\u0142ej przesz\u0142o\u015bci, tym bardziej \u017ce dzi\u015b nikomu w naszym podzielonym spo\u0142ecze\u0144stwie nie potrzeba nowych wojenek i podzia\u0142\u00f3w. S\u0105 o wiele powa\u017cniejsze problemy i wa\u017cniejsze sprawy&#8221; &#8211; <a href=\"https:\/\/www.msn.com\/pl-pl\/wiadomosci\/polska\/kard-nycz-zabra%C5%82-g%C5%82os-ws-krzy%C5%BCy-i-%C5%9Bwiecko%C5%9Bci-pa%C5%84stwa-jeste%C5%9Bmy-przekonani\/ar-BB1nkczI?ocid=winp1taskbar&amp;cvid=2320c1ebabaa4f52eea6f302c7dffbd2&amp;ei=30\">oceni\u0142 Kardyna\u0142 Nycz<\/a><\/p>\n\n\n\n<p>18.05.2024 6.42 <a href=\"https:\/\/dorzeczy.pl\/opinie\/587889\/spor-o-krzyz-czarnek-to-co-mowi-holownia-jest-kunktatorstwem.html\">&#8222;Na tradycjach chrze\u015bcija\u0144skich przez wieki zosta\u0142a zbudowana kultura spo\u0142ecze\u0144stwa i pa\u0144stwo&#8221;<\/a><\/p>\n\n\n\n<p>06.05.2024 15.50 <a href=\"https:\/\/dorzeczy.pl\/religia\/582438\/lisicki-w-dignitas-infinita-jedynym-kryterium-oceny-czlowieka-jest-altruizm.html\">\u201eDignitas infinita\u201d (\u201eNiesko\u0144czona godno\u015b\u0107) jest negacja zwi\u0105zku mi\u0119dzy wiar\u0105 a zbawieniem.<\/a> &#8222;\u015aw. Pawe\u0142 uczy\u0142 czego\u015b innego&#8221;<\/p>\n\n\n\n<p>10.04.2024 12.57 <strong><a href=\"https:\/\/www.vatican.va\/roman_curia\/congregations\/cfaith\/documents\/rc_ddf_doc_20240402_dignitas-infinita_pl.html\">DEKLARACJA &#8222;DIGNITAS INFINITA&#8221;<br>W SPRAWIE GODNO\u015aCI CZ\u0141OWIEKA<\/a><\/strong><\/p>\n\n\n\n<p>9.04.2024 16.17 <a href=\"https:\/\/dorzeczy.pl\/opinie\/572376\/ks-prof-bortkiewicz-film-o-grobie-rybaka-dotyka-fundamentu-kosciola.html\"><strong>&#8222;Gr\u00f3b Rybaka&#8221;<\/strong><\/a> &#8211; <a href=\"https:\/\/zrzutka.pl\/m8c5v5\">wesprzyj film o grobie \u015bw. Piotra!<\/a><\/p>\n\n\n\n<p>29.03.2024 <a href=\"https:\/\/dorzeczy.pl\/kraj\/568323\/abp-jedraszewski-w-kalwarii-zebrzydowskiej-kochajcie-kazde-zycie.html\">&#8222;Niech Polska b\u0119dzie ziemi\u0105, kt\u00f3ra chroni \u017cycie w ka\u017cdym momencie&#8221;<\/a><\/p>\n\n\n\n<p>S\u0142ynne powiedzenie Fiodora Dostojewskiego: &#8222;Je\u015bli Boga nie ma, to wszystko jest dozwolone&#8221;, znalaz\u0142o swoje tragiczne potwierdzenie. Do tego mo\u017cemy doda\u0107 jeszcze jedno stwierdzenie: je\u015bli Boga nie ma, to wszystko, nawet najwi\u0119ksze i najbardziej odra\u017caj\u0105ce z\u0142o, da si\u0119 uzasadni\u0107 i usprawiedliwi\u0107. Odnosi si\u0119 to tak\u017ce do los\u00f3w poszczeg\u00f3lnych ludzi &#8211; zw\u0142aszcza tych najbardziej bezbronnych i niewinnych: do los\u00f3w dzieci pocz\u0119tych, znajduj\u0105cych si\u0119 jeszcze w \u0142onach ich matek \u2013 <a href=\"https:\/\/www.msn.com\/pl-pl\/wiadomosci\/polska\/oburzaj%C4%85ce-kazanie-j%C4%99draszewskiego-w-wielki-pi%C4%85tek-krzycz%C4%85-zabij-to-dziecko\/ar-BB1kJYuk?ocid=hpmsn&amp;cvid=83b2ad800c4243cb8f7ac9c653a07f57&amp;ei=27\">m\u00f3wi\u0142<\/a>.<\/p>\n\n\n\n<p>24.03.2024 <a href=\"https:\/\/dorzeczy.pl\/religia\/565725\/niedziela-palmowa-i-poszukiwanie-sacrum.html\">Niedziela Palmowa<\/a><\/p>\n\n\n\n<p><a href=\"https:\/\/dorzeczy.pl\/religia\/565719\/narodowy-marsz-zycia-abp-gadecki-nie-mozemy-stac-z-boku.html\">Narodowy Marsz \u017bycia przejdzie pod has\u0142em &#8222;Niech \u017cyje Polska&#8221;<\/a><\/p>\n\n\n\n<p><a href=\"https:\/\/wpolityce.pl\/kosciol\/680569-kard-nycz-o-aborcji-nie-mozemy-godzic-sie\">OFIAROWANIE PA\u0143SKIE<\/a><\/p>\n\n\n\n<p>&#8222;<strong>musimy w&nbsp;tym punkcie by\u0107&nbsp;zacofani<\/strong>&#8222;<\/p>\n\n\n\n<p><a href=\"https:\/\/dorzeczy.pl\/religia\/534228\/doradca-papieza-doradza-rowniez-rzadowi-meloni.html\">Dziedzina etyki i zagadnie\u0144 spo\u0142ecznych.<\/a><\/p>\n\n\n\n<p><a href=\"https:\/\/www.jozeftorun.pl\/pl\/strona-glowna\/ruchoma-szopka\">Parafia \u015bw. J\u00f3zefa<\/a><\/p>\n\n\n\n<p><strong>Dariusz Goworek<\/strong><img decoding=\"async\" src=\"https:\/\/dorzeczy.pl\/_i\/flags\/pl.png\" alt=\"\"> dzisiaj 12:36<\/p>\n\n\n\n<p><a href=\"https:\/\/blog.osoz.pl\/profesor-benanti-kazdy-w-cos-wierzy-niektorzy-w-ai\/\">&#8222;Profesor Benanti: Ka\u017cdy w&nbsp;co\u015b wierzy, niekt\u00f3rzy w&nbsp;AI: \u0179r\u00f3d\u0142o: E-zdrowie<\/a><br>Nie wiedzia\u0142em, \u017ce&nbsp;to&nbsp;e-ko\u015bci\u00f3\u0142 stoi za&nbsp;e-trans humanizmem. My\u015bla\u0142em, \u017ce&nbsp;to&nbsp;e-ONZ i&nbsp;e-WHO. Trzeba zakaza\u0107 tych do\u015bwiadcze\u0144 na&nbsp;ludziach. Nie&nbsp;mo\u017cna e-ingerowa\u0107. Gdzie tu <a href=\"https:\/\/dorzeczy.pl\/swiat\/525402\/papiez-zabral-glos-ws-sztucznej-inteligencji.html\">e-etyka<\/a>, e-dbanie o&nbsp;e-zdrowie. Dlatego namawianie do&nbsp;e-szprycy. e-Koniec.<\/p>\n\n\n\n<p><strong>Dariusz Goworek<\/strong><img decoding=\"async\" src=\"https:\/\/dorzeczy.pl\/_i\/flags\/pl.png\" alt=\"\"> dzisiaj 09:11<\/p>\n\n\n\n<p>Jak to&nbsp;naprawi\u0107.<\/p>\n\n\n\n<p><a href=\"https:\/\/dorzeczy.pl\/opinie\/503658\/abp-szewczuk-zwrocil-sie-do-polakow-nie-zapominajcie-o-ukrainie.html\">To jest napisane w konstytucji z 3 maja z 1791 roku.<\/a><\/p>\n\n\n\n<figure class=\"wp-block-image size-large\"><img loading=\"lazy\" decoding=\"async\" width=\"1024\" height=\"576\" src=\"https:\/\/topol.org.pl\/wp-content\/uploads\/2023\/12\/Kosciol-na-Ukrainie-dziekuje-Polsce-za-otrzymana-pomoc-1024x576.jpg\" alt=\"\" class=\"wp-image-1096\" srcset=\"https:\/\/topol.org.pl\/wp-content\/uploads\/2023\/12\/Kosciol-na-Ukrainie-dziekuje-Polsce-za-otrzymana-pomoc-1024x576.jpg 1024w, https:\/\/topol.org.pl\/wp-content\/uploads\/2023\/12\/Kosciol-na-Ukrainie-dziekuje-Polsce-za-otrzymana-pomoc-300x169.jpg 300w, https:\/\/topol.org.pl\/wp-content\/uploads\/2023\/12\/Kosciol-na-Ukrainie-dziekuje-Polsce-za-otrzymana-pomoc-768x432.jpg 768w, https:\/\/topol.org.pl\/wp-content\/uploads\/2023\/12\/Kosciol-na-Ukrainie-dziekuje-Polsce-za-otrzymana-pomoc-1536x864.jpg 1536w, https:\/\/topol.org.pl\/wp-content\/uploads\/2023\/12\/Kosciol-na-Ukrainie-dziekuje-Polsce-za-otrzymana-pomoc.jpg 1920w\" sizes=\"auto, (max-width: 1024px) 100vw, 1024px\" \/><\/figure>\n\n\n\n<p><a href=\"https:\/\/dorzeczy.pl\/religia\/487911\/plomien-wolnosci-ze-swiatyni-opatrznosci-bozej-zjednoczy-wszystkich-polakow.html\">P\u0142omie\u0144 wolno\u015bci ze&nbsp;\u015awi\u0105tyni Opatrzno\u015bci Bo\u017cej zjednoczy wszystkich Polak\u00f3w<\/a><\/p>\n\n\n\n<p><a href=\"https:\/\/parafiaopatrznoscibozej.pl\/2023\/10\/16\/zapal-swiece-niepodleglosci-2\/\">Zapal \u015awiec\u0119 Niepodleg\u0142o\u015bci!<\/a><\/p>\n\n\n\n<p><a href=\"https:\/\/dorzeczy.pl\/religia\/372601\/prawo-kanoniczne-czym-sie-zajmuje-i-kogo-obowiazuje.html\">Prawo kanoniczne. Czym si\u0119 zajmuje i kogo obowi\u0105zuje<\/a><\/p>\n\n\n\n<h6 class=\"wp-block-heading\"><a href=\"https:\/\/dorzeczy.pl\/religia\/484728\/na-kogo-powinien-glosowac-katolik-jest-instrukcja-kep.html\">Episkopat publikuje wyborcze vademecum katolika. Sprzeciw wobec aborcji i eutanazji<\/a><\/h6>\n\n\n\n<h6 class=\"wp-block-heading\"><a href=\"https:\/\/dorzeczy.pl\/opinie\/498585\/ks-prof-bortkiewicz-zadawajmy-pytanie-o-sens-zycia.html\">Ks. prof. Bortkiewicz Zadawajmy pytanie o sens \u017cycia<\/a><\/h6>\n\n\n\n<h6 class=\"wp-block-heading\">Je\u015bli wybory z 12.11.2023 nie b\u0119d\u0105 zadowalaj\u0105ce to zorganizujemy nast\u0119pne wybory za tydzie\u0144 a\u017c do skutku&#8230;<\/h6>\n\n\n\n<p><a href=\"https:\/\/historia.dorzeczy.pl\/historia-wspolczesna\/472485\/swieci-oddawali-zycie-za-wiare-my-oddajemy-wiare-za-wygodne-zycie.html\">\u015awi\u0119ci oddawali \u017cycie za wiar\u0119. My oddajemy wiar\u0119 za wygodne \u017cycie<\/a><\/p>\n\n\n\n<figure class=\"wp-block-image size-large\"><img loading=\"lazy\" decoding=\"async\" width=\"1024\" height=\"576\" src=\"https:\/\/topol.org.pl\/wp-content\/uploads\/2023\/11\/Swieci-oddawali-zycie-za-wiare.-My-oddajemy-wiare-za-wygodne-zycie-1024x576.jpg\" alt=\"\" class=\"wp-image-728\" srcset=\"https:\/\/topol.org.pl\/wp-content\/uploads\/2023\/11\/Swieci-oddawali-zycie-za-wiare.-My-oddajemy-wiare-za-wygodne-zycie-1024x576.jpg 1024w, https:\/\/topol.org.pl\/wp-content\/uploads\/2023\/11\/Swieci-oddawali-zycie-za-wiare.-My-oddajemy-wiare-za-wygodne-zycie-300x169.jpg 300w, https:\/\/topol.org.pl\/wp-content\/uploads\/2023\/11\/Swieci-oddawali-zycie-za-wiare.-My-oddajemy-wiare-za-wygodne-zycie-768x432.jpg 768w, https:\/\/topol.org.pl\/wp-content\/uploads\/2023\/11\/Swieci-oddawali-zycie-za-wiare.-My-oddajemy-wiare-za-wygodne-zycie-1536x864.jpg 1536w, https:\/\/topol.org.pl\/wp-content\/uploads\/2023\/11\/Swieci-oddawali-zycie-za-wiare.-My-oddajemy-wiare-za-wygodne-zycie.jpg 1920w\" sizes=\"auto, (max-width: 1024px) 100vw, 1024px\" \/><\/figure>\n\n\n\n<p><a href=\"https:\/\/pl.wikipedia.org\/wiki\/Pius_X\">Pius X Pontyfikat<\/a><\/p>\n\n\n\n<p>Udzieli\u0142 b\u0142ogos\u0142awie\u0144stwa Urbi et Orbi w bazylice \u015bw. Piotra i przyj\u0105\u0142 has\u0142o swojego pontyfikatu Wszystko odnowi\u0107 w Chrystusie. Tak jak Pius IX, uzna\u0142 si\u0119 za wi\u0119\u017ania Watykanu, lecz skupi\u0142 si\u0119 przede wszystkim na kwestiach religijnych.<\/p>\n\n\n\n<p>By\u0142 zdecydowanym przeciwnikiem modernizmu, daj\u0105c temu wyraz w dekrecie Lamentabili, encyklice Pascendi Dominici Gregis (oba z 1907) oraz w motu proprio Sacrorum antistitum (1910), gdzie ostro pot\u0119pi\u0142 idea\u0142y modernistyczne, okre\u015blaj\u0105c je jako \u201esynteza wszystkich herezji\u201d. Od 1 wrze\u015bnia 1910 wszyscy kandydaci na duchownych musieli sk\u0142ada\u0107 przysi\u0119g\u0119 antymodernistyczn\u0105. Generalnie popiera\u0142 dzia\u0142alno\u015b\u0107 ruch\u00f3w katolickich, ale zawiesi\u0142 dzia\u0142alno\u015b\u0107 w\u0142oskiego Opera di Congressi i francuskiego Le Sillon Marca Sangiera, za anga\u017cowanie si\u0119 w polityk\u0119 i pr\u00f3b\u0119 po\u0142\u0105czenia katolicyzmu z idea\u0142ami lewicowymi.<\/p>\n\n\n\n<p>W dziedzinie wewn\u0119trznej podj\u0105\u0142 kroki maj\u0105ce zreformowa\u0107 Kuri\u0119 Rzymsk\u0105. Przede wszystkim zmniejszy\u0142 liczb\u0119 kongregacji i wyznaczy\u0142 im nowe zadania. 29 lipca 1908 wyda\u0142 konstytucj\u0119 Sapienti Consilio, w kt\u00f3rej zlikwidowa\u0142 stare urz\u0119dy i scentralizowa\u0142 administracj\u0119. Nadto powo\u0142a\u0142 komisj\u0119 kodyfikacyjn\u0105 prawa kanonicznego. Efekty pracy tej komisji, w postaci Kodeksu prawa kanonicznego, og\u0142osi\u0142 jednak dopiero jego nast\u0119pca Benedykt XV w 1917. W 1909 stworzy\u0142 oficjalne pismo Acta Apostolicae Sedis, w kt\u00f3rym ukazywa\u0142y si\u0119 wszystkie kolejne dokumenty papieskie. Papie\u017c dopuszcza\u0142 u\u0142atwienia Eucharystii chorym oraz tzw. wczesn\u0105 komuni\u0119 (dzieci w \u201emniej wi\u0119cej si\u00f3dmym roku \u017cycia\u201d). Mo\u017cliwo\u015b\u0107 tak\u0105 dopu\u015bci\u0142 Pius X w dekrecie Quam singulari z 1910 o Komunii \u015bwi\u0119tej dzieci. Ponadto zreformowa\u0142 \u015bpiewy gregoria\u0144skie (1903) i brewiarz (1911). Przywr\u00f3ci\u0142 tak\u017ce obowi\u0105zek biskup\u00f3w wizytowania Rzymu i zreorganizowa\u0142 Rot\u0119 Rzymsk\u0105. Zach\u0119ca\u0142 do badania Pisma \u015bw. zak\u0142adaj\u0105c w Rzymie Papieski Instytut Biblijny. Pius X by\u0142 prekursorem Akcji Katolickiej.<\/p>\n\n\n\n<p>W sprawach konfliktu z rz\u0105dem w\u0142oskim, papie\u017c stwierdzi\u0142, \u017ce polityka Leona XIII nie sprawdzi\u0142a si\u0119. Usi\u0142owa\u0142 jednak d\u0105\u017cy\u0107 do kompromisu w tej sprawie i rozlu\u017anienia napi\u0119tych relacji, przez co z\u0142agodzi\u0142 nieco zakaz udzia\u0142u katolik\u00f3w w wyborach. Dzia\u0142ania Piusa i sekretarza stanu Rafaela del Vala doprowadzi\u0142y do zerwania stosunk\u00f3w dyplomatycznych z Francj\u0105, 30 lipca 1904. Tamtejszy premier \u00c9mile Combes rozwi\u0105za\u0142 konkordat z 1801, rozda\u0142 posiad\u0142o\u015bci ko\u015bcielne instytucjom \u015bwieckim i w 1905 wprowadzi\u0142 Rozdzia\u0142 Ko\u015bcio\u0142a od pa\u0144stwa. Podobne ustalenie przeprowadzono w 1911 w Portugalii, natomiast Pius stanowczo zaprotestowa\u0142 przeciwko obu zarz\u0105dzeniom i zabroni\u0142 duchownym jakiegokolwiek porozumienia z w\u0142adzami.<\/p>\n\n\n\n<p>Jednak we wszystkich swoich dzia\u0142aniach czu\u0142 si\u0119 w pewnym sensie osamotniony. Nie znajdowa\u0142 odpowiedniego wsparcia w realizacji swoich cel\u00f3w, zwi\u0105zanych z pontyfikatem. Sam Pius X uj\u0105\u0142 to s\u0142owami: De gentibus non est vir mecum (Nie ma nikogo, kto by mnie wspiera\u0142).<\/p>\n\n\n\n<p>Kreowa\u0142 50 kardyna\u0142\u00f3w na siedmiu konsystorzach. Jest patronem Bractwa Kap\u0142a\u0144skiego \u015awi\u0119tego Piusa X \u2013 skupiaj\u0105cego duchownych podzielaj\u0105cych jego pogl\u0105dy oraz b\u0119d\u0105cych przeciwnikami zmian posoborowych. By\u0142 tercjarzem franciszka\u0144skim oraz wielkim mistrzem Zakonu Rycerskiego Grobu Bo\u017cego w Jerozolimie.<br>Choroba i \u015bmier\u0107<\/p>\n\n\n\n<p>W 1913 Pius X dozna\u0142 <a href=\"https:\/\/pl.wikipedia.org\/wiki\/Zawa%C5%82_mi%C4%99%C5%9Bnia_sercowego\">zawa\u0142u serca<\/a>. W 1914 zachorowa\u0142 i ju\u017c nigdy z choroby nie wyszed\u0142, a wydarzenia, kt\u00f3re doprowadzi\u0142y do <a href=\"https:\/\/pl.wikipedia.org\/wiki\/I_wojna_%C5%9Bwiatowa\">I wojny \u015bwiatowej<\/a> tylko pogorszy\u0142y jego stan. Pius X zmar\u0142 w Rzymie w nocy 20 sierpnia 1914 o godzinie 1:15. Jego ostatnie s\u0142owa by\u0142y skierowane do wiernego wsp\u00f3\u0142pracownika, Rafaela del Vala: <em>Poddaj\u0119 si\u0119 ca\u0142kowicie<\/em>. <a href=\"https:\/\/pl.wikipedia.org\/wiki\/Pius_X\">\u0179r\u00f3d\u0142o: Wikipedia<\/a><br><a href=\"https:\/\/pl.wikipedia.org\/wiki\/Bazylika_%C5%9Bw._Piotra_na_Watykanie\">Gr\u00f3b Papie\u017ca Piusa X w bazylice watyka\u0144skiej<\/a><br><a href=\"https:\/\/pl.wikipedia.org\/wiki\/Przysi%C4%99ga_antymodernistyczna\">Przysi\u0119ga antymodernistyczna<\/a><br><a href=\"https:\/\/www.piusx.org.pl\/liturgia\/ordo-missae\">Tekst Mszy \u015bw. na podstawie Msza\u0142u Rzymskiego<\/a><br><a href=\"https:\/\/pl.wikipedia.org\/wiki\/Modernizm_katolicki\">Modernizm katolicki<\/a><br><a href=\"https:\/\/pl.wikipedia.org\/wiki\/Herbert_Spencer\">Herbert Spencer<\/a><br><a href=\"https:\/\/pl.wikipedia.org\/wiki\/Pozytywizm\">Pozytywizm<\/a><br>&#8222;Wszystko to sprawi\u0142o, \u017ce m\u0142odopolscy arty\u015bci nie <a href=\"https:\/\/pl.wikipedia.org\/wiki\/Wolnomularstwo\">ufali<\/a> \u2013 w przeciwie\u0144stwie do pokolenia swych ojc\u00f3w spod znaku pozytywizmu \u2013 staremu porz\u0105dkowi \u015bwiata&#8221;<\/p>\n\n\n\n<p>Synod o Synodialno\u015bci<\/p>\n\n\n\n<p><a href=\"https:\/\/pl.wikipedia.org\/wiki\/Wolnomularstwo\">Wolnomularstwo<\/a><\/p>\n\n\n\n<figure class=\"wp-block-image size-large\"><img loading=\"lazy\" decoding=\"async\" width=\"1024\" height=\"576\" src=\"https:\/\/topol.org.pl\/wp-content\/uploads\/2023\/11\/Swieci-oddawali-zycie-za-wiare.-My-oddajemy-wiare-za-wygodne-zycie-2-1024x576.jpg\" alt=\"\" class=\"wp-image-761\" srcset=\"https:\/\/topol.org.pl\/wp-content\/uploads\/2023\/11\/Swieci-oddawali-zycie-za-wiare.-My-oddajemy-wiare-za-wygodne-zycie-2-1024x576.jpg 1024w, https:\/\/topol.org.pl\/wp-content\/uploads\/2023\/11\/Swieci-oddawali-zycie-za-wiare.-My-oddajemy-wiare-za-wygodne-zycie-2-300x169.jpg 300w, https:\/\/topol.org.pl\/wp-content\/uploads\/2023\/11\/Swieci-oddawali-zycie-za-wiare.-My-oddajemy-wiare-za-wygodne-zycie-2-768x432.jpg 768w, https:\/\/topol.org.pl\/wp-content\/uploads\/2023\/11\/Swieci-oddawali-zycie-za-wiare.-My-oddajemy-wiare-za-wygodne-zycie-2-1536x864.jpg 1536w, https:\/\/topol.org.pl\/wp-content\/uploads\/2023\/11\/Swieci-oddawali-zycie-za-wiare.-My-oddajemy-wiare-za-wygodne-zycie-2.jpg 1920w\" sizes=\"auto, (max-width: 1024px) 100vw, 1024px\" \/><\/figure>\n\n\n\n<p><a href=\"https:\/\/dorzeczy.pl\/swiat\/503478\/dykasteria-nauki-wiary-katolicy-nie-moga-wstepowac-do-masonerii.html\">Watykan Katolicy nie mog\u0105 wst\u0119powa\u0107 do masonerii<\/a><\/p>\n\n\n\n<p><a href=\"https:\/\/dorzeczy.pl\/swiat\/506097\/zaskakujaca-opinia-papieza-na-temat-niemieckiej-drogi-synodalnej.html\">Podzielam to zaniepokojenie.<\/a><\/p>\n\n\n\n<p>&#8222;Zamiast szuka\u0107 \u00abzbawienia\u00bb w coraz to nowych cia\u0142ach i omawia\u0107 w k\u00f3\u0142ko te same tematy w pewnym egocentryzmie, w moim \u00abLi\u015bcie do Pielgrzymuj\u0105cego Ludu Bo\u017cego w Niemczech\u00bb chcia\u0142em przypomnie\u0107 o potrzebie modlitwy, pokuty i adoracji oraz zaprosi\u0107 ludzi do otwarcia si\u0119 i wyj\u015bcia \u00abna spotkanie naszych braci, zw\u0142aszcza tych, kt\u00f3rych mo\u017cna spotka\u0107 na progach naszych ko\u015bcio\u0142\u00f3w, na ulicach, w wi\u0119zieniach, w szpitalach, na placach i w miastach\u00bb (no. 8).&#8221; \u2013 napisa\u0142 papie\u017c.<\/p>\n\n\n\n<p><a href=\"https:\/\/dorzeczy.pl\/swiat\/555000\/masoneria-jest-herezja-mocne-slowa-biskupa.html\">&#8222;Masoneria jest herezj\u0105&#8221;. Mocne s\u0142owa biskupa<\/a><\/p>\n\n\n\n<p>Verte &gt;<a href=\"https:\/\/topol.org.pl\/?page_id=6187\">Fundacja Narodowe Si\u0142y Samoobrony \u201eGrot\u201d<\/a><\/p>\n","protected":false},"excerpt":{"rendered":"<p>Opatrzno\u015bci Bo\u017cej 22.09.2024 07.58 U&nbsp;\u017ar\u00f3de\u0142 kryzysu Ko\u015bcio\u0142a. 18.09.2024 07.03 Pius IX \u2013&nbsp;ostatni papie\u017c-kr\u00f3l? Rozmowa z&nbsp;prof. Markiem Kornatem 17.09.2024 08.05 &#8222;zbawienie jest tylko w&nbsp;Jezusie Chrystusie&#8222; 26.08.2024 19.51 &#8222;Ko\u015bcio\u0142\u00f3w nie&nbsp;wolno rusza\u0107&#8221; 25.08.2024 10.09 &#8222;w&nbsp;konsekwencji akceptujemy sytuacj\u0119, w&nbsp;kt\u00f3rej inne w\u0142adze innego pa\u0144stwa b\u0119d\u0105 mog\u0142y og\u0142osi\u0107, \u017ce&nbsp;nale\u017cy wyeliminowa\u0107 inn\u0105 wsp\u00f3lnot\u0119 religijn\u0105 (np. Ko\u015bci\u00f3\u0142 katolicki) ze&nbsp;wzgl\u0119du na&nbsp;jej oficjalne nauczanie moralne&#8221; [&hellip;]<\/p>\n","protected":false},"author":1,"featured_media":0,"parent":0,"menu_order":36,"comment_status":"closed","ping_status":"closed","template":"","meta":{"footnotes":""},"class_list":["post-155","page","type-page","status-publish","hentry"],"_links":{"self":[{"href":"https:\/\/topol.org.pl\/index.php?rest_route=\/wp\/v2\/pages\/155","targetHints":{"allow":["GET"]}}],"collection":[{"href":"https:\/\/topol.org.pl\/index.php?rest_route=\/wp\/v2\/pages"}],"about":[{"href":"https:\/\/topol.org.pl\/index.php?rest_route=\/wp\/v2\/types\/page"}],"author":[{"embeddable":true,"href":"https:\/\/topol.org.pl\/index.php?rest_route=\/wp\/v2\/users\/1"}],"replies":[{"embeddable":true,"href":"https:\/\/topol.org.pl\/index.php?rest_route=%2Fwp%2Fv2%2Fcomments&post=155"}],"version-history":[{"count":89,"href":"https:\/\/topol.org.pl\/index.php?rest_route=\/wp\/v2\/pages\/155\/revisions"}],"predecessor-version":[{"id":8210,"href":"https:\/\/topol.org.pl\/index.php?rest_route=\/wp\/v2\/pages\/155\/revisions\/8210"}],"wp:attachment":[{"href":"https:\/\/topol.org.pl\/index.php?rest_route=%2Fwp%2Fv2%2Fmedia&parent=155"}],"curies":[{"name":"wp","href":"https:\/\/api.w.org\/{rel}","templated":true}]}}